{"id":695542,"date":"2025-08-27T14:29:29","date_gmt":"2025-08-27T11:29:29","guid":{"rendered":"https:\/\/roveyayinevi.com.tr\/index.php\/urun\/siyah-kan\/"},"modified":"2026-04-16T02:05:40","modified_gmt":"2026-04-15T23:05:40","slug":"siyah-kan","status":"publish","type":"product","link":"https:\/\/roveyayinevi.com.tr\/index.php\/urun\/siyah-kan\/","title":{"rendered":"Siyah Kan"},"content":{"rendered":"<p>G\u00fcneydo\u011fu Asya\u2019da, Yenge\u00e7 D\u00f6nencesi ile Ekvator \u00e7izgisi aras\u0131nda bir yerlerde bir yol vard\u0131r. Siyah kanla \u00e7izilmi\u015f bir yol. Korkunun ve \u00f6l\u00fcm\u00fcn hakim oldu\u011fu bir yol. Paris. \u0130lk temas. Kuala Lumpur. Hayat Yolu. U\u00e7u\u015fan ve \u00c7o\u011falan. Sonsuzlu\u011fun \u0130\u015faretleri. Kambo\u00e7ya. Bal ve Fresk. Tayland. Ar\u0131nma Odas\u0131. D\u00fcnyadan soyutlanm\u0131\u015f bu mekanda neler oldu\u011funu anlayacaks\u0131n\u0131z! Bangkok. Ger\u00e7e\u011fin Rengi ayn\u0131 zamanda Yalan\u0131n da Rengi\u2019dir! Ve Paris. Her \u015fey sona ermedi, yeni ba\u015fl\u0131yor. \u00c7ABUK SAKLAN, BABA GEL\u0130YOR!<\/p>\n","protected":false},"excerpt":{"rendered":"<p>G\u00fcneydo\u011fu Asya\u2019da, Yenge\u00e7 D\u00f6nencesi ile Ekvator \u00e7izgisi aras\u0131nda bir yerlerde bir yol vard\u0131r. Siyah kanla \u00e7izilmi\u015f bir yol. Korkunun ve \u00f6l\u00fcm\u00fcn hakim oldu\u011fu bir yol. Paris.<span class=\"excerpt-hellip\"> [\u2026]<\/span><\/p>\n","protected":false},"featured_media":0,"template":"","meta":{"_monsterinsights_skip_tracking":false,"_monsterinsights_sitenote_active":false,"_monsterinsights_sitenote_note":"","_monsterinsights_sitenote_category":0},"product_brand":[],"product_cat":[12803,12291],"product_tag":[],"class_list":{"0":"post-695542","1":"product","2":"type-product","3":"status-publish","5":"product_cat-aksiyon-macera","6":"product_cat-edebiyat","7":"pa_cilt-ciltsiz","8":"pa_tur-kitap","9":"pa_yayinevi-dogan-kitap","10":"pa_yazar-jean-christophe-grange","12":"first","13":"instock","14":"sale","15":"shipping-taxable","16":"purchasable","17":"product-type-simple"},"_links":{"self":[{"href":"https:\/\/roveyayinevi.com.tr\/index.php\/wp-json\/wp\/v2\/product\/695542","targetHints":{"allow":["GET"]}}],"collection":[{"href":"https:\/\/roveyayinevi.com.tr\/index.php\/wp-json\/wp\/v2\/product"}],"about":[{"href":"https:\/\/roveyayinevi.com.tr\/index.php\/wp-json\/wp\/v2\/types\/product"}],"wp:attachment":[{"href":"https:\/\/roveyayinevi.com.tr\/index.php\/wp-json\/wp\/v2\/media?parent=695542"}],"wp:term":[{"taxonomy":"product_brand","embeddable":true,"href":"https:\/\/roveyayinevi.com.tr\/index.php\/wp-json\/wp\/v2\/product_brand?post=695542"},{"taxonomy":"product_cat","embeddable":true,"href":"https:\/\/roveyayinevi.com.tr\/index.php\/wp-json\/wp\/v2\/product_cat?post=695542"},{"taxonomy":"product_tag","embeddable":true,"href":"https:\/\/roveyayinevi.com.tr\/index.php\/wp-json\/wp\/v2\/product_tag?post=695542"}],"curies":[{"name":"wp","href":"https:\/\/api.w.org\/{rel}","templated":true}]}}