{"id":695540,"date":"2025-08-27T14:29:28","date_gmt":"2025-08-27T11:29:28","guid":{"rendered":"https:\/\/roveyayinevi.com.tr\/index.php\/urun\/sayarak-zayifla-5333\/"},"modified":"2026-04-16T02:05:40","modified_gmt":"2026-04-15T23:05:40","slug":"sayarak-zayifla-5333","status":"publish","type":"product","link":"https:\/\/roveyayinevi.com.tr\/index.php\/urun\/sayarak-zayifla-5333\/","title":{"rendered":"Sayarak Zay\u0131fla &#8211; 5333"},"content":{"rendered":"<p>Sa\u011fl\u0131kl\u0131 ve kal\u0131c\u0131 zay\u0131flaman\u0131n form\u00fcl\u00fc Fazla kilolar\u0131m\u0131z\u0131n hepsinden kurtulmak ve bir daha hi\u00e7 kilo almamak! Kula\u011fa \u00e7ok ho\u015f geliyor de\u011fil mi? Hem de s\u0131k\u0131c\u0131 bir rutine d\u00f6n\u00fc\u015fen diyet re\u00e7eteleri olmadan&#8230; \u0130ster baklava ister lahmacun yiyerek&#8230; G\u00fcnl\u00fck men\u00fclerinizi \u00f6zg\u00fcrce, kendiniz planlayarak&#8230; Yeni bir mucize diyet daha m\u0131 diyorsunuz belki. Demeyin! \u00c7\u00fcnk\u00fc Sayarak Zay\u0131fla &#8211; 5333 bir diyet y\u00f6ntemi de\u011fil asl\u0131nda. Kalori hesaplar\u0131 yok. Matematik var bu sistemde. Yapman\u0131z gereken, kilo-boy ve ya\u015f grubu parametrelerini kullanarak kitapta yer alan zay\u0131flama form\u00fcllerinden sizin i\u00e7in uygun olan\u0131 belirlemek. Ve yemek saatlerinizi keyifli bir oyuna d\u00f6n\u00fc\u015ft\u00fcrmek! Hepsi bu! \ufffcTan\u0131t\u0131m Metni<\/p>\n","protected":false},"excerpt":{"rendered":"<p>Sa\u011fl\u0131kl\u0131 ve kal\u0131c\u0131 zay\u0131flaman\u0131n form\u00fcl\u00fc Fazla kilolar\u0131m\u0131z\u0131n hepsinden kurtulmak ve bir daha hi\u00e7 kilo almamak! Kula\u011fa \u00e7ok ho\u015f geliyor de\u011fil mi? Hem de s\u0131k\u0131c\u0131 bir rutine<span class=\"excerpt-hellip\"> [\u2026]<\/span><\/p>\n","protected":false},"featured_media":0,"template":"","meta":{"_monsterinsights_skip_tracking":false,"_monsterinsights_sitenote_active":false,"_monsterinsights_sitenote_note":"","_monsterinsights_sitenote_category":0},"product_brand":[],"product_cat":[13402,13365],"product_tag":[],"class_list":{"0":"post-695540","1":"product","2":"type-product","3":"status-publish","5":"product_cat-beslenme-ve-diyet","6":"product_cat-saglik","7":"pa_cilt-ciltsiz","8":"pa_tur-kitap","9":"pa_yayinevi-dogan-kitap","10":"pa_yazar-ayca-kaya","12":"first","13":"instock","14":"sale","15":"shipping-taxable","16":"purchasable","17":"product-type-simple"},"_links":{"self":[{"href":"https:\/\/roveyayinevi.com.tr\/index.php\/wp-json\/wp\/v2\/product\/695540","targetHints":{"allow":["GET"]}}],"collection":[{"href":"https:\/\/roveyayinevi.com.tr\/index.php\/wp-json\/wp\/v2\/product"}],"about":[{"href":"https:\/\/roveyayinevi.com.tr\/index.php\/wp-json\/wp\/v2\/types\/product"}],"wp:attachment":[{"href":"https:\/\/roveyayinevi.com.tr\/index.php\/wp-json\/wp\/v2\/media?parent=695540"}],"wp:term":[{"taxonomy":"product_brand","embeddable":true,"href":"https:\/\/roveyayinevi.com.tr\/index.php\/wp-json\/wp\/v2\/product_brand?post=695540"},{"taxonomy":"product_cat","embeddable":true,"href":"https:\/\/roveyayinevi.com.tr\/index.php\/wp-json\/wp\/v2\/product_cat?post=695540"},{"taxonomy":"product_tag","embeddable":true,"href":"https:\/\/roveyayinevi.com.tr\/index.php\/wp-json\/wp\/v2\/product_tag?post=695540"}],"curies":[{"name":"wp","href":"https:\/\/api.w.org\/{rel}","templated":true}]}}