{"id":695539,"date":"2025-08-27T14:29:28","date_gmt":"2025-08-27T11:29:28","guid":{"rendered":"https:\/\/roveyayinevi.com.tr\/index.php\/urun\/dikkat-eksikligi-hiperaktivite-bozuklugu\/"},"modified":"2026-04-16T02:05:40","modified_gmt":"2026-04-15T23:05:40","slug":"dikkat-eksikligi-hiperaktivite-bozuklugu","status":"publish","type":"product","link":"https:\/\/roveyayinevi.com.tr\/index.php\/urun\/dikkat-eksikligi-hiperaktivite-bozuklugu\/","title":{"rendered":"Dikkat Eksikli\u011fi Hiperaktivite Bozuklu\u011fu"},"content":{"rendered":"<p>San\u0131r\u0131m bu kitab\u0131 okuyan herkesin yolu bir bi\u00e7imde dikkat eksikli\u011fi hiperaktivite bozuklu\u011fundan ge\u00e7iyordur. \u00c7ocu\u011funda dikkat eksikli\u011fi, hiperaktivite bozuklu\u011fu (DEHB) olan anne babalar, \u00f6\u011fretmenler, profosyoneller ve kendisi hiperaktif olanlar. Yolu herhangi bir nedenle dikkat eksikli\u011fi hiperaktiviteden ge\u00e7en okurlar i\u00e7in iyi bir haberimiz var: Dikkat eksikli\u011fi hiperaktivite \u00e7ok iyi bir bozukluktur. \ufffcTan\u0131t\u0131m Metni<\/p>\n","protected":false},"excerpt":{"rendered":"<p>San\u0131r\u0131m bu kitab\u0131 okuyan herkesin yolu bir bi\u00e7imde dikkat eksikli\u011fi hiperaktivite bozuklu\u011fundan ge\u00e7iyordur. \u00c7ocu\u011funda dikkat eksikli\u011fi, hiperaktivite bozuklu\u011fu (DEHB) olan anne babalar, \u00f6\u011fretmenler, profosyoneller ve kendisi<span class=\"excerpt-hellip\"> [\u2026]<\/span><\/p>\n","protected":false},"featured_media":0,"template":"","meta":{"_monsterinsights_skip_tracking":false,"_monsterinsights_sitenote_active":false,"_monsterinsights_sitenote_note":"","_monsterinsights_sitenote_category":0},"product_brand":[],"product_cat":[12358,12357],"product_tag":[],"class_list":{"0":"post-695539","1":"product","2":"type-product","3":"status-publish","5":"product_cat-genel-psikoloji","6":"product_cat-psikoloji","7":"pa_cilt-ciltsiz","8":"pa_tur-kitap","9":"pa_yayinevi-dogan-kitap","10":"pa_yazar-eyup-sabri-ercan","12":"first","13":"instock","14":"sale","15":"shipping-taxable","16":"purchasable","17":"product-type-simple"},"_links":{"self":[{"href":"https:\/\/roveyayinevi.com.tr\/index.php\/wp-json\/wp\/v2\/product\/695539","targetHints":{"allow":["GET"]}}],"collection":[{"href":"https:\/\/roveyayinevi.com.tr\/index.php\/wp-json\/wp\/v2\/product"}],"about":[{"href":"https:\/\/roveyayinevi.com.tr\/index.php\/wp-json\/wp\/v2\/types\/product"}],"wp:attachment":[{"href":"https:\/\/roveyayinevi.com.tr\/index.php\/wp-json\/wp\/v2\/media?parent=695539"}],"wp:term":[{"taxonomy":"product_brand","embeddable":true,"href":"https:\/\/roveyayinevi.com.tr\/index.php\/wp-json\/wp\/v2\/product_brand?post=695539"},{"taxonomy":"product_cat","embeddable":true,"href":"https:\/\/roveyayinevi.com.tr\/index.php\/wp-json\/wp\/v2\/product_cat?post=695539"},{"taxonomy":"product_tag","embeddable":true,"href":"https:\/\/roveyayinevi.com.tr\/index.php\/wp-json\/wp\/v2\/product_tag?post=695539"}],"curies":[{"name":"wp","href":"https:\/\/api.w.org\/{rel}","templated":true}]}}