{"id":695536,"date":"2025-08-27T14:29:27","date_gmt":"2025-08-27T11:29:27","guid":{"rendered":"https:\/\/roveyayinevi.com.tr\/index.php\/urun\/ruh-koleksiyoncusu\/"},"modified":"2026-04-16T02:05:40","modified_gmt":"2026-04-15T23:05:40","slug":"ruh-koleksiyoncusu","status":"publish","type":"product","link":"https:\/\/roveyayinevi.com.tr\/index.php\/urun\/ruh-koleksiyoncusu\/","title":{"rendered":"Ruh Koleksiyoncusu"},"content":{"rendered":"<p>Boston\u2019da bir m\u00fczenin bodrumunda iki bin ya\u015f\u0131nda oldu\u011fu san\u0131lan bir mumyan\u0131n ke\u015ffi kamuoyunda b\u00fcy\u00fck ilgi uyand\u0131r\u0131r. Ancak bilgisayarl\u0131 tomografi taramas\u0131, mumyan\u0131n baca\u011f\u0131nda iki bin y\u0131l \u00f6ncesine ait olamayacak bir cisim ortaya \u00e7\u0131kar\u0131r: Bir kur\u015fun.   Dedektif Jane Rizzoli ile adli t\u0131p uzman\u0131 Maura Isles\u2019\u0131n yollar\u0131 bir kez daha kesi\u015fiyor. Arkeoloji Katili\u2019ni yakalayamazlarsa vah\u015fi cinayetler son bulmayacak.    \u201cRuh Koleksiyoncusu ani virajlarla ustaca kurgulanm\u0131\u015f muhte\u015fem bir gerilim roman\u0131.\u201d The Globe and Mail   \u201cG\u00fcn\u00fcm\u00fcz gerilim edebiyat\u0131n\u0131n en yarat\u0131c\u0131 yazar\u0131ndan \u00e7arp\u0131c\u0131 bir deh\u015fet hik\u00e2yesi.\u201d  The Providence Journal   \u201cSa\u011flam kurgusu ve tam ayar\u0131ndaki bilimsel ayr\u0131nt\u0131lar\u0131yla Ruh Koleksiyoncusu Gerritsen\u2019in en iyi eserlerinden biri.\u201d Chicago Sun-Times <\/p>\n","protected":false},"excerpt":{"rendered":"<p>Boston\u2019da bir m\u00fczenin bodrumunda iki bin ya\u015f\u0131nda oldu\u011fu san\u0131lan bir mumyan\u0131n ke\u015ffi kamuoyunda b\u00fcy\u00fck ilgi uyand\u0131r\u0131r. Ancak bilgisayarl\u0131 tomografi taramas\u0131, mumyan\u0131n baca\u011f\u0131nda iki bin y\u0131l \u00f6ncesine<span class=\"excerpt-hellip\"> [\u2026]<\/span><\/p>\n","protected":false},"featured_media":0,"template":"","meta":{"_monsterinsights_skip_tracking":false,"_monsterinsights_sitenote_active":false,"_monsterinsights_sitenote_note":"","_monsterinsights_sitenote_category":0},"product_brand":[],"product_cat":[12803,12291],"product_tag":[],"class_list":{"0":"post-695536","1":"product","2":"type-product","3":"status-publish","5":"product_cat-aksiyon-macera","6":"product_cat-edebiyat","7":"pa_cilt-ciltsiz","8":"pa_tur-kitap","9":"pa_yayinevi-dogan-kitap","10":"pa_yazar-tess-gerritsen","12":"first","13":"instock","14":"sale","15":"shipping-taxable","16":"purchasable","17":"product-type-simple"},"_links":{"self":[{"href":"https:\/\/roveyayinevi.com.tr\/index.php\/wp-json\/wp\/v2\/product\/695536","targetHints":{"allow":["GET"]}}],"collection":[{"href":"https:\/\/roveyayinevi.com.tr\/index.php\/wp-json\/wp\/v2\/product"}],"about":[{"href":"https:\/\/roveyayinevi.com.tr\/index.php\/wp-json\/wp\/v2\/types\/product"}],"wp:attachment":[{"href":"https:\/\/roveyayinevi.com.tr\/index.php\/wp-json\/wp\/v2\/media?parent=695536"}],"wp:term":[{"taxonomy":"product_brand","embeddable":true,"href":"https:\/\/roveyayinevi.com.tr\/index.php\/wp-json\/wp\/v2\/product_brand?post=695536"},{"taxonomy":"product_cat","embeddable":true,"href":"https:\/\/roveyayinevi.com.tr\/index.php\/wp-json\/wp\/v2\/product_cat?post=695536"},{"taxonomy":"product_tag","embeddable":true,"href":"https:\/\/roveyayinevi.com.tr\/index.php\/wp-json\/wp\/v2\/product_tag?post=695536"}],"curies":[{"name":"wp","href":"https:\/\/api.w.org\/{rel}","templated":true}]}}