{"id":695535,"date":"2025-08-27T14:29:27","date_gmt":"2025-08-27T11:29:27","guid":{"rendered":"https:\/\/roveyayinevi.com.tr\/index.php\/urun\/prag-mezarligi\/"},"modified":"2026-04-16T02:05:40","modified_gmt":"2026-04-15T23:05:40","slug":"prag-mezarligi","status":"publish","type":"product","link":"https:\/\/roveyayinevi.com.tr\/index.php\/urun\/prag-mezarligi\/","title":{"rendered":"Prag Mezarl\u0131\u011f\u0131"},"content":{"rendered":"<p>19. y\u00fczy\u0131lda Paris: Kom\u00fcn G\u00fcnleri; han\u00e7er darbeleri; absent dumanlar\u0131 aras\u0131nda haz\u0131rlanan cinayetler; kanalizasyonda yatan cesetler; patlamalar; isyanlar; takma sakallar; sahte noterler; d\u00fczmece vasiyetler; satanist \u00f6rg\u00fctler; kara ayinler; cinsellikle pek fazla ilgilenmeyen, hastalar\u0131n\u0131n r\u00fcyalar\u0131na burnunu sokmamaya kararl\u0131 bir Doktor Fro\u00efde Torino, Palermo, Paris \u015fehirlerinde dola\u015fan histerik bir satanist; iki kez \u00f6len bir rahip; masonlara kar\u015f\u0131 entrikalar kuran Cizvitler; rahipleri kendi ba\u011f\u0131rsaklar\u0131yla bo\u011fan masonlar; \u00e7arp\u0131k bacakl\u0131 ra\u015fitik bir Garibaldi; bir sahte belgenin Siyon Bilgelerinin Protokollerine d\u00f6n\u00fc\u015fmesi&#8230; Umberto Eco, 2010 y\u0131l\u0131nda \u0130talya\u2019da yay\u0131mlan\u0131r yay\u0131mlanmaz \u00e7oksatarlar aras\u0131na giren roman\u0131 Prag Mezarl\u0131\u011f\u0131\u2019nda, \u00e7ok renkli, \u00e7ok katmanl\u0131, \u00e7ok ki\u015filikli bir d\u00fcnya sunuyor bize. Hitler\u2019in Yahudi soyk\u0131r\u0131m\u0131n\u0131n gerek\u00e7esini olu\u015fturdu\u011fu iddia edilen Siyon Bilgelerinin Protokolleri\u2019nin ortaya \u00e7\u0131k\u0131\u015f\u0131n\u0131 ele al\u0131yor bu eserde. D\u00f6nemin pop\u00fcler macera romanlar\u0131ndan gazete yaz\u0131lar\u0131na kadar \u00e7ok say\u0131da kayna\u011f\u0131n bir araya gelmesiyle olu\u015fan protokollerin tarih\u00e7esini, o d\u00f6nemin tefrika romanlar\u0131na uygun bir tarzda ve tabii ki her zamanki gibi engin tarih, edebiyat ve pop\u00fcler k\u00fclt\u00fcr bilgisini konu\u015fturarak romanla\u015ft\u0131r\u0131yor. \u00dcstelik d\u00f6nemin kaynaklar\u0131ndan se\u00e7ilmi\u015f uygun resimlerle. Okurlar\u0131 tam bir karnaval bekliyor! \ufffcTan\u0131t\u0131m Metni<\/p>\n","protected":false},"excerpt":{"rendered":"<p>19. y\u00fczy\u0131lda Paris: Kom\u00fcn G\u00fcnleri; han\u00e7er darbeleri; absent dumanlar\u0131 aras\u0131nda haz\u0131rlanan cinayetler; kanalizasyonda yatan cesetler; patlamalar; isyanlar; takma sakallar; sahte noterler; d\u00fczmece vasiyetler; satanist \u00f6rg\u00fctler; kara<span class=\"excerpt-hellip\"> [\u2026]<\/span><\/p>\n","protected":false},"featured_media":0,"template":"","meta":{"_monsterinsights_skip_tracking":false,"_monsterinsights_sitenote_active":false,"_monsterinsights_sitenote_note":"","_monsterinsights_sitenote_category":0},"product_brand":[],"product_cat":[12291,14218],"product_tag":[],"class_list":{"0":"post-695535","1":"product","2":"type-product","3":"status-publish","5":"product_cat-edebiyat","6":"product_cat-italyan-edebiyati","7":"pa_cilt-ciltsiz","8":"pa_tur-kitap","9":"pa_yayinevi-dogan-kitap","10":"pa_yazar-umberto-eco","12":"first","13":"instock","14":"sale","15":"shipping-taxable","16":"purchasable","17":"product-type-simple"},"_links":{"self":[{"href":"https:\/\/roveyayinevi.com.tr\/index.php\/wp-json\/wp\/v2\/product\/695535","targetHints":{"allow":["GET"]}}],"collection":[{"href":"https:\/\/roveyayinevi.com.tr\/index.php\/wp-json\/wp\/v2\/product"}],"about":[{"href":"https:\/\/roveyayinevi.com.tr\/index.php\/wp-json\/wp\/v2\/types\/product"}],"wp:attachment":[{"href":"https:\/\/roveyayinevi.com.tr\/index.php\/wp-json\/wp\/v2\/media?parent=695535"}],"wp:term":[{"taxonomy":"product_brand","embeddable":true,"href":"https:\/\/roveyayinevi.com.tr\/index.php\/wp-json\/wp\/v2\/product_brand?post=695535"},{"taxonomy":"product_cat","embeddable":true,"href":"https:\/\/roveyayinevi.com.tr\/index.php\/wp-json\/wp\/v2\/product_cat?post=695535"},{"taxonomy":"product_tag","embeddable":true,"href":"https:\/\/roveyayinevi.com.tr\/index.php\/wp-json\/wp\/v2\/product_tag?post=695535"}],"curies":[{"name":"wp","href":"https:\/\/api.w.org\/{rel}","templated":true}]}}