{"id":695534,"date":"2025-08-27T14:29:27","date_gmt":"2025-08-27T11:29:27","guid":{"rendered":"https:\/\/roveyayinevi.com.tr\/index.php\/urun\/baudolino\/"},"modified":"2026-04-16T02:05:40","modified_gmt":"2026-04-15T23:05:40","slug":"baudolino","status":"publish","type":"product","link":"https:\/\/roveyayinevi.com.tr\/index.php\/urun\/baudolino\/","title":{"rendered":"Baudolino"},"content":{"rendered":"<p>Umberto Eco bu roman\u0131nda bize, bir cinayet g\u00f6lgesinde \u015fekillenen tarihin d\u0131\u015f\u0131nda, hayata dair her \u015feyi anlat\u0131yor: mezhep kavgalar\u0131, \u015fiddeti, sava\u015flar\u0131, yok olma ve yeniden yarat\u0131lmay\u0131, yalanlar\u0131, kumpaslar\u0131, inanc\u0131, a\u015fk\u0131 ve tabi\u00ee tutkuyu.K\u0131sa s\u00fcrede imparatora dan\u0131\u015fman olan Baudolino, onunla \u00dc\u00e7\u00fcnc\u00fc Ha\u00e7l\u0131 Seferi\u2019ne kat\u0131l\u0131r. Latinlerin 1204 y\u0131l\u0131nda \u0130stanbul\u2019u yak\u0131p y\u0131kt\u0131\u011f\u0131, her yeri talan etti\u011fi d\u00f6neme ve \u0130mparator Friedrich\u2019in ku\u015fku uyand\u0131ran \u00f6l\u00fcm\u00fcne de tan\u0131kl\u0131k eden Baudolino, Bizansl\u0131 tarih\u00e7i Niketas\u2019la sohbetleri s\u0131ras\u0131nda her \u015feyi yeniden kurgular.&#8221;Baudolino&#8221;da tarih, yaln\u0131zca bir fon. Eco, bu roman\u0131nda bize, bir cinayet g\u00f6lgesinde \u015fekillenen tarihin d\u0131\u015f\u0131nda, hayata dair her \u015feyi anlat\u0131yor: mezhep kavgalar\u0131, \u015fiddeti, sava\u015flar\u0131, yok olma ve yeniden yarat\u0131lmay\u0131, yalanlar\u0131, kumpaslar\u0131, inanc\u0131, a\u015fk\u0131 ve tabi\u00ee tutkuyu.Yazar hakk\u0131nda:Umberto Eco (1932), bilim insan\u0131, yazar, edebiyat\u00e7\u0131, ele\u015ftirmen ve d\u00fc\u015f\u00fcn\u00fcr kimli\u011fiyle 20. y\u00fczy\u0131l\u0131n en \u00f6nemli d\u00fc\u015f\u00fcnce insanlar\u0131ndan biridir.D\u00fcnya kamuoyunun g\u00fcndemine 1980\u2019de \u00e7\u0131kan ilk roman\u0131 G\u00fcl\u00fcn Ad\u0131 ile giren Eco\u2019nun romanlar\u0131n\u0131n ve bilimsel kitaplar\u0131n\u0131n pek \u00e7o\u011fu T\u00fcrk\u00e7ede de yay\u0131mland\u0131. Baudolino (2003), Krali\u00e7e Loana\u2019n\u0131n Gizemli Alevi (2005) ve Prag Mezarl\u0131\u011f\u0131 (2011) adl\u0131 romanlar\u0131 ile G\u00fczelli\u011fin Tarihi (2006), \u00c7irkinli\u011fin Tarihi (2009), Yenge\u00e7 Ad\u0131mlar\u0131yla (2012) ve D\u00fc\u015fman Yaratmak (2014) adl\u0131 incelemeleri yay\u0131nlar\u0131m\u0131z aras\u0131nda \u00e7\u0131kt\u0131.<\/p>\n","protected":false},"excerpt":{"rendered":"<p>Umberto Eco bu roman\u0131nda bize, bir cinayet g\u00f6lgesinde \u015fekillenen tarihin d\u0131\u015f\u0131nda, hayata dair her \u015feyi anlat\u0131yor: mezhep kavgalar\u0131, \u015fiddeti, sava\u015flar\u0131, yok olma ve yeniden yarat\u0131lmay\u0131, yalanlar\u0131,<span class=\"excerpt-hellip\"> [\u2026]<\/span><\/p>\n","protected":false},"featured_media":0,"template":"","meta":{"_monsterinsights_skip_tracking":false,"_monsterinsights_sitenote_active":false,"_monsterinsights_sitenote_note":"","_monsterinsights_sitenote_category":0},"product_brand":[],"product_cat":[12291,14218],"product_tag":[],"class_list":{"0":"post-695534","1":"product","2":"type-product","3":"status-publish","5":"product_cat-edebiyat","6":"product_cat-italyan-edebiyati","7":"pa_cilt-ciltsiz","8":"pa_tur-kitap","9":"pa_yayinevi-dogan-kitap","10":"pa_yazar-umberto-eco","12":"first","13":"instock","14":"sale","15":"shipping-taxable","16":"purchasable","17":"product-type-simple"},"_links":{"self":[{"href":"https:\/\/roveyayinevi.com.tr\/index.php\/wp-json\/wp\/v2\/product\/695534","targetHints":{"allow":["GET"]}}],"collection":[{"href":"https:\/\/roveyayinevi.com.tr\/index.php\/wp-json\/wp\/v2\/product"}],"about":[{"href":"https:\/\/roveyayinevi.com.tr\/index.php\/wp-json\/wp\/v2\/types\/product"}],"wp:attachment":[{"href":"https:\/\/roveyayinevi.com.tr\/index.php\/wp-json\/wp\/v2\/media?parent=695534"}],"wp:term":[{"taxonomy":"product_brand","embeddable":true,"href":"https:\/\/roveyayinevi.com.tr\/index.php\/wp-json\/wp\/v2\/product_brand?post=695534"},{"taxonomy":"product_cat","embeddable":true,"href":"https:\/\/roveyayinevi.com.tr\/index.php\/wp-json\/wp\/v2\/product_cat?post=695534"},{"taxonomy":"product_tag","embeddable":true,"href":"https:\/\/roveyayinevi.com.tr\/index.php\/wp-json\/wp\/v2\/product_tag?post=695534"}],"curies":[{"name":"wp","href":"https:\/\/api.w.org\/{rel}","templated":true}]}}