{"id":695533,"date":"2025-08-27T14:29:27","date_gmt":"2025-08-27T11:29:27","guid":{"rendered":"https:\/\/roveyayinevi.com.tr\/index.php\/urun\/fransiz-sosyoloji-okuluna-gore-mantigin-mensei-problemi\/"},"modified":"2026-04-16T02:05:11","modified_gmt":"2026-04-15T23:05:11","slug":"fransiz-sosyoloji-okuluna-gore-mantigin-mensei-problemi","status":"publish","type":"product","link":"https:\/\/roveyayinevi.com.tr\/index.php\/urun\/fransiz-sosyoloji-okuluna-gore-mantigin-mensei-problemi\/","title":{"rendered":"Frans\u0131z Sosyoloji Okulu\u2019na G\u00f6re Mant\u0131\u011f\u0131n Men\u015fei Problemi"},"content":{"rendered":"<p>Frans\u0131z Sosyoloji Okulu\u2019nun kurucusu olarak Durkheim ve mensuplar\u0131 olarak da Halbwachs, Henri Hubert, Marcel Mauss, Marcel Granet ve Levy-Bruhl g\u00f6sterilir. Felsefi men\u015fei bak\u0131m\u0131ndan Auguste Comte\u2019a dayan\u0131rlar. Her ne kadar Levy-Bruhl, baz\u0131 ilkelerde, Durkheim\u2019a kar\u015f\u0131 ise de eserleri genel olarak bu okulun ana fikrine ba\u011fl\u0131d\u0131r. Bu sosyoloji cereyan\u0131 T\u00fcrk fikir hayat\u0131na da tesir etmi\u015f ve Ziya G\u00f6kalp taraf\u0131ndan temsil edilmi\u015ftir. <\/p>\n","protected":false},"excerpt":{"rendered":"<p>Frans\u0131z Sosyoloji Okulu\u2019nun kurucusu olarak Durkheim ve mensuplar\u0131 olarak da Halbwachs, Henri Hubert, Marcel Mauss, Marcel Granet ve Levy-Bruhl g\u00f6sterilir. Felsefi men\u015fei bak\u0131m\u0131ndan Auguste Comte\u2019a dayan\u0131rlar.<span class=\"excerpt-hellip\"> [\u2026]<\/span><\/p>\n","protected":false},"featured_media":0,"template":"","meta":{"_monsterinsights_skip_tracking":false,"_monsterinsights_sitenote_active":false,"_monsterinsights_sitenote_note":"","_monsterinsights_sitenote_category":0},"product_brand":[],"product_cat":[12835,12324],"product_tag":[],"class_list":{"0":"post-695533","1":"product","2":"type-product","3":"status-publish","5":"product_cat-genel-sosyoloji","6":"product_cat-sosyoloji","7":"pa_tur-kitap","8":"pa_yayinevi-divan-kitap","9":"pa_yazar-necati-oner","11":"first","12":"instock","13":"sale","14":"shipping-taxable","15":"purchasable","16":"product-type-simple"},"_links":{"self":[{"href":"https:\/\/roveyayinevi.com.tr\/index.php\/wp-json\/wp\/v2\/product\/695533","targetHints":{"allow":["GET"]}}],"collection":[{"href":"https:\/\/roveyayinevi.com.tr\/index.php\/wp-json\/wp\/v2\/product"}],"about":[{"href":"https:\/\/roveyayinevi.com.tr\/index.php\/wp-json\/wp\/v2\/types\/product"}],"wp:attachment":[{"href":"https:\/\/roveyayinevi.com.tr\/index.php\/wp-json\/wp\/v2\/media?parent=695533"}],"wp:term":[{"taxonomy":"product_brand","embeddable":true,"href":"https:\/\/roveyayinevi.com.tr\/index.php\/wp-json\/wp\/v2\/product_brand?post=695533"},{"taxonomy":"product_cat","embeddable":true,"href":"https:\/\/roveyayinevi.com.tr\/index.php\/wp-json\/wp\/v2\/product_cat?post=695533"},{"taxonomy":"product_tag","embeddable":true,"href":"https:\/\/roveyayinevi.com.tr\/index.php\/wp-json\/wp\/v2\/product_tag?post=695533"}],"curies":[{"name":"wp","href":"https:\/\/api.w.org\/{rel}","templated":true}]}}