{"id":695531,"date":"2025-08-27T14:29:26","date_gmt":"2025-08-27T11:29:26","guid":{"rendered":"https:\/\/roveyayinevi.com.tr\/index.php\/urun\/bilincli-bebek\/"},"modified":"2026-04-16T02:05:11","modified_gmt":"2026-04-15T23:05:11","slug":"bilincli-bebek","status":"publish","type":"product","link":"https:\/\/roveyayinevi.com.tr\/index.php\/urun\/bilincli-bebek\/","title":{"rendered":"Bilin\u00e7li Bebek"},"content":{"rendered":"<p>Bebekler neden a\u011flar? Neden s\u00fcrekli kucakta tutulmak isterler? Bebeklerin uyku saatlerindeki d\u00fczensizlikler nas\u0131l a\u015f\u0131labilir? Tuvalet e\u011fitimi vermenin en iyi y\u00f6ntemi nedir? \u0130lk y\u0131llar zek\u00e2 geli\u015fimi a\u00e7\u0131s\u0131ndan ne kadar \u00f6nemlidir? \u00c7ocuk yeti\u015ftirmede bir devrim niteli\u011fi ta\u015f\u0131yan Bilin\u00e7li Bebek, kendine g\u00fcvenen ve bilin\u00e7li bireyler yeti\u015ftirme yolculu\u011funun ilk 2,5 y\u0131l\u0131nda anne babalara \u00e7\u0131\u011f\u0131r a\u00e7\u0131c\u0131 \u00f6nerilerde bulunuyor. Do\u011fal ebeveynlik savunucular\u0131ndan olan Aletha J. Solter &#8220;\u00c7ocu\u011funuz her istedi\u011finde onu kuca\u011f\u0131n\u0131za alabilirsiniz. \u00c7\u00fcnk\u00fc onun sizin s\u0131cakl\u0131\u011f\u0131n\u0131za ihtiyac\u0131 var&#8221; diyerek bebeklerin kendini ifade etmekte kulland\u0131\u011f\u0131 \u00f6zel dili de\u015fifre ediyor. Solter ayr\u0131ca, anne babalara \u00e7ocuk yeti\u015ftirmede referans noktas\u0131 olarak al\u0131nacak bir tavsiyede bulunuyor: &#8220;Bebe\u011finiz d\u00fc\u015f\u00fcnme ve hissetme yetene\u011fine sahip \u2018tam\u2019 bir insand\u0131r, bunu unutmay\u0131n!&#8221;<\/p>\n","protected":false},"excerpt":{"rendered":"<p>Bebekler neden a\u011flar? Neden s\u00fcrekli kucakta tutulmak isterler? Bebeklerin uyku saatlerindeki d\u00fczensizlikler nas\u0131l a\u015f\u0131labilir? Tuvalet e\u011fitimi vermenin en iyi y\u00f6ntemi nedir? \u0130lk y\u0131llar zek\u00e2 geli\u015fimi a\u00e7\u0131s\u0131ndan<span class=\"excerpt-hellip\"> [\u2026]<\/span><\/p>\n","protected":false},"featured_media":0,"template":"","meta":{"_monsterinsights_skip_tracking":false,"_monsterinsights_sitenote_active":false,"_monsterinsights_sitenote_note":"","_monsterinsights_sitenote_category":0},"product_brand":[],"product_cat":[12831,12324],"product_tag":[],"class_list":{"0":"post-695531","1":"product","2":"type-product","3":"status-publish","5":"product_cat-aile-ve-cocuk","6":"product_cat-sosyoloji","7":"pa_cilt-ciltsiz","8":"pa_tur-kitap","9":"pa_yayinevi-dogan-kitap","10":"pa_yazar-aletha-j-solter","12":"first","13":"instock","14":"sale","15":"shipping-taxable","16":"purchasable","17":"product-type-simple"},"_links":{"self":[{"href":"https:\/\/roveyayinevi.com.tr\/index.php\/wp-json\/wp\/v2\/product\/695531","targetHints":{"allow":["GET"]}}],"collection":[{"href":"https:\/\/roveyayinevi.com.tr\/index.php\/wp-json\/wp\/v2\/product"}],"about":[{"href":"https:\/\/roveyayinevi.com.tr\/index.php\/wp-json\/wp\/v2\/types\/product"}],"wp:attachment":[{"href":"https:\/\/roveyayinevi.com.tr\/index.php\/wp-json\/wp\/v2\/media?parent=695531"}],"wp:term":[{"taxonomy":"product_brand","embeddable":true,"href":"https:\/\/roveyayinevi.com.tr\/index.php\/wp-json\/wp\/v2\/product_brand?post=695531"},{"taxonomy":"product_cat","embeddable":true,"href":"https:\/\/roveyayinevi.com.tr\/index.php\/wp-json\/wp\/v2\/product_cat?post=695531"},{"taxonomy":"product_tag","embeddable":true,"href":"https:\/\/roveyayinevi.com.tr\/index.php\/wp-json\/wp\/v2\/product_tag?post=695531"}],"curies":[{"name":"wp","href":"https:\/\/api.w.org\/{rel}","templated":true}]}}