{"id":695529,"date":"2025-08-27T14:29:26","date_gmt":"2025-08-27T11:29:26","guid":{"rendered":"https:\/\/roveyayinevi.com.tr\/index.php\/urun\/subliminal-isgal\/"},"modified":"2026-04-16T02:05:11","modified_gmt":"2026-04-15T23:05:11","slug":"subliminal-isgal","status":"publish","type":"product","link":"https:\/\/roveyayinevi.com.tr\/index.php\/urun\/subliminal-isgal\/","title":{"rendered":"Subliminal \u0130\u015fgal"},"content":{"rendered":"<p>\u0130nsanlar\u0131 kand\u0131rmak, kand\u0131r\u0131lm\u0131\u015f olduklar\u0131na ikna etmekten kolayd\u0131r\u2026 Mark Twain Kapitalizmin ge\u00e7ti\u011fimiz y\u00fczy\u0131l\u0131n ortalar\u0131nda ke\u015ffetti\u011fi ve ilk \u00f6rnekleri sinema filmlerinde \u201c25. Kare\u201d tekni\u011fiyle sinsice bilin\u00e7alt\u0131m\u0131za n\u00fcfuz eden subliminal mesaj fenomeni art\u0131k \u00e7a\u011f\u0131m\u0131zda her yan\u0131m\u0131z\u0131 ku\u015fatm\u0131\u015f durumda. Reklamlar, dizi filmler, afi\u015fler, akl\u0131n\u0131za gelebilecek b\u00fct\u00fcn arg\u00fcmanlarla alg\u0131 sistemimizi dumura u\u011fratan, korteksimizi devre d\u0131\u015f\u0131 b\u0131rakarak bize arzular\u0131m\u0131z\u0131 ihtiyac\u0131m\u0131zm\u0131\u015f gibi empoze eden, profesyonelce uygulad\u0131\u011f\u0131 arketiplerle bilincimizin etraf\u0131ndan bir y\u0131lan gibi s\u00fcz\u00fclerek ruhumuzu muhasara alt\u0131na alan bu ikna makinesinin t\u00fcm par\u00e7alar\u0131n\u0131 s\u00f6kerek onu de\u015fifre eden SUBLIMINAL \u0130\u015eGAL, Marx\u2019\u0131n, \u201cE\u011fer k\u00f6t\u00fcl\u00fck olmasayd\u0131 tarih de olmazd\u0131!\u201d s\u00f6z\u00fcne at\u0131fta bulunarak hepimizi ayd\u0131nlatmay\u0131 ama\u00e7l\u0131yor. Evet, her \u015fey m\u00fckemmel olsayd\u0131 ne tespit edilecek bir \u00e7arp\u0131kl\u0131k ne de tarihe d\u00fc\u015f\u00fclecek bir not olurdu. Ama ne yaz\u0131k ki bizler, \u00f6zellikle de \u00e7ocuklar\u0131m\u0131z b\u00fcy\u00fck bir sald\u0131r\u0131 alt\u0131nday\u0131z. E\u011fer bizi biz yapan b\u00fct\u00fcn de\u011ferleri alt\u00fcst eden, t\u00fcm zaaflar\u0131m\u0131z\u0131 s\u00f6m\u00fcren, bir t\u00fcrl\u00fc doymay\u0131p art\u0131k her \u015feyimizi talep eden sistemin bu son ve en b\u00fcy\u00fck dayatmas\u0131na direnmek istiyorsak, \u00f6nce onun y\u00f6ntemlerini \u00f6\u011frenmek, sonra da sava\u015fmak zorunday\u0131z&#8230; \ufffcTan\u0131t\u0131m Metni<\/p>\n","protected":false},"excerpt":{"rendered":"<p>\u0130nsanlar\u0131 kand\u0131rmak, kand\u0131r\u0131lm\u0131\u015f olduklar\u0131na ikna etmekten kolayd\u0131r\u2026 Mark Twain Kapitalizmin ge\u00e7ti\u011fimiz y\u00fczy\u0131l\u0131n ortalar\u0131nda ke\u015ffetti\u011fi ve ilk \u00f6rnekleri sinema filmlerinde \u201c25. Kare\u201d tekni\u011fiyle sinsice bilin\u00e7alt\u0131m\u0131za n\u00fcfuz eden<span class=\"excerpt-hellip\"> [\u2026]<\/span><\/p>\n","protected":false},"featured_media":0,"template":"","meta":{"_monsterinsights_skip_tracking":false,"_monsterinsights_sitenote_active":false,"_monsterinsights_sitenote_note":"","_monsterinsights_sitenote_category":0},"product_brand":[],"product_cat":[12312,12304],"product_tag":[],"class_list":{"0":"post-695529","1":"product","2":"type-product","3":"status-publish","5":"product_cat-diger","6":"product_cat-tarih","7":"pa_cilt-ciltsiz","8":"pa_tur-kitap","9":"pa_yayinevi-destek-yayinlari","10":"pa_yazar-sefer-darici","12":"first","13":"instock","14":"sale","15":"shipping-taxable","16":"purchasable","17":"product-type-simple"},"_links":{"self":[{"href":"https:\/\/roveyayinevi.com.tr\/index.php\/wp-json\/wp\/v2\/product\/695529","targetHints":{"allow":["GET"]}}],"collection":[{"href":"https:\/\/roveyayinevi.com.tr\/index.php\/wp-json\/wp\/v2\/product"}],"about":[{"href":"https:\/\/roveyayinevi.com.tr\/index.php\/wp-json\/wp\/v2\/types\/product"}],"wp:attachment":[{"href":"https:\/\/roveyayinevi.com.tr\/index.php\/wp-json\/wp\/v2\/media?parent=695529"}],"wp:term":[{"taxonomy":"product_brand","embeddable":true,"href":"https:\/\/roveyayinevi.com.tr\/index.php\/wp-json\/wp\/v2\/product_brand?post=695529"},{"taxonomy":"product_cat","embeddable":true,"href":"https:\/\/roveyayinevi.com.tr\/index.php\/wp-json\/wp\/v2\/product_cat?post=695529"},{"taxonomy":"product_tag","embeddable":true,"href":"https:\/\/roveyayinevi.com.tr\/index.php\/wp-json\/wp\/v2\/product_tag?post=695529"}],"curies":[{"name":"wp","href":"https:\/\/api.w.org\/{rel}","templated":true}]}}