{"id":695528,"date":"2025-08-27T14:29:25","date_gmt":"2025-08-27T11:29:25","guid":{"rendered":"https:\/\/roveyayinevi.com.tr\/index.php\/urun\/buz-gibi-soguk\/"},"modified":"2026-04-16T02:05:11","modified_gmt":"2026-04-15T23:05:11","slug":"buz-gibi-soguk","status":"publish","type":"product","link":"https:\/\/roveyayinevi.com.tr\/index.php\/urun\/buz-gibi-soguk\/","title":{"rendered":"Buz Gibi So\u011fuk"},"content":{"rendered":"<p>Bir t\u0131p konferans\u0131 i\u00e7in Wyoming\u2019e giden adli tabip Maura Isles, hafta sonunu arkada\u015flar\u0131yla birlikte bir kayak merkezinde ge\u00e7irmeye karar verir. Ancak korkun\u00e7 kar ya\u011f\u0131\u015f\u0131 alt\u0131nda ara\u00e7lar\u0131 devrilir ve \u0131ss\u0131z da\u011f yolunda mahsur kal\u0131rlar. Y\u00fcr\u00fcyerek ula\u015ft\u0131klar\u0131 on hanelik k\u00f6y ilk bak\u0131\u015fta tamamen terk edilmi\u015f gibi g\u00f6r\u00fcnse de sofralarda dokunulmadan b\u0131rak\u0131lm\u0131\u015f yemekler, garajlardaki arabalar, \u00f6l\u00fcme terk edilmi\u015f evcil hayvanlar burada bamba\u015fka, esrarengiz olaylar\u0131n ya\u015fand\u0131\u011f\u0131n\u0131 d\u00fc\u015f\u00fcnd\u00fcrmektedir.   Maura\u2019dan haber alamayan ve onun pe\u015finden bu k\u00f6ye gelen dedektif Jane Rizzoli, arkada\u015f\u0131n\u0131n izine rastlayamasa da karlar\u0131n alt\u0131nda t\u00fcyler \u00fcrpertici bir ba\u015fka ger\u00e7e\u011fi ke\u015ffeder.   Buz Gibi So\u011fuk temposu son sayfaya kadar d\u00fc\u015fmeyen, bitirmeden elinizden b\u0131rakamayaca\u011f\u0131n\u0131z, gerilim y\u00fckl\u00fc bir roman. Tess Gerritsen yine kaleminin ve kurgusunun g\u00fcc\u00fcn\u00fc kan\u0131tl\u0131yor. <\/p>\n","protected":false},"excerpt":{"rendered":"<p>Bir t\u0131p konferans\u0131 i\u00e7in Wyoming\u2019e giden adli tabip Maura Isles, hafta sonunu arkada\u015flar\u0131yla birlikte bir kayak merkezinde ge\u00e7irmeye karar verir. Ancak korkun\u00e7 kar ya\u011f\u0131\u015f\u0131 alt\u0131nda ara\u00e7lar\u0131<span class=\"excerpt-hellip\"> [\u2026]<\/span><\/p>\n","protected":false},"featured_media":0,"template":"","meta":{"_monsterinsights_skip_tracking":false,"_monsterinsights_sitenote_active":false,"_monsterinsights_sitenote_note":"","_monsterinsights_sitenote_category":0},"product_brand":[],"product_cat":[12291,15445],"product_tag":[],"class_list":{"0":"post-695528","1":"product","2":"type-product","3":"status-publish","5":"product_cat-edebiyat","6":"product_cat-polisiye","7":"pa_cilt-ciltsiz","8":"pa_tur-kitap","9":"pa_yayinevi-dogan-kitap","10":"pa_yazar-tess-gerritsen","12":"first","13":"instock","14":"sale","15":"shipping-taxable","16":"purchasable","17":"product-type-simple"},"_links":{"self":[{"href":"https:\/\/roveyayinevi.com.tr\/index.php\/wp-json\/wp\/v2\/product\/695528","targetHints":{"allow":["GET"]}}],"collection":[{"href":"https:\/\/roveyayinevi.com.tr\/index.php\/wp-json\/wp\/v2\/product"}],"about":[{"href":"https:\/\/roveyayinevi.com.tr\/index.php\/wp-json\/wp\/v2\/types\/product"}],"wp:attachment":[{"href":"https:\/\/roveyayinevi.com.tr\/index.php\/wp-json\/wp\/v2\/media?parent=695528"}],"wp:term":[{"taxonomy":"product_brand","embeddable":true,"href":"https:\/\/roveyayinevi.com.tr\/index.php\/wp-json\/wp\/v2\/product_brand?post=695528"},{"taxonomy":"product_cat","embeddable":true,"href":"https:\/\/roveyayinevi.com.tr\/index.php\/wp-json\/wp\/v2\/product_cat?post=695528"},{"taxonomy":"product_tag","embeddable":true,"href":"https:\/\/roveyayinevi.com.tr\/index.php\/wp-json\/wp\/v2\/product_tag?post=695528"}],"curies":[{"name":"wp","href":"https:\/\/api.w.org\/{rel}","templated":true}]}}