{"id":695527,"date":"2025-08-27T14:29:25","date_gmt":"2025-08-27T11:29:25","guid":{"rendered":"https:\/\/roveyayinevi.com.tr\/index.php\/urun\/topkapi-sarayi\/"},"modified":"2026-04-16T02:05:11","modified_gmt":"2026-04-15T23:05:11","slug":"topkapi-sarayi","status":"publish","type":"product","link":"https:\/\/roveyayinevi.com.tr\/index.php\/urun\/topkapi-sarayi\/","title":{"rendered":"Topkap\u0131 Saray\u0131"},"content":{"rendered":"<p>Topkap\u0131 Saray\u0131\u2019ndas\u0131n\u0131z&#8230; Tarihin derinliklerinden gelen bir ses y\u00f6nlendiriyor ad\u0131mlar\u0131n\u0131z\u0131. Sesin \u00e7a\u011fr\u0131s\u0131na uyup girdi\u011finiz her odada gizli hazineler, ha\u015fmetli r\u00fcyalar, b\u00fcy\u00fcl\u00fc hayatlar\u2026 <\/p>\n","protected":false},"excerpt":{"rendered":"<p>Topkap\u0131 Saray\u0131\u2019ndas\u0131n\u0131z&#8230; Tarihin derinliklerinden gelen bir ses y\u00f6nlendiriyor ad\u0131mlar\u0131n\u0131z\u0131. Sesin \u00e7a\u011fr\u0131s\u0131na uyup girdi\u011finiz her odada gizli hazineler, ha\u015fmetli r\u00fcyalar, b\u00fcy\u00fcl\u00fc hayatlar\u2026<\/p>\n","protected":false},"featured_media":0,"template":"","meta":{"_monsterinsights_skip_tracking":false,"_monsterinsights_sitenote_active":false,"_monsterinsights_sitenote_note":"","_monsterinsights_sitenote_category":0},"product_brand":[],"product_cat":[12312,12304],"product_tag":[],"class_list":{"0":"post-695527","1":"product","2":"type-product","3":"status-publish","5":"product_cat-diger","6":"product_cat-tarih","7":"pa_cilt-ciltsiz","8":"pa_tur-kitap","9":"pa_yayinevi-dogan-kitap","10":"pa_yazar-resad-ekrem-kocu","12":"first","13":"instock","14":"sale","15":"shipping-taxable","16":"purchasable","17":"product-type-simple"},"_links":{"self":[{"href":"https:\/\/roveyayinevi.com.tr\/index.php\/wp-json\/wp\/v2\/product\/695527","targetHints":{"allow":["GET"]}}],"collection":[{"href":"https:\/\/roveyayinevi.com.tr\/index.php\/wp-json\/wp\/v2\/product"}],"about":[{"href":"https:\/\/roveyayinevi.com.tr\/index.php\/wp-json\/wp\/v2\/types\/product"}],"wp:attachment":[{"href":"https:\/\/roveyayinevi.com.tr\/index.php\/wp-json\/wp\/v2\/media?parent=695527"}],"wp:term":[{"taxonomy":"product_brand","embeddable":true,"href":"https:\/\/roveyayinevi.com.tr\/index.php\/wp-json\/wp\/v2\/product_brand?post=695527"},{"taxonomy":"product_cat","embeddable":true,"href":"https:\/\/roveyayinevi.com.tr\/index.php\/wp-json\/wp\/v2\/product_cat?post=695527"},{"taxonomy":"product_tag","embeddable":true,"href":"https:\/\/roveyayinevi.com.tr\/index.php\/wp-json\/wp\/v2\/product_tag?post=695527"}],"curies":[{"name":"wp","href":"https:\/\/api.w.org\/{rel}","templated":true}]}}