{"id":695525,"date":"2025-08-27T14:29:25","date_gmt":"2025-08-27T11:29:25","guid":{"rendered":"https:\/\/roveyayinevi.com.tr\/index.php\/urun\/buyuk-turk\/"},"modified":"2025-09-17T20:55:35","modified_gmt":"2025-09-17T17:55:35","slug":"buyuk-turk","status":"publish","type":"product","link":"https:\/\/roveyayinevi.com.tr\/index.php\/urun\/buyuk-turk\/","title":{"rendered":"B\u00fcy\u00fck T\u00fcrk"},"content":{"rendered":"<p>21 ya\u015f\u0131ndayken \u0130stanbul\u2019u fethederek d\u00fcnyay\u0131 yeniden \u015fekillendiren Fatih Sultan Mehmed\u2019in 30 y\u0131ll\u0131k saltanat\u0131n\u0131n roman lezzetinde anlat\u0131m\u0131&#8230; John Freely, B\u00fcy\u00fck T\u00fcrk\u2019te d\u00f6nemin H\u0131ristiyan d\u00fcnyas\u0131 ve Avrupal\u0131 krallar taraf\u0131ndan &#8220;T\u00fcrklerin \u015eanl\u0131 \u0130mparatorlu\u011funun H\u00fck\u00fcmdar\u0131 ve D\u00fcnyaya Deh\u015fet Sa\u00e7an Sultan&#8221; olarak an\u0131lan Fatih Sultan Mehmed\u2019in 30 y\u0131ll\u0131k saltanat\u0131n\u0131, hayat\u0131n\u0131, d\u00fczenledi\u011fi seferleri ve yapt\u0131\u011f\u0131 t\u00fcm fetihleri bir roman lezzetinde anlat\u0131yor. Son derece canl\u0131 ve ayr\u0131nt\u0131l\u0131 bir anlat\u0131mla tarihin arka plan\u0131n\u0131 da g\u00f6zler \u00f6n\u00fcne serdi\u011fi eserinde Freely, H\u0131ristiyan d\u00fcnyas\u0131n\u0131n Osmanl\u0131\u2019ya bak\u0131\u015f\u0131n\u0131 da payla\u015f\u0131yor okurlarla. &#8220;Freely\u2019nin bu \u00e7al\u0131\u015fmas\u0131, tarihi \u015fekillendiren ola\u011fan\u00fcst\u00fc karakterleri betimlemedeki ba\u015far\u0131s\u0131n\u0131n m\u00fckemmel bir \u00f6rne\u011fi. 21 ya\u015f\u0131ndayken \u0130stanbul\u2019u fethederek d\u00fcnyay\u0131 yeniden \u015fekillendiren Fatih Sultan Mehmed asla bu kitaptaki kadar canl\u0131 anlat\u0131lmam\u0131\u015ft\u0131r.&#8221; -Stephen Kinzer-New York Times <\/p>\n","protected":false},"excerpt":{"rendered":"<p>21 ya\u015f\u0131ndayken \u0130stanbul\u2019u fethederek d\u00fcnyay\u0131 yeniden \u015fekillendiren Fatih Sultan Mehmed\u2019in 30 y\u0131ll\u0131k saltanat\u0131n\u0131n roman lezzetinde anlat\u0131m\u0131&#8230; John Freely, B\u00fcy\u00fck T\u00fcrk\u2019te d\u00f6nemin H\u0131ristiyan d\u00fcnyas\u0131 ve Avrupal\u0131 krallar<span class=\"excerpt-hellip\"> [\u2026]<\/span><\/p>\n","protected":false},"featured_media":0,"template":"","meta":{"_monsterinsights_skip_tracking":false,"_monsterinsights_sitenote_active":false,"_monsterinsights_sitenote_note":"","_monsterinsights_sitenote_category":0},"product_brand":[],"product_cat":[13517,12304],"product_tag":[],"class_list":{"0":"post-695525","1":"product","2":"type-product","3":"status-publish","5":"product_cat-osmanli-tarihi","6":"product_cat-tarih","7":"pa_cilt-ciltsiz","8":"pa_tur-kitap","9":"pa_yayinevi-dogan-kitap","10":"pa_yazar-john-freely","12":"first","13":"instock","14":"sale","15":"shipping-taxable","16":"purchasable","17":"product-type-simple"},"_links":{"self":[{"href":"https:\/\/roveyayinevi.com.tr\/index.php\/wp-json\/wp\/v2\/product\/695525","targetHints":{"allow":["GET"]}}],"collection":[{"href":"https:\/\/roveyayinevi.com.tr\/index.php\/wp-json\/wp\/v2\/product"}],"about":[{"href":"https:\/\/roveyayinevi.com.tr\/index.php\/wp-json\/wp\/v2\/types\/product"}],"wp:attachment":[{"href":"https:\/\/roveyayinevi.com.tr\/index.php\/wp-json\/wp\/v2\/media?parent=695525"}],"wp:term":[{"taxonomy":"product_brand","embeddable":true,"href":"https:\/\/roveyayinevi.com.tr\/index.php\/wp-json\/wp\/v2\/product_brand?post=695525"},{"taxonomy":"product_cat","embeddable":true,"href":"https:\/\/roveyayinevi.com.tr\/index.php\/wp-json\/wp\/v2\/product_cat?post=695525"},{"taxonomy":"product_tag","embeddable":true,"href":"https:\/\/roveyayinevi.com.tr\/index.php\/wp-json\/wp\/v2\/product_tag?post=695525"}],"curies":[{"name":"wp","href":"https:\/\/api.w.org\/{rel}","templated":true}]}}