{"id":695522,"date":"2025-08-27T14:29:24","date_gmt":"2025-08-27T11:29:24","guid":{"rendered":"https:\/\/roveyayinevi.com.tr\/index.php\/urun\/yenilmeyen-deha-ataturk\/"},"modified":"2026-04-16T02:05:11","modified_gmt":"2026-04-15T23:05:11","slug":"yenilmeyen-deha-ataturk","status":"publish","type":"product","link":"https:\/\/roveyayinevi.com.tr\/index.php\/urun\/yenilmeyen-deha-ataturk\/","title":{"rendered":"Yenilmeyen Deha Atat\u00fcrk"},"content":{"rendered":"<p>Kitap, Atat\u00fcrk\u2019\u00fcn hayat\u0131n\u0131 foto\u011fraflarla anlat\u0131yor ve O\u2019nun dehas\u0131n\u0131 yal\u0131n bir dille ortaya koyuyor. Sert kapa\u011f\u0131 ve foto\u011fraflar\u0131 ile kitapl\u0131klarda uzun s\u00fcre saklanacak bir ba\u015fucu kitab\u0131. \ufffcTan\u0131t\u0131m Metni<\/p>\n","protected":false},"excerpt":{"rendered":"<p>Kitap, Atat\u00fcrk\u2019\u00fcn hayat\u0131n\u0131 foto\u011fraflarla anlat\u0131yor ve O\u2019nun dehas\u0131n\u0131 yal\u0131n bir dille ortaya koyuyor. Sert kapa\u011f\u0131 ve foto\u011fraflar\u0131 ile kitapl\u0131klarda uzun s\u00fcre saklanacak bir ba\u015fucu kitab\u0131. \ufffcTan\u0131t\u0131m<span class=\"excerpt-hellip\"> [\u2026]<\/span><\/p>\n","protected":false},"featured_media":0,"template":"","meta":{"_monsterinsights_skip_tracking":false,"_monsterinsights_sitenote_active":false,"_monsterinsights_sitenote_note":"","_monsterinsights_sitenote_category":0},"product_brand":[],"product_cat":[15563,24020],"product_tag":[],"class_list":{"0":"post-695522","1":"product","2":"type-product","3":"status-publish","5":"product_cat-hobi","6":"product_cat-kultur","7":"pa_cilt-ciltsiz","8":"pa_tur-kitap","9":"pa_yayinevi-delta-kultur-yayinevi","10":"pa_yazar-kenan-kalecikli","12":"first","13":"instock","14":"sale","15":"shipping-taxable","16":"purchasable","17":"product-type-simple"},"_links":{"self":[{"href":"https:\/\/roveyayinevi.com.tr\/index.php\/wp-json\/wp\/v2\/product\/695522","targetHints":{"allow":["GET"]}}],"collection":[{"href":"https:\/\/roveyayinevi.com.tr\/index.php\/wp-json\/wp\/v2\/product"}],"about":[{"href":"https:\/\/roveyayinevi.com.tr\/index.php\/wp-json\/wp\/v2\/types\/product"}],"wp:attachment":[{"href":"https:\/\/roveyayinevi.com.tr\/index.php\/wp-json\/wp\/v2\/media?parent=695522"}],"wp:term":[{"taxonomy":"product_brand","embeddable":true,"href":"https:\/\/roveyayinevi.com.tr\/index.php\/wp-json\/wp\/v2\/product_brand?post=695522"},{"taxonomy":"product_cat","embeddable":true,"href":"https:\/\/roveyayinevi.com.tr\/index.php\/wp-json\/wp\/v2\/product_cat?post=695522"},{"taxonomy":"product_tag","embeddable":true,"href":"https:\/\/roveyayinevi.com.tr\/index.php\/wp-json\/wp\/v2\/product_tag?post=695522"}],"curies":[{"name":"wp","href":"https:\/\/api.w.org\/{rel}","templated":true}]}}