{"id":695510,"date":"2025-08-27T14:29:21","date_gmt":"2025-08-27T11:29:21","guid":{"rendered":"https:\/\/roveyayinevi.com.tr\/index.php\/urun\/isveccenin-turkce-ile-benzerlikleri-prof-sven-lagerbring\/"},"modified":"2026-04-16T02:05:10","modified_gmt":"2026-04-15T23:05:10","slug":"isveccenin-turkce-ile-benzerlikleri-prof-sven-lagerbring","status":"publish","type":"product","link":"https:\/\/roveyayinevi.com.tr\/index.php\/urun\/isveccenin-turkce-ile-benzerlikleri-prof-sven-lagerbring\/","title":{"rendered":"\u0130sve\u00e7\u00e7enin T\u00fcrk\u00e7e ile Benzerlikleri Prof. Sven Lagerbring"},"content":{"rendered":"<p>18. y\u00fczy\u0131lda ya\u015fayan ve \u0130sve\u00e7 tarihi ara\u015ft\u0131rmalar\u0131n\u0131n kurucusu say\u0131lan Prof. Sven Lagerbring\u2019in bu kitab\u0131, eski \u0130sve\u00e7 ve T\u00fcrk tarihinin karanl\u0131kta kalan ger\u00e7eklerini ayd\u0131nlat\u0131yor. Lagerbring kitab\u0131nda, \u0130sve\u00e7lilerin atalar\u0131n\u0131n T\u00fcrkler oldu\u011funu \u0130sve\u00e7 masallar\u0131na, efsanelerine ve ta\u015f yaz\u0131tlara dayanarak ortaya koyuyor. Kitapta \u0130sve\u00e7\u00e7eyle T\u00fcrk\u00e7e kar\u015f\u0131la\u015ft\u0131r\u0131larak T\u00fcrklerin ve \u0130sve\u00e7lilerin ortak tarihsel bir k\u00f6kene ve dil ortakl\u0131\u011f\u0131na sahip oldu\u011fu g\u00f6zler \u00f6n\u00fcne seriliyor. Eski \u0130sve\u00e7 masallar\u0131nda, \u0130sve\u00e7\u00e7enin Viking Tanr\u0131s\u0131 Oden taraf\u0131ndan getirildi\u011fi ve Oden\u2019in Tirkiar (T\u00fcrkler) denilen bir kabilenin \u00f6nderi oldu\u011fu ilk kez bu kitapta belgeleriyle a\u00e7\u0131klan\u0131yor. Lagerbring\u2019in raflarda unutulan bu kitab\u0131n\u0131n, \u0130sve\u00e7 k\u00f6kenli olan ve 19. y\u00fczy\u0131l\u0131n sonlar\u0131nda T\u00fcrkl\u00fc\u011fe ve M\u00fcsl\u00fcmanl\u0131\u011fa ge\u00e7en, nam\u0131 di\u011fer  Osmanl\u0131 Vikingi  Ali Nuri Dilme\u00e7 taraf\u0131ndan bulunup g\u00fcn \u0131\u015f\u0131\u011f\u0131na \u00e7\u0131kar\u0131lmas\u0131n\u0131n \u00f6yk\u00fcs\u00fc de bu kitapta ayr\u0131ca yer al\u0131yor. <\/p>\n","protected":false},"excerpt":{"rendered":"<p>18. y\u00fczy\u0131lda ya\u015fayan ve \u0130sve\u00e7 tarihi ara\u015ft\u0131rmalar\u0131n\u0131n kurucusu say\u0131lan Prof. Sven Lagerbring\u2019in bu kitab\u0131, eski \u0130sve\u00e7 ve T\u00fcrk tarihinin karanl\u0131kta kalan ger\u00e7eklerini ayd\u0131nlat\u0131yor. Lagerbring kitab\u0131nda, \u0130sve\u00e7lilerin<span class=\"excerpt-hellip\"> [\u2026]<\/span><\/p>\n","protected":false},"featured_media":0,"template":"","meta":{"_monsterinsights_skip_tracking":false,"_monsterinsights_sitenote_active":false,"_monsterinsights_sitenote_note":"","_monsterinsights_sitenote_category":0},"product_brand":[],"product_cat":[12365,12364],"product_tag":[],"class_list":{"0":"post-695510","1":"product","2":"type-product","3":"status-publish","5":"product_cat-diger-genel-konular","6":"product_cat-genel-konular","7":"pa_tur-kitap","8":"pa_yayinevi-kaynak-yayinlari","9":"pa_yazar-kolektif","11":"first","12":"instock","13":"sale","14":"shipping-taxable","15":"purchasable","16":"product-type-simple"},"_links":{"self":[{"href":"https:\/\/roveyayinevi.com.tr\/index.php\/wp-json\/wp\/v2\/product\/695510","targetHints":{"allow":["GET"]}}],"collection":[{"href":"https:\/\/roveyayinevi.com.tr\/index.php\/wp-json\/wp\/v2\/product"}],"about":[{"href":"https:\/\/roveyayinevi.com.tr\/index.php\/wp-json\/wp\/v2\/types\/product"}],"wp:attachment":[{"href":"https:\/\/roveyayinevi.com.tr\/index.php\/wp-json\/wp\/v2\/media?parent=695510"}],"wp:term":[{"taxonomy":"product_brand","embeddable":true,"href":"https:\/\/roveyayinevi.com.tr\/index.php\/wp-json\/wp\/v2\/product_brand?post=695510"},{"taxonomy":"product_cat","embeddable":true,"href":"https:\/\/roveyayinevi.com.tr\/index.php\/wp-json\/wp\/v2\/product_cat?post=695510"},{"taxonomy":"product_tag","embeddable":true,"href":"https:\/\/roveyayinevi.com.tr\/index.php\/wp-json\/wp\/v2\/product_tag?post=695510"}],"curies":[{"name":"wp","href":"https:\/\/api.w.org\/{rel}","templated":true}]}}