{"id":695508,"date":"2025-08-27T14:29:21","date_gmt":"2025-08-27T11:29:21","guid":{"rendered":"https:\/\/roveyayinevi.com.tr\/index.php\/urun\/i-dunya-savasindan-ortadogu-projesine-islam-imparatorlugu\/"},"modified":"2026-04-16T02:05:10","modified_gmt":"2026-04-15T23:05:10","slug":"i-dunya-savasindan-ortadogu-projesine-islam-imparatorlugu","status":"publish","type":"product","link":"https:\/\/roveyayinevi.com.tr\/index.php\/urun\/i-dunya-savasindan-ortadogu-projesine-islam-imparatorlugu\/","title":{"rendered":"I. D\u00fcnya Sava\u015f\u2019\u0131ndan Ortado\u011fu Proje\u2019sine \u0130slam \u0130mparatorlu\u011fu"},"content":{"rendered":"<p>Pan \u0130slam veya \u0130slam Birli\u011fi, Sultan II. Abd\u00fclhamit taraf\u0131ndan kurumsalla\u015ft\u0131r\u0131lm\u0131\u015f, ancak Almanlar taraf\u0131ndan I. D\u00fcnya Sava\u015f\u0131\u2019nda sahneye konmu\u015f politik bir pland\u0131r. I. D\u00fcnya Sava\u015f\u0131 sonras\u0131 \u0130ngilizler ayn\u0131 plan\u0131 kendi \u00e7\u0131karlar\u0131na g\u00f6re uygulamaya koymak istemi\u015flerdir. Bu plana g\u00f6re;   Dicle ve F\u0131rat nehirlerinden Kud\u00fcs\u2019e, Hint Okyanusu\u2019ndan Akdeniz\u2019e kadar olan alanda B\u00fcy\u00fck Arap \u0130mparatorlu\u011fu kurulacak, bu imparatorlu\u011fun ba\u015fkenti Kahire olurken M\u0131s\u0131r Hidivi de Halife unvan\u0131 ta\u015f\u0131yacakt\u0131r. Bu imparatorlu\u011fun h\u00e2kimi ve koruyucusu ise \u0130ngiltere olacakt\u0131r. <\/p>\n","protected":false},"excerpt":{"rendered":"<p>Pan \u0130slam veya \u0130slam Birli\u011fi, Sultan II. Abd\u00fclhamit taraf\u0131ndan kurumsalla\u015ft\u0131r\u0131lm\u0131\u015f, ancak Almanlar taraf\u0131ndan I. D\u00fcnya Sava\u015f\u0131\u2019nda sahneye konmu\u015f politik bir pland\u0131r. I. D\u00fcnya Sava\u015f\u0131 sonras\u0131 \u0130ngilizler<span class=\"excerpt-hellip\"> [\u2026]<\/span><\/p>\n","protected":false},"featured_media":0,"template":"","meta":{"_monsterinsights_skip_tracking":false,"_monsterinsights_sitenote_active":false,"_monsterinsights_sitenote_note":"","_monsterinsights_sitenote_category":0},"product_brand":[],"product_cat":[13059,12337],"product_tag":[],"class_list":{"0":"post-695508","1":"product","2":"type-product","3":"status-publish","5":"product_cat-diger-politika-siyaset","6":"product_cat-politika-siyaset","7":"pa_cilt-ciltsiz","8":"pa_tur-kitap","9":"pa_yayinevi-destek-yayinlari","10":"pa_yazar-g-wyman-bury","12":"first","13":"instock","14":"sale","15":"shipping-taxable","16":"purchasable","17":"product-type-simple"},"_links":{"self":[{"href":"https:\/\/roveyayinevi.com.tr\/index.php\/wp-json\/wp\/v2\/product\/695508","targetHints":{"allow":["GET"]}}],"collection":[{"href":"https:\/\/roveyayinevi.com.tr\/index.php\/wp-json\/wp\/v2\/product"}],"about":[{"href":"https:\/\/roveyayinevi.com.tr\/index.php\/wp-json\/wp\/v2\/types\/product"}],"wp:attachment":[{"href":"https:\/\/roveyayinevi.com.tr\/index.php\/wp-json\/wp\/v2\/media?parent=695508"}],"wp:term":[{"taxonomy":"product_brand","embeddable":true,"href":"https:\/\/roveyayinevi.com.tr\/index.php\/wp-json\/wp\/v2\/product_brand?post=695508"},{"taxonomy":"product_cat","embeddable":true,"href":"https:\/\/roveyayinevi.com.tr\/index.php\/wp-json\/wp\/v2\/product_cat?post=695508"},{"taxonomy":"product_tag","embeddable":true,"href":"https:\/\/roveyayinevi.com.tr\/index.php\/wp-json\/wp\/v2\/product_tag?post=695508"}],"curies":[{"name":"wp","href":"https:\/\/api.w.org\/{rel}","templated":true}]}}