{"id":695504,"date":"2025-08-27T14:29:20","date_gmt":"2025-08-27T11:29:20","guid":{"rendered":"https:\/\/roveyayinevi.com.tr\/index.php\/urun\/med-cezir\/"},"modified":"2026-04-16T02:05:10","modified_gmt":"2026-04-15T23:05:10","slug":"med-cezir","status":"publish","type":"product","link":"https:\/\/roveyayinevi.com.tr\/index.php\/urun\/med-cezir\/","title":{"rendered":"Med-Cezir"},"content":{"rendered":"<p>&#8230; bir g\u00fcn bir bilge, kendi t\u00fcrleriyle u\u00e7may\u0131 reddeden iki ayr\u0131 cins ku\u015fa rastlar yol kenar\u0131nda. Hayli merak eder bu iki farkl\u0131 yarat\u0131\u011f\u0131n nas\u0131l olup da kendi aileleriyle, ait olduklar\u0131 yerlerde ya\u015famak istemediklerini, nas\u0131l olup da bir \u2018yabanc\u0131\u2019y\u0131 kendi karde\u015flerine ye\u011flediklerini. Biri karga, biri leylek&#8230; O kadar farkl\u0131d\u0131r ki ku\u015flar, ihtimal veremez birbirlerini sevdiklerine, t\u00fcrde\u015fleriyle de\u011fil de birbirleriyle u\u00e7may\u0131 ye\u011flediklerine. \u00d6yle ya, karga dedi\u011fin kargalarla u\u00e7mal\u0131d\u0131r, leylek dedi\u011finse leyleklerle. Yakla\u015f\u0131r ve merakla inceler ku\u015flar\u0131. Ta ki her ikisinin de topal oldu\u011funu ke\u015ffedinceye kadar. O zaman anlar ki, birlikte ka\u00e7ar, birlikte u\u00e7ar, beraber ya\u015famalar\u0131 beklenenlerin yan\u0131nda tutunamayanlar. Med-Cezir ba\u015fl\u0131\u011f\u0131 alt\u0131nda yaz\u0131lar\u0131n\u0131 toplam\u0131\u015f Elif \u015eafak. (&#8230;) Dergilerde, gazetelerde yay\u0131mlanm\u0131\u015f yaz\u0131lar. Tarihsiz, \u00e7o\u011fu kez de tarifsiz. Kendini de benzetti\u011fi, k\u00f6kleri havada Tuba A\u011fac\u0131 gibi metinler. B\u00f6yle de olmas\u0131 gerek. Metin tek ba\u015f\u0131na bo\u015flukta duruyorsa duruyordur zaten. Durmuyorsa hi\u00e7 durmas\u0131n zaten. Tarihsiz durabiliyorsa tarif edebilir kendini metin. -Ece Temelkuran- Elif \u015eafak\u2019\u0131 yaln\u0131z romanlar\u0131ndan tan\u0131yanlara, kafalar\u0131ndaki foto\u011fraf\u0131n eksik karelerini tamamlamak i\u00e7in Med-Cezir\u2019deki yaz\u0131lar\u0131 okumalar\u0131n\u0131 sal\u0131k veririm. Burada kanl\u0131 canl\u0131, \u00f6fkesiyle, inad\u0131yla, k\u0131r\u0131lganl\u0131\u011f\u0131yla, tutkular\u0131yla velhas\u0131l renginin b\u00fct\u00fcn tonlar\u0131yla Elif \u015eafak var. -Ali \u00c7olak- \ufffcTan\u0131t\u0131m Metni<\/p>\n","protected":false},"excerpt":{"rendered":"<p>&#8230; bir g\u00fcn bir bilge, kendi t\u00fcrleriyle u\u00e7may\u0131 reddeden iki ayr\u0131 cins ku\u015fa rastlar yol kenar\u0131nda. Hayli merak eder bu iki farkl\u0131 yarat\u0131\u011f\u0131n nas\u0131l olup da<span class=\"excerpt-hellip\"> [\u2026]<\/span><\/p>\n","protected":false},"featured_media":0,"template":"","meta":{"_monsterinsights_skip_tracking":false,"_monsterinsights_sitenote_active":false,"_monsterinsights_sitenote_note":"","_monsterinsights_sitenote_category":0},"product_brand":[],"product_cat":[12777,12291],"product_tag":[],"class_list":{"0":"post-695504","1":"product","2":"type-product","3":"status-publish","5":"product_cat-deneme","6":"product_cat-edebiyat","7":"pa_cilt-ciltsiz","8":"pa_tur-kitap","9":"pa_yayinevi-dogan-kitap","10":"pa_yazar-elif-safak","12":"first","13":"instock","14":"sale","15":"shipping-taxable","16":"purchasable","17":"product-type-simple"},"_links":{"self":[{"href":"https:\/\/roveyayinevi.com.tr\/index.php\/wp-json\/wp\/v2\/product\/695504","targetHints":{"allow":["GET"]}}],"collection":[{"href":"https:\/\/roveyayinevi.com.tr\/index.php\/wp-json\/wp\/v2\/product"}],"about":[{"href":"https:\/\/roveyayinevi.com.tr\/index.php\/wp-json\/wp\/v2\/types\/product"}],"wp:attachment":[{"href":"https:\/\/roveyayinevi.com.tr\/index.php\/wp-json\/wp\/v2\/media?parent=695504"}],"wp:term":[{"taxonomy":"product_brand","embeddable":true,"href":"https:\/\/roveyayinevi.com.tr\/index.php\/wp-json\/wp\/v2\/product_brand?post=695504"},{"taxonomy":"product_cat","embeddable":true,"href":"https:\/\/roveyayinevi.com.tr\/index.php\/wp-json\/wp\/v2\/product_cat?post=695504"},{"taxonomy":"product_tag","embeddable":true,"href":"https:\/\/roveyayinevi.com.tr\/index.php\/wp-json\/wp\/v2\/product_tag?post=695504"}],"curies":[{"name":"wp","href":"https:\/\/api.w.org\/{rel}","templated":true}]}}