{"id":695500,"date":"2025-08-27T14:29:19","date_gmt":"2025-08-27T11:29:19","guid":{"rendered":"https:\/\/roveyayinevi.com.tr\/index.php\/urun\/tarot-destesi-ve-kitabi\/"},"modified":"2026-04-16T02:05:10","modified_gmt":"2026-04-15T23:05:10","slug":"tarot-destesi-ve-kitabi","status":"publish","type":"product","link":"https:\/\/roveyayinevi.com.tr\/index.php\/urun\/tarot-destesi-ve-kitabi\/","title":{"rendered":"Tarot Destesi ve Kitab\u0131"},"content":{"rendered":"<p>Ah\u015fap kutu i\u00e7eri\u011finde geleneksel Tarot\u2019un 78 kart\u0131 ve bu kartlar\u0131 yorumlamakta yard\u0131mc\u0131 olacak Tarot Kitab\u0131 mevcuttur. \u201cTarot kartlar\u0131 hayattaki derslerin manevi anlamlar\u0131n\u0131 g\u00f6sterir. Kartlar ayr\u0131ca, psikolojik karakterin, maneviyat ya da ruhumuzun farkl\u0131 k\u0131s\u0131mlar\u0131n\u0131n tasvirleridir. Ge\u00e7mi\u015fi ve gelece\u011fi, hi\u00e7birimiz de\u011fi\u015ftiremeyiz. Fakat kartlara verdi\u011fimiz enerji sayesinde, dan\u0131\u015ft\u0131\u011f\u0131m\u0131z sorulara alaca\u011f\u0131m\u0131z cevaplarla merak ettiklerimizi yan\u0131tlayabilir ve y\u00f6n\u00fcm\u00fcz\u00fc \u00e7izebiliriz. Anlatt\u0131\u011f\u0131m\u0131z bilgilerle kartlar\u0131n s\u00f6ylediklerini yorumlamaya \u00e7al\u0131\u015f\u0131n. Sezgilerinizi de katmay\u0131 unutmay\u0131n.\u201d <\/p>\n","protected":false},"excerpt":{"rendered":"<p>Ah\u015fap kutu i\u00e7eri\u011finde geleneksel Tarot\u2019un 78 kart\u0131 ve bu kartlar\u0131 yorumlamakta yard\u0131mc\u0131 olacak Tarot Kitab\u0131 mevcuttur. \u201cTarot kartlar\u0131 hayattaki derslerin manevi anlamlar\u0131n\u0131 g\u00f6sterir. Kartlar ayr\u0131ca, psikolojik<span class=\"excerpt-hellip\"> [\u2026]<\/span><\/p>\n","protected":false},"featured_media":0,"template":"","meta":{"_monsterinsights_skip_tracking":false,"_monsterinsights_sitenote_active":false,"_monsterinsights_sitenote_note":"","_monsterinsights_sitenote_category":0},"product_brand":[],"product_cat":[15563,24020],"product_tag":[],"class_list":{"0":"post-695500","1":"product","2":"type-product","3":"status-publish","5":"product_cat-hobi","6":"product_cat-kultur","7":"pa_cilt-ciltsiz","8":"pa_tur-kitap20","9":"pa_yayinevi-delta-kultur-yayinevi","10":"pa_yazar-hilal-altundal","12":"first","13":"instock","14":"sale","15":"shipping-taxable","16":"purchasable","17":"product-type-simple"},"_links":{"self":[{"href":"https:\/\/roveyayinevi.com.tr\/index.php\/wp-json\/wp\/v2\/product\/695500","targetHints":{"allow":["GET"]}}],"collection":[{"href":"https:\/\/roveyayinevi.com.tr\/index.php\/wp-json\/wp\/v2\/product"}],"about":[{"href":"https:\/\/roveyayinevi.com.tr\/index.php\/wp-json\/wp\/v2\/types\/product"}],"wp:attachment":[{"href":"https:\/\/roveyayinevi.com.tr\/index.php\/wp-json\/wp\/v2\/media?parent=695500"}],"wp:term":[{"taxonomy":"product_brand","embeddable":true,"href":"https:\/\/roveyayinevi.com.tr\/index.php\/wp-json\/wp\/v2\/product_brand?post=695500"},{"taxonomy":"product_cat","embeddable":true,"href":"https:\/\/roveyayinevi.com.tr\/index.php\/wp-json\/wp\/v2\/product_cat?post=695500"},{"taxonomy":"product_tag","embeddable":true,"href":"https:\/\/roveyayinevi.com.tr\/index.php\/wp-json\/wp\/v2\/product_tag?post=695500"}],"curies":[{"name":"wp","href":"https:\/\/api.w.org\/{rel}","templated":true}]}}