{"id":695494,"date":"2025-08-27T14:29:18","date_gmt":"2025-08-27T11:29:18","guid":{"rendered":"https:\/\/roveyayinevi.com.tr\/index.php\/urun\/azil\/"},"modified":"2026-04-16T02:05:10","modified_gmt":"2026-04-15T23:05:10","slug":"azil","status":"publish","type":"product","link":"https:\/\/roveyayinevi.com.tr\/index.php\/urun\/azil\/","title":{"rendered":"Azil"},"content":{"rendered":"<p>Teknoloji, insanlar\u0131n davran\u0131\u015f\u0131n\u0131, ahlak\u0131n\u0131, sosyoekonomik ili\u015fkilerini, asla geri d\u00f6n\u00fclmeyecek bir bi\u00e7imde de\u011fi\u015ftiriyor. S\u00f6z konusu de\u011fi\u015fim, insanl\u0131\u011f\u0131n amac\u0131ndan sapmas\u0131na ve do\u011fad\u0131\u015f\u0131, ads\u0131z bir t\u00fcr\u00fcn ye\u015fermesine neden oluyor. \u0130nsanl\u0131\u011f\u0131n bin \u00e7abayla iki bin y\u0131lda yaratt\u0131\u011f\u0131 asgari ahlak, elli y\u0131lda televizyon taraf\u0131ndan \u00e7i\u011fneniyor. Ve on y\u0131ld\u0131r da internet taraf\u0131ndan yutuluyor.   Bireyin yaln\u0131zl\u0131\u011f\u0131, toplum d\u0131\u015f\u0131na \u00e7\u0131kmas\u0131yla sonu\u00e7lan\u0131yor. Toplum d\u0131\u015f\u0131na itilen (ya da bunu kendi tercih eden) birey, kendi do\u011frular\u0131n\u0131 yarat\u0131p onlarla ya\u015famaya ba\u015fl\u0131yor. Zamanla toplum ile birey aras\u0131nda geni\u015fleyen ahlak fark\u0131, ikisinin de hastalanmas\u0131n\u0131n temel nedeni oluveriyor.   Yazd\u0131klar\u0131yla u\u00e7lar\u0131 zorlayan gen\u00e7 yazar Hakan G\u00fcnday her ne kadar yeralt\u0131 edebiyat\u0131 yapmad\u0131\u011f\u0131n\u0131 s\u00f6ylese de, insan\u0131 rahats\u0131z ve tedirgin edici, hem sisteme kar\u015f\u0131 olan hem de sistemle i\u00e7 i\u00e7e ge\u00e7en karakterlerine ustal\u0131kla can veriyor.G\u00fcnday, ana karakteri Asil\u2019in psi\u015fik \u00f6zelli\u011fine ve d\u00fcnya alg\u0131s\u0131na uygun bir dili de b\u00fcy\u00fck bir beceriyle kullan\u0131yor. Roman boyunca \u00e7ok say\u0131da felsefi tan\u0131mlama ve tespit, ana karakterin \u00fcslubuyla s\u0131ralan\u0131yor.<\/p>\n","protected":false},"excerpt":{"rendered":"<p>Teknoloji, insanlar\u0131n davran\u0131\u015f\u0131n\u0131, ahlak\u0131n\u0131, sosyoekonomik ili\u015fkilerini, asla geri d\u00f6n\u00fclmeyecek bir bi\u00e7imde de\u011fi\u015ftiriyor. S\u00f6z konusu de\u011fi\u015fim, insanl\u0131\u011f\u0131n amac\u0131ndan sapmas\u0131na ve do\u011fad\u0131\u015f\u0131, ads\u0131z bir t\u00fcr\u00fcn ye\u015fermesine neden oluyor.<span class=\"excerpt-hellip\"> [\u2026]<\/span><\/p>\n","protected":false},"featured_media":0,"template":"","meta":{"_monsterinsights_skip_tracking":false,"_monsterinsights_sitenote_active":false,"_monsterinsights_sitenote_note":"","_monsterinsights_sitenote_category":0},"product_brand":[],"product_cat":[12291,12711],"product_tag":[],"class_list":{"0":"post-695494","1":"product","2":"type-product","3":"status-publish","5":"product_cat-edebiyat","6":"product_cat-roman-oyku","7":"pa_cilt-ciltsiz","8":"pa_tur-kitap","9":"pa_yayinevi-dogan-kitap","10":"pa_yazar-hakan-gunday","12":"first","13":"instock","14":"sale","15":"shipping-taxable","16":"purchasable","17":"product-type-simple"},"_links":{"self":[{"href":"https:\/\/roveyayinevi.com.tr\/index.php\/wp-json\/wp\/v2\/product\/695494","targetHints":{"allow":["GET"]}}],"collection":[{"href":"https:\/\/roveyayinevi.com.tr\/index.php\/wp-json\/wp\/v2\/product"}],"about":[{"href":"https:\/\/roveyayinevi.com.tr\/index.php\/wp-json\/wp\/v2\/types\/product"}],"wp:attachment":[{"href":"https:\/\/roveyayinevi.com.tr\/index.php\/wp-json\/wp\/v2\/media?parent=695494"}],"wp:term":[{"taxonomy":"product_brand","embeddable":true,"href":"https:\/\/roveyayinevi.com.tr\/index.php\/wp-json\/wp\/v2\/product_brand?post=695494"},{"taxonomy":"product_cat","embeddable":true,"href":"https:\/\/roveyayinevi.com.tr\/index.php\/wp-json\/wp\/v2\/product_cat?post=695494"},{"taxonomy":"product_tag","embeddable":true,"href":"https:\/\/roveyayinevi.com.tr\/index.php\/wp-json\/wp\/v2\/product_tag?post=695494"}],"curies":[{"name":"wp","href":"https:\/\/api.w.org\/{rel}","templated":true}]}}