{"id":695492,"date":"2025-08-27T14:29:17","date_gmt":"2025-08-27T11:29:17","guid":{"rendered":"https:\/\/roveyayinevi.com.tr\/index.php\/urun\/antropoloji-kuramlar-kuramcilar\/"},"modified":"2026-04-16T02:05:10","modified_gmt":"2026-04-15T23:05:10","slug":"antropoloji-kuramlar-kuramcilar","status":"publish","type":"product","link":"https:\/\/roveyayinevi.com.tr\/index.php\/urun\/antropoloji-kuramlar-kuramcilar\/","title":{"rendered":"Antropoloji Kuramlar Kuramc\u0131lar"},"content":{"rendered":"<p>Bu kitab\u0131, \u00fclkede giderek yayg\u0131nla\u015ft\u0131\u011f\u0131na sevin\u00e7le tan\u0131k oldu\u011fumuz antropoloji ilgisine katk\u0131da bulunmak \u00fczere haz\u0131rlad\u0131k. Ve g\u00fcncel tart\u0131\u015fmalara dek t\u00fcm kuramsal y\u00f6neli\u015fleri, arka planlar\u0131yla birlikte kapsamaya \u00e7abalad\u0131k.Son y\u0131llarda T\u00fcrkiye&#8217;de antropolojiyle ilgili pek \u00e7ok kitap yay\u0131mland\u0131. Ancak kuramlar\u0131n tarihine ili\u015fkin derli-toplu bir \u00e7al\u0131\u015fma, \u015fimdiye kadar ne yaz\u0131k ki yoktu. Dolay\u0131s\u0131yla elinizdeki \u00e7al\u0131\u015fma\/ kendi ilgi alan\u0131nda bir ilk olman\u0131n k\u0131vanc\u0131n\u0131 ta\u015f\u0131yor.Kitap, say\u0131lar\u0131 giderek artan antropoloji \u00f6\u011frencilerinin yan\u0131 s\u0131ra, konuya ilgi duyan herkese bu alanda yay\u0131mlanan literat\u00fcre ili\u015fkin genel bir &#8216;ak\u0131l haritas\u0131&#8217; sunabilirse, amac\u0131m\u0131za ula\u015fman\u0131n mutlulu\u011funu ya\u015fayaca\u011f\u0131z.<\/p>\n","protected":false},"excerpt":{"rendered":"<p>Bu kitab\u0131, \u00fclkede giderek yayg\u0131nla\u015ft\u0131\u011f\u0131na sevin\u00e7le tan\u0131k oldu\u011fumuz antropoloji ilgisine katk\u0131da bulunmak \u00fczere haz\u0131rlad\u0131k. Ve g\u00fcncel tart\u0131\u015fmalara dek t\u00fcm kuramsal y\u00f6neli\u015fleri, arka planlar\u0131yla birlikte kapsamaya \u00e7abalad\u0131k.Son<span class=\"excerpt-hellip\"> [\u2026]<\/span><\/p>\n","protected":false},"featured_media":0,"template":"","meta":{"_monsterinsights_skip_tracking":false,"_monsterinsights_sitenote_active":false,"_monsterinsights_sitenote_note":"","_monsterinsights_sitenote_category":0},"product_brand":[],"product_cat":[15499,13488],"product_tag":[],"class_list":{"0":"post-695492","1":"product","2":"type-product","3":"status-publish","5":"product_cat-antropoloji","6":"product_cat-toplum-ve-insan","7":"pa_cilt-ciltsiz","8":"pa_tur-kitap","9":"pa_yayinevi-dipnot-yayinlari","10":"pa_yazar-balki-safak","11":"pa_yazar-n-serpil-altintek","12":"pa_yazar-sibel-ozbudun","14":"first","15":"instock","16":"sale","17":"shipping-taxable","18":"purchasable","19":"product-type-simple"},"_links":{"self":[{"href":"https:\/\/roveyayinevi.com.tr\/index.php\/wp-json\/wp\/v2\/product\/695492","targetHints":{"allow":["GET"]}}],"collection":[{"href":"https:\/\/roveyayinevi.com.tr\/index.php\/wp-json\/wp\/v2\/product"}],"about":[{"href":"https:\/\/roveyayinevi.com.tr\/index.php\/wp-json\/wp\/v2\/types\/product"}],"wp:attachment":[{"href":"https:\/\/roveyayinevi.com.tr\/index.php\/wp-json\/wp\/v2\/media?parent=695492"}],"wp:term":[{"taxonomy":"product_brand","embeddable":true,"href":"https:\/\/roveyayinevi.com.tr\/index.php\/wp-json\/wp\/v2\/product_brand?post=695492"},{"taxonomy":"product_cat","embeddable":true,"href":"https:\/\/roveyayinevi.com.tr\/index.php\/wp-json\/wp\/v2\/product_cat?post=695492"},{"taxonomy":"product_tag","embeddable":true,"href":"https:\/\/roveyayinevi.com.tr\/index.php\/wp-json\/wp\/v2\/product_tag?post=695492"}],"curies":[{"name":"wp","href":"https:\/\/api.w.org\/{rel}","templated":true}]}}