{"id":695490,"date":"2025-08-27T14:29:17","date_gmt":"2025-08-27T11:29:17","guid":{"rendered":"https:\/\/roveyayinevi.com.tr\/index.php\/urun\/leyleklerin-ucusu\/"},"modified":"2026-04-16T02:05:10","modified_gmt":"2026-04-15T23:05:10","slug":"leyleklerin-ucusu","status":"publish","type":"product","link":"https:\/\/roveyayinevi.com.tr\/index.php\/urun\/leyleklerin-ucusu\/","title":{"rendered":"Leyleklerin U\u00e7u\u015fu"},"content":{"rendered":"<p>G\u00f6\u00e7men ku\u015flard\u0131r leylekler. Her bahar Avrupa\u2019ya gelir, yaz sonunda tekrar Afrika\u2019ya do\u011fru yola \u00e7\u0131karlar. Ama bu y\u0131l geri d\u00f6nmeyecekler.. Louis Antioche\u2019un kay\u0131p leyleklerin s\u0131rr\u0131n\u0131 \u00e7\u00f6zmek i\u00e7in \u00e7\u0131kt\u0131\u011f\u0131 yolculuk k\u0131sa s\u00fcrede kabusa d\u00f6n\u00fc\u015f\u00fcr. Par\u00e7alanm\u0131\u015f cesetler, nereden \u00e7\u0131kt\u0131\u011f\u0131 belli olmayan katiller&#8230; Aray\u0131\u015f\u0131 onu, Bulgaristan\u2019daki \u00c7ingene mahallerinden i\u015fgal alt\u0131ndaki topraklar\u0131n g\u00fcne\u015fte kavrulan kibutzlar\u0131na, Orta Afrika Cumhuriyeti\u2019nin balta girmemi\u015f ormanlar\u0131ndan Kalk\u00fcta\u2019n\u0131n araka sokaklar\u0131na kadar g\u00f6t\u00fcrecektir. Hatta cehenneme kadar&#8230; S\u0131n\u0131r tan\u0131mayan bir hayal g\u00fcc\u00fc, kusursuz bir kurgu, t\u00fcyler \u00fcrpertici \u015fiddet sahneleri, nefes nefese bir gerilim. Jean-Christophe Grange\u2019yi bu tarz\u0131n zirvesine \u00e7\u0131karan, K\u0131z\u0131l Nehirler\u2019i d\u00fcnya \u00e7ap\u0131nda bir ba\u015far\u0131ya ula\u015ft\u0131ran bu nitelikler, Leyleklerin U\u00e7u\u015fu\u2019nda da var. Korkutucu bir yolculuk, \u015fa\u015f\u0131rt\u0131c\u0131 bir kitap! K\u0131z\u0131l Nehirler ve Ta\u015f Meclisi\u2019ni okudum. \u0130nan\u0131yorumki biz polisiye roman yazarlar\u0131 \u00e7ok sa\u011flam, s\u0131k\u0131, sarkmayan, soluk solu\u011fa okunan bir kurguyla, edebiyat\u0131n temel i\u015flevi olan insan benli\u011fine yolculu\u011fu ger\u00e7ekle\u015ftirebiliriz. &#8211; Ahmet \u00dcmit- Yeni bir Stephen King, Soluk solu\u011fa bir tempo, dozu hi\u00e7 azalmayan bir gerilim, ger\u00e7ek\u00fcst\u00fc \u015fiddet sahneleri. Grange inan\u0131lmaz bir ustal\u0131k sergiliyor. &#8211; VSD, Fransa- <\/p>\n","protected":false},"excerpt":{"rendered":"<p>G\u00f6\u00e7men ku\u015flard\u0131r leylekler. Her bahar Avrupa\u2019ya gelir, yaz sonunda tekrar Afrika\u2019ya do\u011fru yola \u00e7\u0131karlar. Ama bu y\u0131l geri d\u00f6nmeyecekler.. Louis Antioche\u2019un kay\u0131p leyleklerin s\u0131rr\u0131n\u0131 \u00e7\u00f6zmek i\u00e7in<span class=\"excerpt-hellip\"> [\u2026]<\/span><\/p>\n","protected":false},"featured_media":0,"template":"","meta":{"_monsterinsights_skip_tracking":false,"_monsterinsights_sitenote_active":false,"_monsterinsights_sitenote_note":"","_monsterinsights_sitenote_category":0},"product_brand":[],"product_cat":[12291,13376],"product_tag":[],"class_list":{"0":"post-695490","1":"product","2":"type-product","3":"status-publish","5":"product_cat-edebiyat","6":"product_cat-fransiz-edebiyati","7":"pa_cilt-ciltsiz","8":"pa_tur-kitap","9":"pa_yayinevi-dogan-kitap","10":"pa_yazar-jean-christophe-grange","12":"first","13":"instock","14":"sale","15":"shipping-taxable","16":"purchasable","17":"product-type-simple"},"_links":{"self":[{"href":"https:\/\/roveyayinevi.com.tr\/index.php\/wp-json\/wp\/v2\/product\/695490","targetHints":{"allow":["GET"]}}],"collection":[{"href":"https:\/\/roveyayinevi.com.tr\/index.php\/wp-json\/wp\/v2\/product"}],"about":[{"href":"https:\/\/roveyayinevi.com.tr\/index.php\/wp-json\/wp\/v2\/types\/product"}],"wp:attachment":[{"href":"https:\/\/roveyayinevi.com.tr\/index.php\/wp-json\/wp\/v2\/media?parent=695490"}],"wp:term":[{"taxonomy":"product_brand","embeddable":true,"href":"https:\/\/roveyayinevi.com.tr\/index.php\/wp-json\/wp\/v2\/product_brand?post=695490"},{"taxonomy":"product_cat","embeddable":true,"href":"https:\/\/roveyayinevi.com.tr\/index.php\/wp-json\/wp\/v2\/product_cat?post=695490"},{"taxonomy":"product_tag","embeddable":true,"href":"https:\/\/roveyayinevi.com.tr\/index.php\/wp-json\/wp\/v2\/product_tag?post=695490"}],"curies":[{"name":"wp","href":"https:\/\/api.w.org\/{rel}","templated":true}]}}