{"id":695488,"date":"2025-08-27T14:29:16","date_gmt":"2025-08-27T11:29:16","guid":{"rendered":"https:\/\/roveyayinevi.com.tr\/index.php\/urun\/kitle-iletisim-kuramlari\/"},"modified":"2026-04-16T02:05:10","modified_gmt":"2026-04-15T23:05:10","slug":"kitle-iletisim-kuramlari","status":"publish","type":"product","link":"https:\/\/roveyayinevi.com.tr\/index.php\/urun\/kitle-iletisim-kuramlari\/","title":{"rendered":"Kitle \u0130leti\u015fim Kuramlar\u0131"},"content":{"rendered":"<p>Medya var olan toplumsal yap\u0131n\u0131n s\u00fcrd\u00fcr\u00fclmesinde ve yeniden \u00fcretilmesinde \u00e7ok \u00f6nemli ideolojik ve ekonomik i\u015flevleri olan \u00f6nemli kurumlardand\u0131r. \u00d6zellikle k\u00fcreselle\u015fme s\u00fcrecinde medyan\u0131n \u00e7okuluslu \u015firketler ve onlar\u0131n yerli ortaklar\u0131 taraf\u0131ndan kontrol edilmesi ya\u015fanan s\u00fcrecin anla\u015f\u0131lmas\u0131nda ileti\u015fim kuramlar\u0131n\u0131 \u00e7ok daha \u00f6nemli bir hale getirmi\u015ftir. Bu kitapta, kitle ileti\u015fim kuramlar\u0131na y\u00f6nelik egemen ve ele\u015ftirel bak\u0131\u015f a\u00e7\u0131lar\u0131 b\u00fct\u00fcnl\u00fckl\u00fc bir \u015fekilde ele al\u0131nmakta ve kitle ileti\u015fiminin ekonomik ve ideolojik i\u015flevleri ele\u015ftirel bir bak\u0131\u015f a\u00e7\u0131s\u0131yla sunulmaktad\u0131r. Bunu yaparken tarihsel bir geli\u015fim s\u00fcreci i\u00e7erisinde egemen ve ele\u015ftirel yakla\u015f\u0131mlar, kendi epistemolojik ve metodolojik b\u00fct\u00fcnl\u00fckleri i\u00e7erisinde de\u011ferlendirmektedir.<\/p>\n","protected":false},"excerpt":{"rendered":"<p>Medya var olan toplumsal yap\u0131n\u0131n s\u00fcrd\u00fcr\u00fclmesinde ve yeniden \u00fcretilmesinde \u00e7ok \u00f6nemli ideolojik ve ekonomik i\u015flevleri olan \u00f6nemli kurumlardand\u0131r. \u00d6zellikle k\u00fcreselle\u015fme s\u00fcrecinde medyan\u0131n \u00e7okuluslu \u015firketler ve onlar\u0131n<span class=\"excerpt-hellip\"> [\u2026]<\/span><\/p>\n","protected":false},"featured_media":0,"template":"","meta":{"_monsterinsights_skip_tracking":false,"_monsterinsights_sitenote_active":false,"_monsterinsights_sitenote_note":"","_monsterinsights_sitenote_category":0},"product_brand":[],"product_cat":[12325,12324],"product_tag":[],"class_list":{"0":"post-695488","1":"product","2":"type-product","3":"status-publish","5":"product_cat-diger-sosyoloji","6":"product_cat-sosyoloji","7":"pa_cilt-ciltsiz","8":"pa_tur-kitap","9":"pa_yayinevi-dipnot-yayinlari","10":"pa_yazar-levent-yaylagul","12":"first","13":"instock","14":"sale","15":"shipping-taxable","16":"purchasable","17":"product-type-simple"},"_links":{"self":[{"href":"https:\/\/roveyayinevi.com.tr\/index.php\/wp-json\/wp\/v2\/product\/695488","targetHints":{"allow":["GET"]}}],"collection":[{"href":"https:\/\/roveyayinevi.com.tr\/index.php\/wp-json\/wp\/v2\/product"}],"about":[{"href":"https:\/\/roveyayinevi.com.tr\/index.php\/wp-json\/wp\/v2\/types\/product"}],"wp:attachment":[{"href":"https:\/\/roveyayinevi.com.tr\/index.php\/wp-json\/wp\/v2\/media?parent=695488"}],"wp:term":[{"taxonomy":"product_brand","embeddable":true,"href":"https:\/\/roveyayinevi.com.tr\/index.php\/wp-json\/wp\/v2\/product_brand?post=695488"},{"taxonomy":"product_cat","embeddable":true,"href":"https:\/\/roveyayinevi.com.tr\/index.php\/wp-json\/wp\/v2\/product_cat?post=695488"},{"taxonomy":"product_tag","embeddable":true,"href":"https:\/\/roveyayinevi.com.tr\/index.php\/wp-json\/wp\/v2\/product_tag?post=695488"}],"curies":[{"name":"wp","href":"https:\/\/api.w.org\/{rel}","templated":true}]}}