{"id":695485,"date":"2025-08-27T14:29:16","date_gmt":"2025-08-27T11:29:16","guid":{"rendered":"https:\/\/roveyayinevi.com.tr\/index.php\/urun\/az\/"},"modified":"2026-04-16T02:05:10","modified_gmt":"2026-04-15T23:05:10","slug":"az","status":"publish","type":"product","link":"https:\/\/roveyayinevi.com.tr\/index.php\/urun\/az\/","title":{"rendered":"Az"},"content":{"rendered":"<p>Bir tarikat \u015feyhinin o\u011fluyla evlendirilen 11 ya\u015f\u0131ndaki korucu k\u0131z\u0131 Derd\u00e2 ile hapisteki bir gasp\u00e7\u0131n\u0131n ayn\u0131 ya\u015ftaki o\u011flu \u201cmezarl\u0131k \u00e7ocu\u011fu\u201d Derda\u2019n\u0131n bir mezarl\u0131kta kesi\u015fen hayatlar\u0131n\u0131n, bu iki \u00e7ocu\u011fun k\u0131rk y\u0131l boyunca her t\u00fcr \u015fiddetle yontulup birbirlerine haz\u0131rlan\u0131\u015flar\u0131n\u0131n, (b\u00fct\u00fcn anlamlar\u0131yla) Yaz\u0131\u2019n\u0131n onlar\u0131 birle\u015ftirmesinin hik\u00e2yesi. \u00c7ocuk \u015fiddeti, hayat\u0131n \u015fiddeti, a\u015fk\u0131n \u015fiddeti, inanc\u0131n \u015fiddeti, h\u0131rs\u0131n \u015fiddeti \u00fczerine, A\u2019dan Z\u2019ye \u015fiddet \u00fczerine, dilin ve yaz\u0131n\u0131n \u015fiddetiyle bir roman&#8230;     \u201cDiyebilirsin ki, bir insan\u0131, foto\u011fraflar\u0131ndan ve hakk\u0131ndaki haberlerden ne kadar tan\u0131yabilirsin? Hakl\u0131s\u0131n. Belki de \u00e7ok az&#8230; O zaman \u015f\u00f6yle demeliyim: Seni az tan\u0131yorum&#8230; Az&#8230; Sen de fark ettin mi? Az dedi\u011fin, k\u00fc\u00e7\u00fcc\u00fck bir kelime. Sadece A ve Z. Sadece iki harf. Ama aralar\u0131nda koca bir alfabe var. O alfabeyle yaz\u0131lm\u0131\u015f onbinlerce kelime ve y\u00fczbinlerce c\u00fcmle var. Sana s\u00f6ylemek isteyip de yazamad\u0131\u011f\u0131m s\u00f6zler bile o iki harfin aras\u0131nda. Biri ba\u015flang\u0131\u00e7, di\u011feri son. Ama sanki birbirlerii\u00e7in yarat\u0131lm\u0131\u015flar. Yan yana gelip de birlikte okunmak i\u00e7in. Aralar\u0131ndaki her harfi teker teker a\u015f\u0131p birbirlerine kavu\u015fmu\u015f gibiler. Senin ve benim gibi&#8230;\u201d  <\/p>\n","protected":false},"excerpt":{"rendered":"<p>Bir tarikat \u015feyhinin o\u011fluyla evlendirilen 11 ya\u015f\u0131ndaki korucu k\u0131z\u0131 Derd\u00e2 ile hapisteki bir gasp\u00e7\u0131n\u0131n ayn\u0131 ya\u015ftaki o\u011flu \u201cmezarl\u0131k \u00e7ocu\u011fu\u201d Derda\u2019n\u0131n bir mezarl\u0131kta kesi\u015fen hayatlar\u0131n\u0131n, bu iki<span class=\"excerpt-hellip\"> [\u2026]<\/span><\/p>\n","protected":false},"featured_media":0,"template":"","meta":{"_monsterinsights_skip_tracking":false,"_monsterinsights_sitenote_active":false,"_monsterinsights_sitenote_note":"","_monsterinsights_sitenote_category":0},"product_brand":[],"product_cat":[13835],"product_tag":[],"class_list":{"0":"post-695485","1":"product","2":"type-product","3":"status-publish","5":"product_cat-cok-satanlar","6":"pa_cilt-ciltsiz","7":"pa_tur-kitap","8":"pa_yayinevi-dogan-kitap","9":"pa_yazar-hakan-gunday","11":"first","12":"instock","13":"sale","14":"shipping-taxable","15":"purchasable","16":"product-type-simple"},"_links":{"self":[{"href":"https:\/\/roveyayinevi.com.tr\/index.php\/wp-json\/wp\/v2\/product\/695485","targetHints":{"allow":["GET"]}}],"collection":[{"href":"https:\/\/roveyayinevi.com.tr\/index.php\/wp-json\/wp\/v2\/product"}],"about":[{"href":"https:\/\/roveyayinevi.com.tr\/index.php\/wp-json\/wp\/v2\/types\/product"}],"wp:attachment":[{"href":"https:\/\/roveyayinevi.com.tr\/index.php\/wp-json\/wp\/v2\/media?parent=695485"}],"wp:term":[{"taxonomy":"product_brand","embeddable":true,"href":"https:\/\/roveyayinevi.com.tr\/index.php\/wp-json\/wp\/v2\/product_brand?post=695485"},{"taxonomy":"product_cat","embeddable":true,"href":"https:\/\/roveyayinevi.com.tr\/index.php\/wp-json\/wp\/v2\/product_cat?post=695485"},{"taxonomy":"product_tag","embeddable":true,"href":"https:\/\/roveyayinevi.com.tr\/index.php\/wp-json\/wp\/v2\/product_tag?post=695485"}],"curies":[{"name":"wp","href":"https:\/\/api.w.org\/{rel}","templated":true}]}}