{"id":695484,"date":"2025-08-27T14:29:15","date_gmt":"2025-08-27T11:29:15","guid":{"rendered":"https:\/\/roveyayinevi.com.tr\/index.php\/urun\/aynada-ask-vardi\/"},"modified":"2026-04-16T02:05:10","modified_gmt":"2026-04-15T23:05:10","slug":"aynada-ask-vardi","status":"publish","type":"product","link":"https:\/\/roveyayinevi.com.tr\/index.php\/urun\/aynada-ask-vardi\/","title":{"rendered":"Aynada A\u015fk Vard\u0131"},"content":{"rendered":"<p>Duygu Asena, o bildi\u011finiz ak\u0131c\u0131, yal\u0131n ve etkileyici anlat\u0131m\u0131yla yine kar\u015f\u0131n\u0131zda. Yazar\u0131n be\u015finci kitab\u0131 Aynada A\u015fk Vard\u0131 \u00e7arp\u0131c\u0131 kurgusuyla sizi gene i\u00e7ine al\u0131verecek.   Gene kad\u0131nlar, gene erkekler, gene a\u015fklar&#8230; \u00dc\u00e7 ku\u015fak kad\u0131n; anneanne, k\u0131z, torun&#8230; Nil\u00fcfer, Berlin\u2019de Hitler\u2019i dinliyor. Nilg\u00fcn, Ay\u2019a inen astronotlar\u0131 izliyor. Nil, Sting konserinde&#8230;   Ve elbette \u00fc\u00e7\u00fc de \u00e2\u015f\u0131k&#8230;   A\u015fklar\u0131n kimi ac\u0131l\u0131, kimi g\u00fcl\u00fcn\u00e7, kimi mant\u0131kl\u0131. Bu a\u015fklar sizi bazen g\u00fcld\u00fcrecek, bazen de k\u0131zd\u0131r\u0131p h\u00fcz\u00fcnlendirecek.   Ama a\u015fk\u0131 size do\u011fru bir ad\u0131m yakla\u015ft\u0131racak\u2026 <\/p>\n","protected":false},"excerpt":{"rendered":"<p>Duygu Asena, o bildi\u011finiz ak\u0131c\u0131, yal\u0131n ve etkileyici anlat\u0131m\u0131yla yine kar\u015f\u0131n\u0131zda. Yazar\u0131n be\u015finci kitab\u0131 Aynada A\u015fk Vard\u0131 \u00e7arp\u0131c\u0131 kurgusuyla sizi gene i\u00e7ine al\u0131verecek. Gene kad\u0131nlar, gene<span class=\"excerpt-hellip\"> [\u2026]<\/span><\/p>\n","protected":false},"featured_media":0,"template":"","meta":{"_monsterinsights_skip_tracking":false,"_monsterinsights_sitenote_active":false,"_monsterinsights_sitenote_note":"","_monsterinsights_sitenote_category":0},"product_brand":[],"product_cat":[12291,12292],"product_tag":[],"class_list":{"0":"post-695484","1":"product","2":"type-product","3":"status-publish","5":"product_cat-edebiyat","6":"product_cat-turk-edebiyati","7":"pa_cilt-ciltsiz","8":"pa_tur-kitap","9":"pa_yayinevi-dogan-kitap","10":"pa_yazar-duygu-asena","12":"first","13":"instock","14":"sale","15":"shipping-taxable","16":"purchasable","17":"product-type-simple"},"_links":{"self":[{"href":"https:\/\/roveyayinevi.com.tr\/index.php\/wp-json\/wp\/v2\/product\/695484","targetHints":{"allow":["GET"]}}],"collection":[{"href":"https:\/\/roveyayinevi.com.tr\/index.php\/wp-json\/wp\/v2\/product"}],"about":[{"href":"https:\/\/roveyayinevi.com.tr\/index.php\/wp-json\/wp\/v2\/types\/product"}],"wp:attachment":[{"href":"https:\/\/roveyayinevi.com.tr\/index.php\/wp-json\/wp\/v2\/media?parent=695484"}],"wp:term":[{"taxonomy":"product_brand","embeddable":true,"href":"https:\/\/roveyayinevi.com.tr\/index.php\/wp-json\/wp\/v2\/product_brand?post=695484"},{"taxonomy":"product_cat","embeddable":true,"href":"https:\/\/roveyayinevi.com.tr\/index.php\/wp-json\/wp\/v2\/product_cat?post=695484"},{"taxonomy":"product_tag","embeddable":true,"href":"https:\/\/roveyayinevi.com.tr\/index.php\/wp-json\/wp\/v2\/product_tag?post=695484"}],"curies":[{"name":"wp","href":"https:\/\/api.w.org\/{rel}","templated":true}]}}