{"id":695482,"date":"2025-08-27T14:29:15","date_gmt":"2025-08-27T11:29:15","guid":{"rendered":"https:\/\/roveyayinevi.com.tr\/index.php\/urun\/ama-hangi-ataturk\/"},"modified":"2026-04-16T02:05:10","modified_gmt":"2026-04-15T23:05:10","slug":"ama-hangi-ataturk","status":"publish","type":"product","link":"https:\/\/roveyayinevi.com.tr\/index.php\/urun\/ama-hangi-ataturk\/","title":{"rendered":"Ama Hangi Atat\u00fcrk"},"content":{"rendered":"<p>Atat\u00fcrk resimlerinden birini se\u00e7erek \u00f6b\u00fcrlerinden \u00e7ok farkl\u0131, hatta \u00f6b\u00fcrlerine z\u0131t Atat\u00fcrk kurgular\u0131 yapmak m\u00fcmk\u00fcn ve kolayd\u0131r. Sol Kemalistlerin kurgulad\u0131\u011f\u0131 Kalpakl\u0131 Mustafa Kemal, Milli M\u00fccadele d\u00f6nemindeki sol resimleri kullanan Mustafa Kemal Pa\u015fa&#8217;d\u0131r. Ba\u015f Dostu Lenin&#8217;dir. Do\u011fan Avc\u0131o\u011flu&#8217;nun kurgulad\u0131\u011f\u0131 Atat\u00fcrk&#8217; t\u00fcr bu.<\/p>\n","protected":false},"excerpt":{"rendered":"<p>Atat\u00fcrk resimlerinden birini se\u00e7erek \u00f6b\u00fcrlerinden \u00e7ok farkl\u0131, hatta \u00f6b\u00fcrlerine z\u0131t Atat\u00fcrk kurgular\u0131 yapmak m\u00fcmk\u00fcn ve kolayd\u0131r. Sol Kemalistlerin kurgulad\u0131\u011f\u0131 Kalpakl\u0131 Mustafa Kemal, Milli M\u00fccadele d\u00f6nemindeki sol<span class=\"excerpt-hellip\"> [\u2026]<\/span><\/p>\n","protected":false},"featured_media":0,"template":"","meta":{"_monsterinsights_skip_tracking":false,"_monsterinsights_sitenote_active":false,"_monsterinsights_sitenote_note":"","_monsterinsights_sitenote_category":0},"product_brand":[],"product_cat":[12530,12304],"product_tag":[],"class_list":{"0":"post-695482","1":"product","2":"type-product","3":"status-publish","5":"product_cat-mustafa-kemal-ataturk","6":"product_cat-tarih","7":"pa_cilt-ciltsiz","8":"pa_tur-kitap","9":"pa_yayinevi-dogan-kitap","10":"pa_yazar-taha-akyol","12":"first","13":"instock","14":"sale","15":"shipping-taxable","16":"purchasable","17":"product-type-simple"},"_links":{"self":[{"href":"https:\/\/roveyayinevi.com.tr\/index.php\/wp-json\/wp\/v2\/product\/695482","targetHints":{"allow":["GET"]}}],"collection":[{"href":"https:\/\/roveyayinevi.com.tr\/index.php\/wp-json\/wp\/v2\/product"}],"about":[{"href":"https:\/\/roveyayinevi.com.tr\/index.php\/wp-json\/wp\/v2\/types\/product"}],"wp:attachment":[{"href":"https:\/\/roveyayinevi.com.tr\/index.php\/wp-json\/wp\/v2\/media?parent=695482"}],"wp:term":[{"taxonomy":"product_brand","embeddable":true,"href":"https:\/\/roveyayinevi.com.tr\/index.php\/wp-json\/wp\/v2\/product_brand?post=695482"},{"taxonomy":"product_cat","embeddable":true,"href":"https:\/\/roveyayinevi.com.tr\/index.php\/wp-json\/wp\/v2\/product_cat?post=695482"},{"taxonomy":"product_tag","embeddable":true,"href":"https:\/\/roveyayinevi.com.tr\/index.php\/wp-json\/wp\/v2\/product_tag?post=695482"}],"curies":[{"name":"wp","href":"https:\/\/api.w.org\/{rel}","templated":true}]}}