{"id":695480,"date":"2025-08-27T14:29:15","date_gmt":"2025-08-27T11:29:15","guid":{"rendered":"https:\/\/roveyayinevi.com.tr\/index.php\/urun\/yeni-islami-burjuvazi-turk-modeli\/"},"modified":"2026-04-16T02:05:10","modified_gmt":"2026-04-15T23:05:10","slug":"yeni-islami-burjuvazi-turk-modeli","status":"publish","type":"product","link":"https:\/\/roveyayinevi.com.tr\/index.php\/urun\/yeni-islami-burjuvazi-turk-modeli\/","title":{"rendered":"Yeni \u0130slami Burjuvazi T\u00fcrk Modeli"},"content":{"rendered":"<p>T\u00fcrkiye\u2019de AKP\u2019nin 2002\u2019de tek ba\u015f\u0131na h\u00fck\u00fcmet kurmas\u0131yla siyasal\u0130sl\u00e2m\u0131n iktidar olma m\u00fccadelesinde hedefe var\u0131lm\u0131\u015f oldu. Fakat \u0130sl\u00e2m\u00eekimlik, iktidara gelmeden \u00e7ok \u00f6nce s\u0131n\u0131fsal bir nitelik kazanm\u0131\u015ft\u0131. Bud\u00f6n\u00fc\u015f\u00fcmde, 1990 y\u0131l\u0131nda \u0130stanbul\u2019da, \u0130sl\u00e2m\u00ee hareketle g\u00fc\u00e7l\u00fc ba\u011flar\u0131olan bir ekonomik se\u00e7kinler toplulu\u011fu taraf\u0131ndan kurulan M\u00dcS\u0130AD\u2019\u0131netkisi belirleyiciydi. M\u00dcS\u0130AD\u2019\u0131n T\u00fcrkiye siyaseti \u00fczerindeki g\u00fcc\u00fcn\u00fc,kurucu ba\u015fkanlar\u0131ndan Erol Yarar \u015f\u00f6yle a\u00e7\u0131kl\u0131yor: \u201cT\u00dcS\u0130AD ge\u00e7mi\u015f,M\u00dcS\u0130AD gelecek demek.\u201d Bu kitaba konu olan sosyal tarih, bir \u00e7\u0131kargrubunun g\u00fcc\u00fcn\u00fcn, \u00fcyelerinin inanc\u0131nda, azminde ve iradesinde gizlioldu\u011fu tezini do\u011fruluyor. <\/p>\n","protected":false},"excerpt":{"rendered":"<p>T\u00fcrkiye\u2019de AKP\u2019nin 2002\u2019de tek ba\u015f\u0131na h\u00fck\u00fcmet kurmas\u0131yla siyasal\u0130sl\u00e2m\u0131n iktidar olma m\u00fccadelesinde hedefe var\u0131lm\u0131\u015f oldu. Fakat \u0130sl\u00e2m\u00eekimlik, iktidara gelmeden \u00e7ok \u00f6nce s\u0131n\u0131fsal bir nitelik kazanm\u0131\u015ft\u0131. Bud\u00f6n\u00fc\u015f\u00fcmde, 1990<span class=\"excerpt-hellip\"> [\u2026]<\/span><\/p>\n","protected":false},"featured_media":0,"template":"","meta":{"_monsterinsights_skip_tracking":false,"_monsterinsights_sitenote_active":false,"_monsterinsights_sitenote_note":"","_monsterinsights_sitenote_category":0},"product_brand":[],"product_cat":[12312,12304],"product_tag":[],"class_list":{"0":"post-695480","1":"product","2":"type-product","3":"status-publish","5":"product_cat-diger","6":"product_cat-tarih","7":"pa_cilt-ciltsiz","8":"pa_tur-kitap","9":"pa_yayinevi-iletisim-yayinlari","10":"pa_yazar-dilek-yankaya","12":"first","13":"instock","14":"sale","15":"shipping-taxable","16":"purchasable","17":"product-type-simple"},"_links":{"self":[{"href":"https:\/\/roveyayinevi.com.tr\/index.php\/wp-json\/wp\/v2\/product\/695480","targetHints":{"allow":["GET"]}}],"collection":[{"href":"https:\/\/roveyayinevi.com.tr\/index.php\/wp-json\/wp\/v2\/product"}],"about":[{"href":"https:\/\/roveyayinevi.com.tr\/index.php\/wp-json\/wp\/v2\/types\/product"}],"wp:attachment":[{"href":"https:\/\/roveyayinevi.com.tr\/index.php\/wp-json\/wp\/v2\/media?parent=695480"}],"wp:term":[{"taxonomy":"product_brand","embeddable":true,"href":"https:\/\/roveyayinevi.com.tr\/index.php\/wp-json\/wp\/v2\/product_brand?post=695480"},{"taxonomy":"product_cat","embeddable":true,"href":"https:\/\/roveyayinevi.com.tr\/index.php\/wp-json\/wp\/v2\/product_cat?post=695480"},{"taxonomy":"product_tag","embeddable":true,"href":"https:\/\/roveyayinevi.com.tr\/index.php\/wp-json\/wp\/v2\/product_tag?post=695480"}],"curies":[{"name":"wp","href":"https:\/\/api.w.org\/{rel}","templated":true}]}}