{"id":695477,"date":"2025-08-27T14:29:14","date_gmt":"2025-08-27T11:29:14","guid":{"rendered":"https:\/\/roveyayinevi.com.tr\/index.php\/urun\/33-kursun\/"},"modified":"2026-04-16T02:05:10","modified_gmt":"2026-04-15T23:05:10","slug":"33-kursun","status":"publish","type":"product","link":"https:\/\/roveyayinevi.com.tr\/index.php\/urun\/33-kursun\/","title":{"rendered":"33 Kur\u015fun"},"content":{"rendered":"<p>Elaz\u0131\u011f-Bing\u00f6l Karayolu\u2019nda 33 Askerimizin \u015eehit Edildi\u011fi Katliam\u0131n Tan\u0131klar\u0131 Anlat\u0131yor Bu inan\u0131lmaz katliam ba\u015fka bir \u00fclkede olsayd\u0131, o \u00fclkenin 33 silahs\u0131z askeri karayolunda otob\u00fcsleri durdurulup yere indirildi\u011finde ve ac\u0131mas\u0131zca taran\u0131p \u015fehit edildi\u011finde, \u00e7ok ba\u015fka olaylar ya\u015fan\u0131rd\u0131. Oysa biz olanlar\u0131 unuttuk bile! -Emin \u00c7\u00f6la\u015fan Bu olay nas\u0131l oldu? Sorumlular\u0131 kim? Katliam\u0131n sorumlusu oldu\u011funu bildi\u011fimiz ve halen cezaevinde bulunan \u015eemdin Sak\u0131k bu konuda neler s\u00f6yledi? P*KK ter\u00f6r\u00fcn\u00fcn en yo\u011fun oldu\u011fu bir d\u00f6nemde bu askerlerimizi Malatya\u2019dan otob\u00fcsle, silahs\u0131z ve korumas\u0131z yola \u00e7\u0131karanlar kimdi? Bu inan\u0131lmaz ihmal sonras\u0131nda yarg\u0131land\u0131lar m\u0131? Ceza ald\u0131lar m\u0131? Onlar silahlar\u0131n\u0131 bize do\u011fru \u00e7evirdikleri s\u0131rada kelimei \u015fehadet getirip kendimi yere att\u0131m. (&#8230;) Mermilerden biri baca\u011f\u0131ma isabet etmi\u015fti. Vurulanlar \u00fczerime d\u00fc\u015f\u00fcyor, kafama kur\u015fun gelmemesi i\u00e7in kendimi korumaya \u00e7al\u0131\u015f\u0131yordum. Hepimizin \u00f6ld\u00fc\u011f\u00fcnden emin olmak i\u00e7in s\u00fcrekli ate\u015f ediyorlard\u0131&#8230; <\/p>\n","protected":false},"excerpt":{"rendered":"<p>Elaz\u0131\u011f-Bing\u00f6l Karayolu\u2019nda 33 Askerimizin \u015eehit Edildi\u011fi Katliam\u0131n Tan\u0131klar\u0131 Anlat\u0131yor Bu inan\u0131lmaz katliam ba\u015fka bir \u00fclkede olsayd\u0131, o \u00fclkenin 33 silahs\u0131z askeri karayolunda otob\u00fcsleri durdurulup yere indirildi\u011finde<span class=\"excerpt-hellip\"> [\u2026]<\/span><\/p>\n","protected":false},"featured_media":0,"template":"","meta":{"_monsterinsights_skip_tracking":false,"_monsterinsights_sitenote_active":false,"_monsterinsights_sitenote_note":"","_monsterinsights_sitenote_category":0},"product_brand":[],"product_cat":[12312,12304],"product_tag":[],"class_list":{"0":"post-695477","1":"product","2":"type-product","3":"status-publish","5":"product_cat-diger","6":"product_cat-tarih","7":"pa_cilt-ciltsiz","8":"pa_tur-kitap","9":"pa_yayinevi-dogan-kitap","10":"pa_yazar-saygi-ozturk","12":"first","13":"instock","14":"sale","15":"shipping-taxable","16":"purchasable","17":"product-type-simple"},"_links":{"self":[{"href":"https:\/\/roveyayinevi.com.tr\/index.php\/wp-json\/wp\/v2\/product\/695477","targetHints":{"allow":["GET"]}}],"collection":[{"href":"https:\/\/roveyayinevi.com.tr\/index.php\/wp-json\/wp\/v2\/product"}],"about":[{"href":"https:\/\/roveyayinevi.com.tr\/index.php\/wp-json\/wp\/v2\/types\/product"}],"wp:attachment":[{"href":"https:\/\/roveyayinevi.com.tr\/index.php\/wp-json\/wp\/v2\/media?parent=695477"}],"wp:term":[{"taxonomy":"product_brand","embeddable":true,"href":"https:\/\/roveyayinevi.com.tr\/index.php\/wp-json\/wp\/v2\/product_brand?post=695477"},{"taxonomy":"product_cat","embeddable":true,"href":"https:\/\/roveyayinevi.com.tr\/index.php\/wp-json\/wp\/v2\/product_cat?post=695477"},{"taxonomy":"product_tag","embeddable":true,"href":"https:\/\/roveyayinevi.com.tr\/index.php\/wp-json\/wp\/v2\/product_tag?post=695477"}],"curies":[{"name":"wp","href":"https:\/\/api.w.org\/{rel}","templated":true}]}}