{"id":695475,"date":"2025-08-27T14:29:13","date_gmt":"2025-08-27T11:29:13","guid":{"rendered":"https:\/\/roveyayinevi.com.tr\/index.php\/urun\/kuresel-kriz-ve-yeni-ekonomik-duzen-ulke-deneyimleri-isiginda\/"},"modified":"2026-04-16T02:05:10","modified_gmt":"2026-04-15T23:05:10","slug":"kuresel-kriz-ve-yeni-ekonomik-duzen-ulke-deneyimleri-isiginda","status":"publish","type":"product","link":"https:\/\/roveyayinevi.com.tr\/index.php\/urun\/kuresel-kriz-ve-yeni-ekonomik-duzen-ulke-deneyimleri-isiginda\/","title":{"rendered":"K\u00fcresel Kriz ve Yeni Ekonomik D\u00fczen: \u00dclke Deneyimleri I\u015f\u0131\u011f\u0131nda"},"content":{"rendered":"<p>Uluslararas\u0131 ekonomik ve siyasal sistem bir ge\u00e7i\u015f d\u00f6neminde. 2008\u2019de ba\u015flayan ve t\u00fcm Bat\u0131 \u00fclkelerini etkisi alt\u0131na alan ekonomik kriz, bu ge\u00e7i\u015f d\u00f6nemini hem h\u0131zland\u0131rd\u0131 hem de paradigma de\u011fi\u015ftirici bir k\u0131r\u0131lma noktas\u0131 oldu. Krizi \u00f6nemli k\u0131lan da esas bu.\u00dclke Deneyimleri I\u015f\u0131\u011f\u0131nda K\u00fcresel Kriz ve Yeni Ekonomik D\u00fczen, bu krizin b\u00fct\u00fcn boyutlar\u0131yla anla\u015f\u0131lmas\u0131n\u0131 ama\u00e7l\u0131yor. Kriz \u00f6ncesi d\u00f6nemi, krizin etkilerini, al\u0131nan ve al\u0131namayan \u00f6nlemleri, kriz sonras\u0131 senaryolar\u0131 inceliyor. De\u011fi\u015fen g\u00fc\u00e7 dengelerine \u0131\u015f\u0131k tutuyor. Aralar\u0131nda T\u00fcrkiye\u2019nin de yer ald\u0131\u011f\u0131 \u201cy\u00fckselen piyasalar\u201da ili\u015fkin ayr\u0131nt\u0131l\u0131 \u00fclke ara\u015ft\u0131rmalar\u0131na yer veriyor. <\/p>\n","protected":false},"excerpt":{"rendered":"<p>Uluslararas\u0131 ekonomik ve siyasal sistem bir ge\u00e7i\u015f d\u00f6neminde. 2008\u2019de ba\u015flayan ve t\u00fcm Bat\u0131 \u00fclkelerini etkisi alt\u0131na alan ekonomik kriz, bu ge\u00e7i\u015f d\u00f6nemini hem h\u0131zland\u0131rd\u0131 hem de<span class=\"excerpt-hellip\"> [\u2026]<\/span><\/p>\n","protected":false},"featured_media":0,"template":"","meta":{"_monsterinsights_skip_tracking":false,"_monsterinsights_sitenote_active":false,"_monsterinsights_sitenote_note":"","_monsterinsights_sitenote_category":0},"product_brand":[],"product_cat":[12364],"product_tag":[],"class_list":{"0":"post-695475","1":"product","2":"type-product","3":"status-publish","5":"product_cat-genel-konular","6":"pa_cilt-ciltsiz","7":"pa_tur-kitap","8":"pa_yayinevi-iletisim-yayinlari","9":"pa_yazar-caner-bakir-der","10":"pa_yazar-fikret-senesen","11":"pa_yazar-ziya-onis","13":"first","14":"instock","15":"sale","16":"shipping-taxable","17":"purchasable","18":"product-type-simple"},"_links":{"self":[{"href":"https:\/\/roveyayinevi.com.tr\/index.php\/wp-json\/wp\/v2\/product\/695475","targetHints":{"allow":["GET"]}}],"collection":[{"href":"https:\/\/roveyayinevi.com.tr\/index.php\/wp-json\/wp\/v2\/product"}],"about":[{"href":"https:\/\/roveyayinevi.com.tr\/index.php\/wp-json\/wp\/v2\/types\/product"}],"wp:attachment":[{"href":"https:\/\/roveyayinevi.com.tr\/index.php\/wp-json\/wp\/v2\/media?parent=695475"}],"wp:term":[{"taxonomy":"product_brand","embeddable":true,"href":"https:\/\/roveyayinevi.com.tr\/index.php\/wp-json\/wp\/v2\/product_brand?post=695475"},{"taxonomy":"product_cat","embeddable":true,"href":"https:\/\/roveyayinevi.com.tr\/index.php\/wp-json\/wp\/v2\/product_cat?post=695475"},{"taxonomy":"product_tag","embeddable":true,"href":"https:\/\/roveyayinevi.com.tr\/index.php\/wp-json\/wp\/v2\/product_tag?post=695475"}],"curies":[{"name":"wp","href":"https:\/\/api.w.org\/{rel}","templated":true}]}}