{"id":695473,"date":"2025-08-27T14:29:13","date_gmt":"2025-08-27T11:29:13","guid":{"rendered":"https:\/\/roveyayinevi.com.tr\/index.php\/urun\/bask-meselesi\/"},"modified":"2025-11-22T02:41:21","modified_gmt":"2025-11-21T23:41:21","slug":"bask-meselesi","status":"publish","type":"product","link":"https:\/\/roveyayinevi.com.tr\/index.php\/urun\/bask-meselesi\/","title":{"rendered":"Bask Meselesi"},"content":{"rendered":"<p>D\u00fcnyan\u0131n belki de ad\u0131n\u0131 konu\u015ftu\u011fu dilden alan tek \u00fclkesi, Bask; yani Euskadi, yani Euskera (Bask\u00e7a) dilini konu\u015fanlar\u0131n \u00fclkesi. Euskera, Avrupa\u2019n\u0131n ya\u015fayan en eski dili. Hi\u00e7bir dil ailesinde yer alm\u0131yor ve h\u00e2l\u00e2 s\u0131n\u0131fland\u0131r\u0131lamam\u0131\u015f&#8230; Victor Hugo bu dilin, onu konu\u015fanlar a\u00e7\u0131s\u0131ndan \u00f6nemini \u015f\u00f6yle ifade etmi\u015f:  Bask dili bir vatan, hemen hemen bir dindir.  As\u0131rlarca \u0130spanya ve Fransa gibi s\u00f6m\u00fcrgecilikte  uzman  iki devletin k\u0131skac\u0131nda  kendinin olan\u0131 korumak ve kendisi olarak ya\u015famakta  direnmi\u015f bir halk, Bask halk\u0131. Bir nevi anayasalar\u0131 olarak kabul ettikleri  fuero larla Tarihsel Bask B\u00f6lgeleri olarak bilinen yedi b\u00f6lgede kendi sistemleri ile ya\u015fayan, ad\u0131 ge\u00e7en iki devletin m\u00fcdahalelerine kar\u015f\u0131 kendinin olan\u0131 korumaya \u00e7al\u0131\u015fan bir halk. Bask\u0131 ve yasaklar\u0131n do\u011furdu\u011fu ve otonomi ile sonu\u00e7lanan as\u0131rl\u0131k bir direni\u015f; Bask milliyet\u00e7ili\u011fi&#8230; Franco\u2019nun \u00f6l\u00fcm\u00fcyle ba\u015flayan demokrasi d\u00f6neminin Bask sorununa yan\u0131t\u0131 ise  Bask Otonomisi .  Bask\u00e7\u0131  partilerin  \u00e7\u00f6z\u00fcmlenmemi\u015f tarihsel bir siyasi sorun ,  \u0130spanyolcu  partilerin ise  Bask milliyet\u00e7ili\u011fi sorunu  olarak adland\u0131rd\u0131klar\u0131, ama nas\u0131l tarif edilirse edilsin, g\u00fcn\u00fcm\u00fczdeki otonominin de tamamen derman olamad\u0131\u011f\u0131 bir sorun,  Bask sorunu . Elinizdeki kitap, b\u00fct\u00fcn bu tarihsel s\u00fcrecin, s\u00fcren \u00e7at\u0131\u015fmalar\u0131n ve bitmeyen bar\u0131\u015f umudunun hik\u00e2yesi. Silahlara veda etti\u011fi san\u0131lan ETA\u2019n\u0131n ve yeniden silahlara d\u00f6n\u00fc\u015f\u00fcn ini\u015fli \u00e7\u0131k\u0131\u015fl\u0131 ve uzun y\u0131llara yay\u0131lan hik\u00e2yesi. ETA\u2019n\u0131n siyasi kanad\u0131 olarak bilinen Herri Batasuna (Halk Birli\u011fi) ve ard\u0131llar\u0131n\u0131n \u00f6yk\u00fcs\u00fc.  Nereden geliyor, nereye do\u011fru gidiyor, ne istiyor Baskl\u0131lar?  \u00c7e\u015fitli kurumlar\u0131n yetkilileri, sendikac\u0131, akademisyen ve siyasi parti temsilcileriyle yap\u0131lan r\u00f6portajlarla zenginle\u015ftirilen bu \u00e7al\u0131\u015fmayla Bask sorununun yan\u0131t\u0131 arand\u0131. Hik\u00e2ye, avc\u0131lar\u0131n de\u011fil aslanlar\u0131n g\u00f6z\u00fcnden anlat\u0131lmaya \u00e7al\u0131\u015f\u0131ld\u0131. <\/p>\n","protected":false},"excerpt":{"rendered":"<p>D\u00fcnyan\u0131n belki de ad\u0131n\u0131 konu\u015ftu\u011fu dilden alan tek \u00fclkesi, Bask; yani Euskadi, yani Euskera (Bask\u00e7a) dilini konu\u015fanlar\u0131n \u00fclkesi. Euskera, Avrupa\u2019n\u0131n ya\u015fayan en eski dili. Hi\u00e7bir dil<span class=\"excerpt-hellip\"> [\u2026]<\/span><\/p>\n","protected":false},"featured_media":0,"template":"","meta":{"_monsterinsights_skip_tracking":false,"_monsterinsights_sitenote_active":false,"_monsterinsights_sitenote_note":"","_monsterinsights_sitenote_category":0},"product_brand":[],"product_cat":[12312,12304],"product_tag":[],"class_list":{"0":"post-695473","1":"product","2":"type-product","3":"status-publish","5":"product_cat-diger","6":"product_cat-tarih","7":"pa_cilt-ciltsiz","8":"pa_tur-kitap","9":"pa_yayinevi-dipnot-yayinlari","10":"pa_yazar-zekine-turkeri","12":"first","13":"instock","14":"sale","15":"shipping-taxable","16":"purchasable","17":"product-type-simple"},"_links":{"self":[{"href":"https:\/\/roveyayinevi.com.tr\/index.php\/wp-json\/wp\/v2\/product\/695473","targetHints":{"allow":["GET"]}}],"collection":[{"href":"https:\/\/roveyayinevi.com.tr\/index.php\/wp-json\/wp\/v2\/product"}],"about":[{"href":"https:\/\/roveyayinevi.com.tr\/index.php\/wp-json\/wp\/v2\/types\/product"}],"wp:attachment":[{"href":"https:\/\/roveyayinevi.com.tr\/index.php\/wp-json\/wp\/v2\/media?parent=695473"}],"wp:term":[{"taxonomy":"product_brand","embeddable":true,"href":"https:\/\/roveyayinevi.com.tr\/index.php\/wp-json\/wp\/v2\/product_brand?post=695473"},{"taxonomy":"product_cat","embeddable":true,"href":"https:\/\/roveyayinevi.com.tr\/index.php\/wp-json\/wp\/v2\/product_cat?post=695473"},{"taxonomy":"product_tag","embeddable":true,"href":"https:\/\/roveyayinevi.com.tr\/index.php\/wp-json\/wp\/v2\/product_tag?post=695473"}],"curies":[{"name":"wp","href":"https:\/\/api.w.org\/{rel}","templated":true}]}}