{"id":695471,"date":"2025-08-27T14:29:12","date_gmt":"2025-08-27T11:29:12","guid":{"rendered":"https:\/\/roveyayinevi.com.tr\/index.php\/urun\/gercegin-ardindan\/"},"modified":"2026-04-16T02:05:10","modified_gmt":"2026-04-15T23:05:10","slug":"gercegin-ardindan","status":"publish","type":"product","link":"https:\/\/roveyayinevi.com.tr\/index.php\/urun\/gercegin-ardindan\/","title":{"rendered":"Ger\u00e7e\u011fin Ard\u0131ndan"},"content":{"rendered":"<p>Clifford Geertz, \u0130slamiyet \u00fczerine yapt\u0131\u011f\u0131 incelemeler vesilesiyle Anglo-Sakson akademi d\u00fcnyas\u0131nda \u00e7ok tan\u0131nm\u0131\u015f bir isim. <\/p>\n","protected":false},"excerpt":{"rendered":"<p>Clifford Geertz, \u0130slamiyet \u00fczerine yapt\u0131\u011f\u0131 incelemeler vesilesiyle Anglo-Sakson akademi d\u00fcnyas\u0131nda \u00e7ok tan\u0131nm\u0131\u015f bir isim.<\/p>\n","protected":false},"featured_media":0,"template":"","meta":{"_monsterinsights_skip_tracking":false,"_monsterinsights_sitenote_active":false,"_monsterinsights_sitenote_note":"","_monsterinsights_sitenote_category":0},"product_brand":[],"product_cat":[15499,13488],"product_tag":[],"class_list":{"0":"post-695471","1":"product","2":"type-product","3":"status-publish","5":"product_cat-antropoloji","6":"product_cat-toplum-ve-insan","7":"pa_cilt-ciltsiz","8":"pa_tur-kitap","9":"pa_yayinevi-dipnot-yayinlari","10":"pa_yazar-clifford-geertz","12":"first","13":"instock","14":"sale","15":"shipping-taxable","16":"purchasable","17":"product-type-simple"},"_links":{"self":[{"href":"https:\/\/roveyayinevi.com.tr\/index.php\/wp-json\/wp\/v2\/product\/695471","targetHints":{"allow":["GET"]}}],"collection":[{"href":"https:\/\/roveyayinevi.com.tr\/index.php\/wp-json\/wp\/v2\/product"}],"about":[{"href":"https:\/\/roveyayinevi.com.tr\/index.php\/wp-json\/wp\/v2\/types\/product"}],"wp:attachment":[{"href":"https:\/\/roveyayinevi.com.tr\/index.php\/wp-json\/wp\/v2\/media?parent=695471"}],"wp:term":[{"taxonomy":"product_brand","embeddable":true,"href":"https:\/\/roveyayinevi.com.tr\/index.php\/wp-json\/wp\/v2\/product_brand?post=695471"},{"taxonomy":"product_cat","embeddable":true,"href":"https:\/\/roveyayinevi.com.tr\/index.php\/wp-json\/wp\/v2\/product_cat?post=695471"},{"taxonomy":"product_tag","embeddable":true,"href":"https:\/\/roveyayinevi.com.tr\/index.php\/wp-json\/wp\/v2\/product_tag?post=695471"}],"curies":[{"name":"wp","href":"https:\/\/api.w.org\/{rel}","templated":true}]}}