{"id":695462,"date":"2025-08-27T14:29:10","date_gmt":"2025-08-27T11:29:10","guid":{"rendered":"https:\/\/roveyayinevi.com.tr\/index.php\/urun\/language-cards-of-turkish-for-english-speakers\/"},"modified":"2026-04-16T02:05:09","modified_gmt":"2026-04-15T23:05:09","slug":"language-cards-of-turkish-for-english-speakers","status":"publish","type":"product","link":"https:\/\/roveyayinevi.com.tr\/index.php\/urun\/language-cards-of-turkish-for-english-speakers\/","title":{"rendered":"Language Cards Of Turkish For English Speakers"},"content":{"rendered":"<p>\u0130ngilizler \u0130\u00e7in T\u00fcrk\u00e7e Dil Kartlar\u0131 &#8211; Language Cards of Turkish for English Speakers  Bu \u00e7al\u0131\u015fma;\u00d6zet gramer, genel ifadeler ve s\u0131k kullan\u0131lan kelimelerden se\u00e7ilen s\u00f6zl\u00fck b\u00f6l\u00fcmlerinden olu\u015fmaktad\u0131r.S\u00f6zc\u00fcklerin anlam\u0131 ve telaffuzu ayn\u0131 numara ile arka sayfada bulunmaktad\u0131r.Bu metotla okuyucunun s\u00f6zc\u00fck da\u011farc\u0131\u011f\u0131n\u0131 zenginle\u015ftirmek ama\u00e7lanmaktad\u0131r.Language Cards of Turkish for English SpeakersThis study composed of brief grammar, general expressions and a dictionary of frequently used words. <\/p>\n","protected":false},"excerpt":{"rendered":"<p>\u0130ngilizler \u0130\u00e7in T\u00fcrk\u00e7e Dil Kartlar\u0131 &#8211; Language Cards of Turkish for English Speakers Bu \u00e7al\u0131\u015fma;\u00d6zet gramer, genel ifadeler ve s\u0131k kullan\u0131lan kelimelerden se\u00e7ilen s\u00f6zl\u00fck b\u00f6l\u00fcmlerinden olu\u015fmaktad\u0131r.S\u00f6zc\u00fcklerin<span class=\"excerpt-hellip\"> [\u2026]<\/span><\/p>\n","protected":false},"featured_media":0,"template":"","meta":{"_monsterinsights_skip_tracking":false,"_monsterinsights_sitenote_active":false,"_monsterinsights_sitenote_note":"","_monsterinsights_sitenote_category":0},"product_brand":[],"product_cat":[14597,12566,14702],"product_tag":[],"class_list":{"0":"post-695462","1":"product","2":"type-product","3":"status-publish","5":"product_cat-dil-ogrenimi","6":"product_cat-egitim","7":"product_cat-ingilizce","8":"pa_cilt-ciltsiz","9":"pa_tur-kitap10","10":"pa_yayinevi-delta-kultur-yayinevi","11":"pa_yazar-kolektif","13":"first","14":"instock","15":"sale","16":"shipping-taxable","17":"purchasable","18":"product-type-simple"},"_links":{"self":[{"href":"https:\/\/roveyayinevi.com.tr\/index.php\/wp-json\/wp\/v2\/product\/695462","targetHints":{"allow":["GET"]}}],"collection":[{"href":"https:\/\/roveyayinevi.com.tr\/index.php\/wp-json\/wp\/v2\/product"}],"about":[{"href":"https:\/\/roveyayinevi.com.tr\/index.php\/wp-json\/wp\/v2\/types\/product"}],"wp:attachment":[{"href":"https:\/\/roveyayinevi.com.tr\/index.php\/wp-json\/wp\/v2\/media?parent=695462"}],"wp:term":[{"taxonomy":"product_brand","embeddable":true,"href":"https:\/\/roveyayinevi.com.tr\/index.php\/wp-json\/wp\/v2\/product_brand?post=695462"},{"taxonomy":"product_cat","embeddable":true,"href":"https:\/\/roveyayinevi.com.tr\/index.php\/wp-json\/wp\/v2\/product_cat?post=695462"},{"taxonomy":"product_tag","embeddable":true,"href":"https:\/\/roveyayinevi.com.tr\/index.php\/wp-json\/wp\/v2\/product_tag?post=695462"}],"curies":[{"name":"wp","href":"https:\/\/api.w.org\/{rel}","templated":true}]}}