{"id":695457,"date":"2025-08-27T14:29:09","date_gmt":"2025-08-27T11:29:09","guid":{"rendered":"https:\/\/roveyayinevi.com.tr\/index.php\/urun\/bu-ayak-izi-senin-dr-watson\/"},"modified":"2026-04-16T02:05:09","modified_gmt":"2026-04-15T23:05:09","slug":"bu-ayak-izi-senin-dr-watson","status":"publish","type":"product","link":"https:\/\/roveyayinevi.com.tr\/index.php\/urun\/bu-ayak-izi-senin-dr-watson\/","title":{"rendered":"Bu Ayak \u0130zi Senin Dr. Watson!"},"content":{"rendered":"<p>Adli bilimlerin gizemli d\u00fcnyas\u0131nda yeniden Sevil Atasoy\u2019la birliktesiniz. Pakistan\u2019dan Peru\u2019ya, Borneo\u2019dan Bel\u00e7ika\u2019ya y\u00fcz y\u0131ll\u0131k uzun bir yolculu\u011fa \u00e7\u0131kacak, bu arada T\u00fcrkiye\u2019den de ge\u00e7eceksiniz. Karanl\u0131k beyinlerin dehlizlerinde dola\u015facak, g\u00f6rd\u00fcklerinizden \u00fcrperecek, kokunun izini s\u00fcrecek, cans\u0131z ve so\u011fuk bedenlere dokunacak, bulutlar\u0131n i\u00e7indeki mezarlar\u0131 ziyaret edeceksiniz. Bir k\u00f6\u015fe ba\u015f\u0131nda cad\u0131lara, \u015famanlara, medyumlara rastlayacak, bir tepenin ard\u0131nda, h\u0131rs\u0131zlar ve sahtek\u00e2rlarla bulu\u015facak, kefen par\u00e7as\u0131 \u00fczerinde Hz. \u0130sa\u2019n\u0131n DNA\u2019s\u0131n\u0131, buzdolab\u0131nda Einstein\u2019\u0131n dehas\u0131n\u0131 arayacaks\u0131n\u0131z. \ufffcTan\u0131t\u0131m Metni<\/p>\n","protected":false},"excerpt":{"rendered":"<p>Adli bilimlerin gizemli d\u00fcnyas\u0131nda yeniden Sevil Atasoy\u2019la birliktesiniz. Pakistan\u2019dan Peru\u2019ya, Borneo\u2019dan Bel\u00e7ika\u2019ya y\u00fcz y\u0131ll\u0131k uzun bir yolculu\u011fa \u00e7\u0131kacak, bu arada T\u00fcrkiye\u2019den de ge\u00e7eceksiniz. Karanl\u0131k beyinlerin dehlizlerinde<span class=\"excerpt-hellip\"> [\u2026]<\/span><\/p>\n","protected":false},"featured_media":0,"template":"","meta":{"_monsterinsights_skip_tracking":false,"_monsterinsights_sitenote_active":false,"_monsterinsights_sitenote_note":"","_monsterinsights_sitenote_category":0},"product_brand":[],"product_cat":[12291,15445],"product_tag":[],"class_list":{"0":"post-695457","1":"product","2":"type-product","3":"status-publish","5":"product_cat-edebiyat","6":"product_cat-polisiye","7":"pa_cilt-ciltsiz","8":"pa_tur-kitap","9":"pa_yayinevi-dogan-kitap","10":"pa_yazar-sevil-atasoy","12":"first","13":"instock","14":"sale","15":"shipping-taxable","16":"purchasable","17":"product-type-simple"},"_links":{"self":[{"href":"https:\/\/roveyayinevi.com.tr\/index.php\/wp-json\/wp\/v2\/product\/695457","targetHints":{"allow":["GET"]}}],"collection":[{"href":"https:\/\/roveyayinevi.com.tr\/index.php\/wp-json\/wp\/v2\/product"}],"about":[{"href":"https:\/\/roveyayinevi.com.tr\/index.php\/wp-json\/wp\/v2\/types\/product"}],"wp:attachment":[{"href":"https:\/\/roveyayinevi.com.tr\/index.php\/wp-json\/wp\/v2\/media?parent=695457"}],"wp:term":[{"taxonomy":"product_brand","embeddable":true,"href":"https:\/\/roveyayinevi.com.tr\/index.php\/wp-json\/wp\/v2\/product_brand?post=695457"},{"taxonomy":"product_cat","embeddable":true,"href":"https:\/\/roveyayinevi.com.tr\/index.php\/wp-json\/wp\/v2\/product_cat?post=695457"},{"taxonomy":"product_tag","embeddable":true,"href":"https:\/\/roveyayinevi.com.tr\/index.php\/wp-json\/wp\/v2\/product_tag?post=695457"}],"curies":[{"name":"wp","href":"https:\/\/api.w.org\/{rel}","templated":true}]}}