{"id":695453,"date":"2025-08-27T14:29:08","date_gmt":"2025-08-27T11:29:08","guid":{"rendered":"https:\/\/roveyayinevi.com.tr\/index.php\/urun\/cevre-kardesligi-atlantisin-cocuklari-1\/"},"modified":"2026-04-16T02:05:09","modified_gmt":"2026-04-15T23:05:09","slug":"cevre-kardesligi-atlantisin-cocuklari-1","status":"publish","type":"product","link":"https:\/\/roveyayinevi.com.tr\/index.php\/urun\/cevre-kardesligi-atlantisin-cocuklari-1\/","title":{"rendered":"\u00c7evre Karde\u015fli\u011fi \/ Atlantis&#8217;in \u00c7ocuklar\u0131 1"},"content":{"rendered":"<p>Ya\u015fad\u0131\u011f\u0131 yere fabrika kurulunca \u00e7evre kirlili\u011finin k\u00f6t\u00fc sonu\u00e7lar\u0131yla tan\u0131\u015fan Tekin, fabrikan\u0131n at\u0131ksular\u0131na kap\u0131l\u0131r ve kendini Atlantis\u2019te bulur. Tekin, manyetik bir k\u00fcrenin i\u00e7inde ya\u015fayan Atlantis\u2019in biliminsanlar\u0131n\u0131n \u00f6nderli\u011finde, arkada\u015flar\u0131n\u0131n da deste\u011fiyle, g\u00f6\u00e7 yollar\u0131 de\u011fi\u015fen kalkan s\u00fcr\u00fclerini ve sular al\u0131nda kalman\u0131n e\u015fi\u011findeki Allianoi Antik Kenti\u2019ni kurtarabilecek, par\u00e7alanmak \u00fczere olan petrol tankerinin yarataca\u011f\u0131 felaketi \u00f6nleyebilecek midir?Do\u011faya zehir sa\u00e7anlarla sava\u015fan \u00c7evre Karde\u015fli\u011fi Tak\u0131m\u0131zorlu bir g\u00f6revle kar\u015f\u0131 kar\u015f\u0131ya&#8230;   Kitaplar\u0131nda okurlar\u0131n\u0131 farkl\u0131 \u00e7a\u011flarda yolculuklara \u00e7\u0131karan Bilgin Adal\u0131&#8217;n\u0131n \u00e7ok sevilen Atlantis\u2019in \u00c7ocuklar\u0131 serisiG\u00f6zde Bitir\u2019in resimleriyle yeniden canlan\u0131yor.Dizinin ilk kitab\u0131 \u00c7evre Karde\u015fli\u011fi&#8217;nde Adal\u0131, okurlar\u0131n\u0131 gezegenimizin acil eylem gerektiren \u00e7evre kirlili\u011fimeselesi ve nedenleri \u00fczerine d\u00fc\u015f\u00fcnd\u00fcr\u00fcyor. <\/p>\n","protected":false},"excerpt":{"rendered":"<p>Ya\u015fad\u0131\u011f\u0131 yere fabrika kurulunca \u00e7evre kirlili\u011finin k\u00f6t\u00fc sonu\u00e7lar\u0131yla tan\u0131\u015fan Tekin, fabrikan\u0131n at\u0131ksular\u0131na kap\u0131l\u0131r ve kendini Atlantis\u2019te bulur. Tekin, manyetik bir k\u00fcrenin i\u00e7inde ya\u015fayan Atlantis\u2019in biliminsanlar\u0131n\u0131n \u00f6nderli\u011finde,<span class=\"excerpt-hellip\"> [\u2026]<\/span><\/p>\n","protected":false},"featured_media":0,"template":"","meta":{"_monsterinsights_skip_tracking":false,"_monsterinsights_sitenote_active":false,"_monsterinsights_sitenote_note":"","_monsterinsights_sitenote_category":0},"product_brand":[],"product_cat":[12274,12284],"product_tag":[],"class_list":{"0":"post-695453","1":"product","2":"type-product","3":"status-publish","5":"product_cat-cocuk-ve-genclik-kitaplari","6":"product_cat-hikayeler","7":"pa_cilt-ciltsiz","8":"pa_tur-kitap","9":"pa_yayinevi-can-cocuk-yayinlari","10":"pa_yazar-bilgin-adali","12":"first","13":"instock","14":"sale","15":"shipping-taxable","16":"purchasable","17":"product-type-simple"},"_links":{"self":[{"href":"https:\/\/roveyayinevi.com.tr\/index.php\/wp-json\/wp\/v2\/product\/695453","targetHints":{"allow":["GET"]}}],"collection":[{"href":"https:\/\/roveyayinevi.com.tr\/index.php\/wp-json\/wp\/v2\/product"}],"about":[{"href":"https:\/\/roveyayinevi.com.tr\/index.php\/wp-json\/wp\/v2\/types\/product"}],"wp:attachment":[{"href":"https:\/\/roveyayinevi.com.tr\/index.php\/wp-json\/wp\/v2\/media?parent=695453"}],"wp:term":[{"taxonomy":"product_brand","embeddable":true,"href":"https:\/\/roveyayinevi.com.tr\/index.php\/wp-json\/wp\/v2\/product_brand?post=695453"},{"taxonomy":"product_cat","embeddable":true,"href":"https:\/\/roveyayinevi.com.tr\/index.php\/wp-json\/wp\/v2\/product_cat?post=695453"},{"taxonomy":"product_tag","embeddable":true,"href":"https:\/\/roveyayinevi.com.tr\/index.php\/wp-json\/wp\/v2\/product_tag?post=695453"}],"curies":[{"name":"wp","href":"https:\/\/api.w.org\/{rel}","templated":true}]}}