{"id":695445,"date":"2025-08-27T14:29:06","date_gmt":"2025-08-27T11:29:06","guid":{"rendered":"https:\/\/roveyayinevi.com.tr\/index.php\/urun\/psikiyatri-tarihi\/"},"modified":"2026-04-16T02:05:09","modified_gmt":"2026-04-15T23:05:09","slug":"psikiyatri-tarihi","status":"publish","type":"product","link":"https:\/\/roveyayinevi.com.tr\/index.php\/urun\/psikiyatri-tarihi\/","title":{"rendered":"Psikiyatri Tarihi"},"content":{"rendered":"<p>T\u0131bb\u0131n \u00e7e\u015fitli dallar\u0131na nazaran daha gen\u00e7 bir bilim dal\u0131 say\u0131lan psikiyatri, asl\u0131nda en az \u00f6b\u00fcr dallar kadar eski ve k\u00f6kl\u00fc bir ge\u00e7mi\u015fe sahip. Hatta psikiyatrinin k\u00f6keninin ilk insanlar\u0131n kendi toplum ve davran\u0131\u015f \u00f6zelliklerini geli\u015ftirdikleri zamanlara dayand\u0131\u011f\u0131n\u0131 s\u00f6yleyebiliriz. \u0130nsan ve davran\u0131\u015f bilimlerinin t\u0131bb\u0131n \u00f6b\u00fcr dallar\u0131ndan farkl\u0131 olarak hen\u00fcz kuramsal aray\u0131\u015f ve geli\u015fim a\u015famas\u0131n\u0131 kapatmamas\u0131 ve b\u00fct\u00fcn mensuplar\u0131yla evrensel bir paradigma geli\u015ftirmemesi, bu bilim dallar\u0131na ve bunlar\u0131n t\u0131ptaki uygulama alan\u0131 olan psikiyatriye gen\u00e7 bir g\u00f6r\u00fcn\u00fcm veriyor. Eski \u00e7a\u011flardan bu yana d\u00fcz bir \u00e7izgi \u00fczerinde de\u011fil de zikzaklar, s\u0131\u00e7ramalar ve keskin d\u00f6n\u00fc\u015flerle \u201cinsanl\u0131\u011f\u0131n \u00e7a\u011fda\u015f g\u00f6r\u00fc\u015fleri\u201dnin etkisi alt\u0131nda ilerleyen psikiyatri tarihi bu nedenle yaln\u0131zca tatl\u0131 bir \u00f6yk\u00fc olmaktan \u00e7\u0131k\u0131p sanat\u0131n ve bilimin kendi kendileriyle ve kendi y\u00f6ntemleriyle bir hesapla\u015fmas\u0131na d\u00f6n\u00fc\u015f\u00fcyor. \u0130lk disiplinle\u015fme \u00e7abalar\u0131n\u0131n ba\u015flad\u0131\u011f\u0131 on sekizinci y\u00fczy\u0131ldan; dinamik, ki\u015fileraras\u0131 ve davran\u0131\u015f\u00e7\u0131 g\u00f6r\u00fc\u015flerin yay\u0131lmaya ba\u015flad\u0131\u011f\u0131 yirminci y\u00fczy\u0131la kadar s\u00fcrekli ba\u015fkala\u015f\u0131m ge\u00e7iren psikiyatri tarihi felsefe, sosyoloji, antropoloji ve mitoloji, inan\u00e7lar, dinler tarihi ve ahlak felsefeleri aras\u0131nda da bir k\u00f6pr\u00fc vazifesi g\u00f6r\u00fcyor. Psikiyatri do\u00e7enti ve Bak\u0131rk\u00f6y Ruh ve Sinir Hastal\u0131klar\u0131 Hastanesi klinik \u015fefi olarak g\u00f6rev yapm\u0131\u015f Do\u00e7. Dr. Ali Nahit Babao\u011flu, sadece t\u0131p tarihinin de\u011fil, d\u00fc\u015f\u00fcnce ve k\u00fclt\u00fcr tarihinin de kayna\u011f\u0131n\u0131 olu\u015fturan psikiyatri tarihinin de\u011fi\u015fimini ve geli\u015fimini bu kitapta derinlemesine inceleyerek bilinmeyenlere \u0131\u015f\u0131k tutuyor. \u0130lkel k\u00fclt\u00fcrlerden yirminci y\u00fczy\u0131la, Avrupa\u2019dan \u0130slam ve Arap d\u00fcnyas\u0131na kadar geni\u015f bir yelpazede ele al\u0131nan psikiyatrinin k\u00f6klerine inerken kendi ruhunuzu da yak\u0131ndan tan\u0131ma f\u0131rsat\u0131 bulacaks\u0131n\u0131z. <\/p>\n","protected":false},"excerpt":{"rendered":"<p>T\u0131bb\u0131n \u00e7e\u015fitli dallar\u0131na nazaran daha gen\u00e7 bir bilim dal\u0131 say\u0131lan psikiyatri, asl\u0131nda en az \u00f6b\u00fcr dallar kadar eski ve k\u00f6kl\u00fc bir ge\u00e7mi\u015fe sahip. Hatta psikiyatrinin k\u00f6keninin<span class=\"excerpt-hellip\"> [\u2026]<\/span><\/p>\n","protected":false},"featured_media":0,"template":"","meta":{"_monsterinsights_skip_tracking":false,"_monsterinsights_sitenote_active":false,"_monsterinsights_sitenote_note":"","_monsterinsights_sitenote_category":0},"product_brand":[],"product_cat":[12358,12357],"product_tag":[],"class_list":{"0":"post-695445","1":"product","2":"type-product","3":"status-publish","5":"product_cat-genel-psikoloji","6":"product_cat-psikoloji","7":"pa_cilt-ciltsiz","8":"pa_tur-kitap","9":"pa_yayinevi-okuyan-us-yayin","10":"pa_yazar-ali-babaoglu","12":"first","13":"instock","14":"sale","15":"shipping-taxable","16":"purchasable","17":"product-type-simple"},"_links":{"self":[{"href":"https:\/\/roveyayinevi.com.tr\/index.php\/wp-json\/wp\/v2\/product\/695445","targetHints":{"allow":["GET"]}}],"collection":[{"href":"https:\/\/roveyayinevi.com.tr\/index.php\/wp-json\/wp\/v2\/product"}],"about":[{"href":"https:\/\/roveyayinevi.com.tr\/index.php\/wp-json\/wp\/v2\/types\/product"}],"wp:attachment":[{"href":"https:\/\/roveyayinevi.com.tr\/index.php\/wp-json\/wp\/v2\/media?parent=695445"}],"wp:term":[{"taxonomy":"product_brand","embeddable":true,"href":"https:\/\/roveyayinevi.com.tr\/index.php\/wp-json\/wp\/v2\/product_brand?post=695445"},{"taxonomy":"product_cat","embeddable":true,"href":"https:\/\/roveyayinevi.com.tr\/index.php\/wp-json\/wp\/v2\/product_cat?post=695445"},{"taxonomy":"product_tag","embeddable":true,"href":"https:\/\/roveyayinevi.com.tr\/index.php\/wp-json\/wp\/v2\/product_tag?post=695445"}],"curies":[{"name":"wp","href":"https:\/\/api.w.org\/{rel}","templated":true}]}}