{"id":695444,"date":"2025-08-27T14:29:06","date_gmt":"2025-08-27T11:29:06","guid":{"rendered":"https:\/\/roveyayinevi.com.tr\/index.php\/urun\/supurge-kadin-destani\/"},"modified":"2026-04-16T02:05:09","modified_gmt":"2026-04-15T23:05:09","slug":"supurge-kadin-destani","status":"publish","type":"product","link":"https:\/\/roveyayinevi.com.tr\/index.php\/urun\/supurge-kadin-destani\/","title":{"rendered":"S\u00fcp\u00fcrge-Kad\u0131n Destan\u0131"},"content":{"rendered":"<p>Metin G\u00f6z; III. Turgut Uyar \u015eiir \u00d6d\u00fclleri birincisi. G\u00fcne\u015f d\u00fcnyayla yoksullara lay\u0131k bir a\u015fk ya\u015far Alt\u0131nda daha s\u00f6ylenmedik ne \u00e7ok s\u00f6z var Hayat ve \u015fiir ile olan etkile\u015fimini a\u00e7\u0131k y\u00fcrekle, yo\u011fun ve \u00f6zg\u00fcrce dile getiren bir \u015fair tan\u0131maya ba\u015flad\u0131m. Kaosunu ehlile\u015ftirmeyi ba\u015farm\u0131\u015f. Dopdolu ama yal\u0131n, y\u0131\u011fmas\u0131z \u015fiirler. Titiz bir emekle \u00e7e\u015fitli estetik yap\u0131lara kavu\u015fturulmu\u015f hepsi.  -Tar\u0131k G\u00fcnersel- <\/p>\n","protected":false},"excerpt":{"rendered":"<p>Metin G\u00f6z; III. Turgut Uyar \u015eiir \u00d6d\u00fclleri birincisi. G\u00fcne\u015f d\u00fcnyayla yoksullara lay\u0131k bir a\u015fk ya\u015far Alt\u0131nda daha s\u00f6ylenmedik ne \u00e7ok s\u00f6z var Hayat ve \u015fiir ile<span class=\"excerpt-hellip\"> [\u2026]<\/span><\/p>\n","protected":false},"featured_media":0,"template":"","meta":{"_monsterinsights_skip_tracking":false,"_monsterinsights_sitenote_active":false,"_monsterinsights_sitenote_note":"","_monsterinsights_sitenote_category":0},"product_brand":[],"product_cat":[12291,12509],"product_tag":[],"class_list":{"0":"post-695444","1":"product","2":"type-product","3":"status-publish","5":"product_cat-edebiyat","6":"product_cat-siir","7":"pa_cilt-ciltsiz","8":"pa_tur-kitap","9":"pa_yayinevi-bencekitap","10":"pa_yazar-metin-goz","12":"first","13":"instock","14":"sale","15":"shipping-taxable","16":"purchasable","17":"product-type-simple"},"_links":{"self":[{"href":"https:\/\/roveyayinevi.com.tr\/index.php\/wp-json\/wp\/v2\/product\/695444","targetHints":{"allow":["GET"]}}],"collection":[{"href":"https:\/\/roveyayinevi.com.tr\/index.php\/wp-json\/wp\/v2\/product"}],"about":[{"href":"https:\/\/roveyayinevi.com.tr\/index.php\/wp-json\/wp\/v2\/types\/product"}],"wp:attachment":[{"href":"https:\/\/roveyayinevi.com.tr\/index.php\/wp-json\/wp\/v2\/media?parent=695444"}],"wp:term":[{"taxonomy":"product_brand","embeddable":true,"href":"https:\/\/roveyayinevi.com.tr\/index.php\/wp-json\/wp\/v2\/product_brand?post=695444"},{"taxonomy":"product_cat","embeddable":true,"href":"https:\/\/roveyayinevi.com.tr\/index.php\/wp-json\/wp\/v2\/product_cat?post=695444"},{"taxonomy":"product_tag","embeddable":true,"href":"https:\/\/roveyayinevi.com.tr\/index.php\/wp-json\/wp\/v2\/product_tag?post=695444"}],"curies":[{"name":"wp","href":"https:\/\/api.w.org\/{rel}","templated":true}]}}