{"id":695439,"date":"2025-08-27T14:29:05","date_gmt":"2025-08-27T11:29:05","guid":{"rendered":"https:\/\/roveyayinevi.com.tr\/index.php\/urun\/yds-sinavlari-icin-ingilizce-esanlamli-sozcuk-kartlari\/"},"modified":"2026-04-03T02:08:45","modified_gmt":"2026-04-02T23:08:45","slug":"yds-sinavlari-icin-ingilizce-esanlamli-sozcuk-kartlari","status":"publish","type":"product","link":"https:\/\/roveyayinevi.com.tr\/index.php\/urun\/yds-sinavlari-icin-ingilizce-esanlamli-sozcuk-kartlari\/","title":{"rendered":"YDS  S\u0131navlar\u0131 \u0130\u00e7in \u0130ngilizce E\u015fanlaml\u0131 S\u00f6zc\u00fck Kartlar\u0131"},"content":{"rendered":"<p>Bu \u00e7al\u0131\u015fma; S\u00f6zc\u00fck da\u011farc\u0131\u011f\u0131n\u0131z\u0131 geli\u015ftirmek i\u00e7in, haf\u0131zan\u0131z\u0131 denemek yoluyla egzersiz yaparak kelime ezberlemenizi ama\u00e7lamaktad\u0131r. Her kelimenin e\u015fanlaml\u0131lar\u0131 ve T\u00fcrk\u00e7e kar\u015f\u0131l\u0131klar\u0131 ayn\u0131 numara ile arka sayfada verilmi\u015ftir. Yabanc\u0131 Dil Bilgisi Seviye Tespit S\u0131nav\u0131&#8217;nda kelimelerin e\u015fanlaml\u0131lar\u0131n\u0131n bilinmesi bir\u00e7ok soruda gerekli olmaktad\u0131r. Bu konudaki a\u00e7\u0131\u011f\u0131n\u0131z\u0131 kapatman\u0131z i\u00e7in bu eserimiz sizin i\u00e7in \u00f6nemli bir yard\u0131mc\u0131 olacakt\u0131r.\u00c7e\u015fitli ortamlarda (i\u015f yerinizde, okulda, seyahat ederken vb.) yan\u0131n\u0131zda bulundurabilmeniz i\u00e7in boyutlar\u0131 k\u00fc\u00e7\u00fck tutulmu\u015ftur. \ufffcTan\u0131t\u0131m Metni<\/p>\n","protected":false},"excerpt":{"rendered":"<p>Bu \u00e7al\u0131\u015fma; S\u00f6zc\u00fck da\u011farc\u0131\u011f\u0131n\u0131z\u0131 geli\u015ftirmek i\u00e7in, haf\u0131zan\u0131z\u0131 denemek yoluyla egzersiz yaparak kelime ezberlemenizi ama\u00e7lamaktad\u0131r. Her kelimenin e\u015fanlaml\u0131lar\u0131 ve T\u00fcrk\u00e7e kar\u015f\u0131l\u0131klar\u0131 ayn\u0131 numara ile arka sayfada verilmi\u015ftir.<span class=\"excerpt-hellip\"> [\u2026]<\/span><\/p>\n","protected":false},"featured_media":0,"template":"","meta":{"_monsterinsights_skip_tracking":false,"_monsterinsights_sitenote_active":false,"_monsterinsights_sitenote_note":"","_monsterinsights_sitenote_category":0},"product_brand":[],"product_cat":[12566],"product_tag":[],"class_list":{"0":"post-695439","1":"product","2":"type-product","3":"status-publish","5":"product_cat-egitim","6":"pa_cilt-ciltsiz","7":"pa_tur-kitap10","8":"pa_yayinevi-delta-kultur-yayinevi","9":"pa_yazar-ilker-yucel-serap-gurbulak","11":"first","12":"instock","13":"sale","14":"shipping-taxable","15":"purchasable","16":"product-type-simple"},"_links":{"self":[{"href":"https:\/\/roveyayinevi.com.tr\/index.php\/wp-json\/wp\/v2\/product\/695439","targetHints":{"allow":["GET"]}}],"collection":[{"href":"https:\/\/roveyayinevi.com.tr\/index.php\/wp-json\/wp\/v2\/product"}],"about":[{"href":"https:\/\/roveyayinevi.com.tr\/index.php\/wp-json\/wp\/v2\/types\/product"}],"wp:attachment":[{"href":"https:\/\/roveyayinevi.com.tr\/index.php\/wp-json\/wp\/v2\/media?parent=695439"}],"wp:term":[{"taxonomy":"product_brand","embeddable":true,"href":"https:\/\/roveyayinevi.com.tr\/index.php\/wp-json\/wp\/v2\/product_brand?post=695439"},{"taxonomy":"product_cat","embeddable":true,"href":"https:\/\/roveyayinevi.com.tr\/index.php\/wp-json\/wp\/v2\/product_cat?post=695439"},{"taxonomy":"product_tag","embeddable":true,"href":"https:\/\/roveyayinevi.com.tr\/index.php\/wp-json\/wp\/v2\/product_tag?post=695439"}],"curies":[{"name":"wp","href":"https:\/\/api.w.org\/{rel}","templated":true}]}}