{"id":695435,"date":"2025-08-27T14:28:25","date_gmt":"2025-08-27T11:28:25","guid":{"rendered":"https:\/\/roveyayinevi.com.tr\/index.php\/urun\/delta-kpss-matematik-strateji-kartlari\/"},"modified":"2026-04-16T02:05:09","modified_gmt":"2026-04-15T23:05:09","slug":"delta-kpss-matematik-strateji-kartlari","status":"publish","type":"product","link":"https:\/\/roveyayinevi.com.tr\/index.php\/urun\/delta-kpss-matematik-strateji-kartlari\/","title":{"rendered":"Delta Kpss Matematik Strateji Kartlar\u0131"},"content":{"rendered":"<p>Gereksiz ayr\u0131nt\u0131lardan ar\u0131nd\u0131r\u0131lm\u0131\u015f pratik KPSS \u00e7al\u0131\u015fma kartlar\u0131. (T\u00fcm adaylar i\u00e7in)Kartlarda konu \u00f6zetleri, \u00e7\u0131km\u0131\u015f sorular ve tablolarla ele al\u0131narak verilmi\u015ftir. Konular\u0131n \u00f6nemli noktalar\u0131 (ipu\u00e7lar\u0131) \u00e7al\u0131\u015fman\u0131n i\u00e7erisinde yeri geldik\u00e7e dikkat \u00e7ekici bi\u00e7imde vurgulanm\u0131\u015ft\u0131r. <\/p>\n","protected":false},"excerpt":{"rendered":"<p>Gereksiz ayr\u0131nt\u0131lardan ar\u0131nd\u0131r\u0131lm\u0131\u015f pratik KPSS \u00e7al\u0131\u015fma kartlar\u0131. (T\u00fcm adaylar i\u00e7in)Kartlarda konu \u00f6zetleri, \u00e7\u0131km\u0131\u015f sorular ve tablolarla ele al\u0131narak verilmi\u015ftir. Konular\u0131n \u00f6nemli noktalar\u0131 (ipu\u00e7lar\u0131) \u00e7al\u0131\u015fman\u0131n i\u00e7erisinde yeri<span class=\"excerpt-hellip\"> [\u2026]<\/span><\/p>\n","protected":false},"featured_media":0,"template":"","meta":{"_monsterinsights_skip_tracking":false,"_monsterinsights_sitenote_active":false,"_monsterinsights_sitenote_note":"","_monsterinsights_sitenote_category":0},"product_brand":[],"product_cat":[12566,25157,13473],"product_tag":[],"class_list":{"0":"post-695435","1":"product","2":"type-product","3":"status-publish","5":"product_cat-egitim","6":"product_cat-kpss-kitaplari","7":"product_cat-sinavlara-hazirlik-okula-yardimci-kaynaklar","8":"pa_cilt-ciltsiz","9":"pa_tur-kitap10","10":"pa_yayinevi-delta-kultur-yayinevi","11":"pa_yazar-tuncay-birinci-birkan-dundar","13":"first","14":"instock","15":"sale","16":"shipping-taxable","17":"purchasable","18":"product-type-simple"},"_links":{"self":[{"href":"https:\/\/roveyayinevi.com.tr\/index.php\/wp-json\/wp\/v2\/product\/695435","targetHints":{"allow":["GET"]}}],"collection":[{"href":"https:\/\/roveyayinevi.com.tr\/index.php\/wp-json\/wp\/v2\/product"}],"about":[{"href":"https:\/\/roveyayinevi.com.tr\/index.php\/wp-json\/wp\/v2\/types\/product"}],"wp:attachment":[{"href":"https:\/\/roveyayinevi.com.tr\/index.php\/wp-json\/wp\/v2\/media?parent=695435"}],"wp:term":[{"taxonomy":"product_brand","embeddable":true,"href":"https:\/\/roveyayinevi.com.tr\/index.php\/wp-json\/wp\/v2\/product_brand?post=695435"},{"taxonomy":"product_cat","embeddable":true,"href":"https:\/\/roveyayinevi.com.tr\/index.php\/wp-json\/wp\/v2\/product_cat?post=695435"},{"taxonomy":"product_tag","embeddable":true,"href":"https:\/\/roveyayinevi.com.tr\/index.php\/wp-json\/wp\/v2\/product_tag?post=695435"}],"curies":[{"name":"wp","href":"https:\/\/api.w.org\/{rel}","templated":true}]}}