{"id":695432,"date":"2025-08-27T14:28:24","date_gmt":"2025-08-27T11:28:24","guid":{"rendered":"https:\/\/roveyayinevi.com.tr\/index.php\/urun\/insan-harasi\/"},"modified":"2026-04-16T02:05:09","modified_gmt":"2026-04-15T23:05:09","slug":"insan-harasi","status":"publish","type":"product","link":"https:\/\/roveyayinevi.com.tr\/index.php\/urun\/insan-harasi\/","title":{"rendered":"\u0130nsan Haras\u0131"},"content":{"rendered":"<p>\u0130nsanl\u0131k her ge\u00e7en g\u00fcn biyolojiyle ilgili yeni bir bulu\u015f yap\u0131yor, biz de \u00f6mr\u00fcm\u00fcz\u00fc uzataca\u011f\u0131m, ac\u0131lar\u0131m\u0131z\u0131 dindirece\u011fim, soyumuzu g\u00fczelle\u015ftirece\u011fini, komplekslerimizi yok edece\u011fini d\u00fc\u015f\u00fcnerek onlar\u0131 sevin\u00e7le, co\u015fkuyla kar\u015f\u0131l\u0131yoruz. 2. D\u00fcnya Sava\u015f\u0131, nazizmin ve fa\u015fizmin \u0131rk\u00e7\u0131l\u0131\u011f\u0131 bu \u00e7abay\u0131 g\u00f6sterdi, insanl\u0131k onuru \u2018insan haralar\u0131nda ayaklar alt\u0131na al\u0131nd\u0131. B\u00fclent Kahraman Radikal gazetesi \u0130nsan Haras\u0131, ilk kez 1953 senesinde T\u00fcrk\u00e7eye \u00e7evrildi. \u0130kinci bask\u0131s\u0131 1960 y\u0131l\u0131nda yap\u0131lm\u0131\u015f ve Oktay Akbal\u2019\u0131n yazd\u0131\u011f\u0131 kadar\u0131 ile y\u00fcz binden fazla satm\u0131\u015f. Kitaba ilginin o kadar fazla olmad\u0131\u011f\u0131 o zamanlar\u0131n T\u00fcrkiye\u2019si i\u00e7in b\u00fcy\u00fck bir sat\u0131\u015f. Nazilerin \u00fcst\u00fcn insan, \u00fcst\u00fcn \u0131rk yeti\u015ftirmek amac\u0131yla kurduklar\u0131 bir insan \u00e7iftli\u011fi! \u00dcst\u00fcn \u0131rk yaratmak gayesi ile ari \u0131rk\u0131n\u0131n gen\u00e7 ve g\u00fczel kad\u0131nlar\u0131 ile g\u00fc\u00e7l\u00fc kuvvetli ve sa\u011fl\u0131kl\u0131 erkekler biraraya getiriliyor. <\/p>\n","protected":false},"excerpt":{"rendered":"<p>\u0130nsanl\u0131k her ge\u00e7en g\u00fcn biyolojiyle ilgili yeni bir bulu\u015f yap\u0131yor, biz de \u00f6mr\u00fcm\u00fcz\u00fc uzataca\u011f\u0131m, ac\u0131lar\u0131m\u0131z\u0131 dindirece\u011fim, soyumuzu g\u00fczelle\u015ftirece\u011fini, komplekslerimizi yok edece\u011fini d\u00fc\u015f\u00fcnerek onlar\u0131 sevin\u00e7le, co\u015fkuyla kar\u015f\u0131l\u0131yoruz.<span class=\"excerpt-hellip\"> [\u2026]<\/span><\/p>\n","protected":false},"featured_media":0,"template":"","meta":{"_monsterinsights_skip_tracking":false,"_monsterinsights_sitenote_active":false,"_monsterinsights_sitenote_note":"","_monsterinsights_sitenote_category":0},"product_brand":[],"product_cat":[15563,24020],"product_tag":[],"class_list":{"0":"post-695432","1":"product","2":"type-product","3":"status-publish","5":"product_cat-hobi","6":"product_cat-kultur","7":"pa_cilt-ciltsiz","8":"pa_tur-kitap","9":"pa_yayinevi-delta-kultur-yayinevi","10":"pa_yazar-louis-charles-royer","12":"first","13":"instock","14":"sale","15":"shipping-taxable","16":"purchasable","17":"product-type-simple"},"_links":{"self":[{"href":"https:\/\/roveyayinevi.com.tr\/index.php\/wp-json\/wp\/v2\/product\/695432","targetHints":{"allow":["GET"]}}],"collection":[{"href":"https:\/\/roveyayinevi.com.tr\/index.php\/wp-json\/wp\/v2\/product"}],"about":[{"href":"https:\/\/roveyayinevi.com.tr\/index.php\/wp-json\/wp\/v2\/types\/product"}],"wp:attachment":[{"href":"https:\/\/roveyayinevi.com.tr\/index.php\/wp-json\/wp\/v2\/media?parent=695432"}],"wp:term":[{"taxonomy":"product_brand","embeddable":true,"href":"https:\/\/roveyayinevi.com.tr\/index.php\/wp-json\/wp\/v2\/product_brand?post=695432"},{"taxonomy":"product_cat","embeddable":true,"href":"https:\/\/roveyayinevi.com.tr\/index.php\/wp-json\/wp\/v2\/product_cat?post=695432"},{"taxonomy":"product_tag","embeddable":true,"href":"https:\/\/roveyayinevi.com.tr\/index.php\/wp-json\/wp\/v2\/product_tag?post=695432"}],"curies":[{"name":"wp","href":"https:\/\/api.w.org\/{rel}","templated":true}]}}