{"id":695422,"date":"2025-08-27T14:28:22","date_gmt":"2025-08-27T11:28:22","guid":{"rendered":"https:\/\/roveyayinevi.com.tr\/index.php\/urun\/islam-ve-insan-mevlana-ve-tasavvuf\/"},"modified":"2026-04-16T02:05:09","modified_gmt":"2026-04-15T23:05:09","slug":"islam-ve-insan-mevlana-ve-tasavvuf","status":"publish","type":"product","link":"https:\/\/roveyayinevi.com.tr\/index.php\/urun\/islam-ve-insan-mevlana-ve-tasavvuf\/","title":{"rendered":"\u0130slam ve \u0130nsan Mevlana ve Tasavvuf"},"content":{"rendered":"<p>T\u00fcrl\u00fc sefaletlerle ihtiraslar\u0131n par\u00e7a par\u00e7a b\u00f6ld\u00fc\u011f\u00fc hasta bir v\u00fccudu and\u0131ran \u0130slam d\u00fcnyas\u0131, en bedbaht devirlerinden birini ya\u015f\u0131yor ve her \u0130slam memleketinde ruhlar birbirinden ayr\u0131lm\u0131\u015f, birbirlerine sald\u0131r\u0131yorlar. Her sene y\u00fczbinlerle ziyaret\u00e7i ile dolan Kabe\u2019nin etraf\u0131nda ruh birli\u011fi ve beraberli\u011fi meydana gelemiyor. Bunun sebebi ne siyasi, ne iktisadi, ne de esas\u0131nda ilmi ve fikridir. Bu halin sebebi, \u0130slam\u2019\u0131n temeli ve Kur\u2019an \u2018\u0131n \u00f6z\u00fc olan ahlak\u0131n kaybedilmi\u015f olmas\u0131d\u0131r. Bug\u00fcnk\u00fc m\u00fcsl\u00fcmanlar, birtak\u0131m geleneksel hareketleri dikkat ve titizlikle yapmaktan ba\u015fka endi\u015fesi olmayan, ilk\u00e7a\u011f\u0131n ve ilkel devrin sihirbazlar\u0131n\u0131 and\u0131r\u0131yorlar. Kur\u2019an harikas\u0131 olan devrin sihirbazlar\u0131n\u0131 and\u0131r\u0131yorlar. Kur\u2019an harikas\u0131 olan ilahi ahlak \u0130slam diyar\u0131nda \u00e7oktan g\u00f6m\u00fclm\u00fc\u015ft\u00fcr.Ahlaka idealine kar\u015f\u0131 ruhlarda i\u015flenen bu zulm\u00fcn tarihte \u00e7ok tekrarlanan tehditleri, bug\u00fcn b\u00fcy\u00fck sanayi medeniyetinin insan\u0131 makinala\u015ft\u0131ran ve makinaya esir yapan zulm\u00fcyle elele vermi\u015f bulunuyor. Belki yak\u0131n bir gelecekte b\u00fcy\u00fck petrol kuyular\u0131yla \u0130slam \u00fclkelerinin tr\u00f6st sahipleri bu vas\u0131flar\u0131n\u0131 \u015feyhlikle birle\u015ftireceklerdir. \u0130nsanl\u0131\u011f\u0131n be\u015fbin y\u0131ll\u0131k ruh ve vicdan eserini inkar ederek d\u00fc\u015f\u00fcnmeyi g\u00fcnah sayan sefaleti din diye tan\u0131tan gerilikle taassup, bu zulme s\u0131\u011f\u0131nm\u0131\u015f bulunmaktad\u0131r. Kalbe kar\u015f\u0131 gelen kaideleri \u0130slam \u00e7er\u00e7evesi i\u00e7inde insan ruhunun esaret zinciri yapmakla ge\u00e7inenler kendilerine din adam\u0131 dedirttik\u00e7e ve halk\u0131n bunlara h\u00f6rmet ve itibar\u0131 devam etti\u011fi m\u00fcddet\u00e7e \u0130slam d\u00fcnyas\u0131n\u0131n, i\u00e7inde y\u00fczd\u00fc\u011f\u00fc sefaletten kurtulmas\u0131 imkans\u0131zd\u0131r. <\/p>\n","protected":false},"excerpt":{"rendered":"<p>T\u00fcrl\u00fc sefaletlerle ihtiraslar\u0131n par\u00e7a par\u00e7a b\u00f6ld\u00fc\u011f\u00fc hasta bir v\u00fccudu and\u0131ran \u0130slam d\u00fcnyas\u0131, en bedbaht devirlerinden birini ya\u015f\u0131yor ve her \u0130slam memleketinde ruhlar birbirinden ayr\u0131lm\u0131\u015f, birbirlerine sald\u0131r\u0131yorlar.<span class=\"excerpt-hellip\"> [\u2026]<\/span><\/p>\n","protected":false},"featured_media":0,"template":"","meta":{"_monsterinsights_skip_tracking":false,"_monsterinsights_sitenote_active":false,"_monsterinsights_sitenote_note":"","_monsterinsights_sitenote_category":0},"product_brand":[],"product_cat":[12718,12719,13025],"product_tag":[],"class_list":{"0":"post-695422","1":"product","2":"type-product","3":"status-publish","5":"product_cat-din","6":"product_cat-islam","7":"product_cat-islam-ve-gunumuz-islam-dusuncesi","8":"pa_tur-kitap","9":"pa_yayinevi-dergah-yayinlari","10":"pa_yazar-nurettin-topcu","12":"first","13":"instock","14":"sale","15":"shipping-taxable","16":"purchasable","17":"product-type-simple"},"_links":{"self":[{"href":"https:\/\/roveyayinevi.com.tr\/index.php\/wp-json\/wp\/v2\/product\/695422","targetHints":{"allow":["GET"]}}],"collection":[{"href":"https:\/\/roveyayinevi.com.tr\/index.php\/wp-json\/wp\/v2\/product"}],"about":[{"href":"https:\/\/roveyayinevi.com.tr\/index.php\/wp-json\/wp\/v2\/types\/product"}],"wp:attachment":[{"href":"https:\/\/roveyayinevi.com.tr\/index.php\/wp-json\/wp\/v2\/media?parent=695422"}],"wp:term":[{"taxonomy":"product_brand","embeddable":true,"href":"https:\/\/roveyayinevi.com.tr\/index.php\/wp-json\/wp\/v2\/product_brand?post=695422"},{"taxonomy":"product_cat","embeddable":true,"href":"https:\/\/roveyayinevi.com.tr\/index.php\/wp-json\/wp\/v2\/product_cat?post=695422"},{"taxonomy":"product_tag","embeddable":true,"href":"https:\/\/roveyayinevi.com.tr\/index.php\/wp-json\/wp\/v2\/product_tag?post=695422"}],"curies":[{"name":"wp","href":"https:\/\/api.w.org\/{rel}","templated":true}]}}