{"id":695419,"date":"2025-08-27T14:28:21","date_gmt":"2025-08-27T11:28:21","guid":{"rendered":"https:\/\/roveyayinevi.com.tr\/index.php\/urun\/felsefe\/"},"modified":"2026-04-16T02:05:08","modified_gmt":"2026-04-15T23:05:08","slug":"felsefe","status":"publish","type":"product","link":"https:\/\/roveyayinevi.com.tr\/index.php\/urun\/felsefe\/","title":{"rendered":"Felsefe"},"content":{"rendered":"<p>Etraf\u0131m\u0131zdaki e\u015fyan\u0131n bilgisini duyular\u0131m\u0131zla elde ediyoruz. Birbirleri aras\u0131nda herhangi bir \u015fekilde s\u0131ralanmayan ve metotsuz olarak geli\u015fi g\u00fczel elde edilen bu bilgilere d\u00fczensiz bilgiler denir. D\u00fczensiz bilgiler, herg\u00fcnk\u00fc ya\u015fay\u0131\u015f\u0131m\u0131z\u0131 kolayla\u015ft\u0131rarak etraf\u0131m\u0131zdan daha iyi \u015fekilde faydalanmam\u0131z\u0131 m\u00fcmk\u00fcn k\u0131larlar. <\/p>\n","protected":false},"excerpt":{"rendered":"<p>Etraf\u0131m\u0131zdaki e\u015fyan\u0131n bilgisini duyular\u0131m\u0131zla elde ediyoruz. Birbirleri aras\u0131nda herhangi bir \u015fekilde s\u0131ralanmayan ve metotsuz olarak geli\u015fi g\u00fczel elde edilen bu bilgilere d\u00fczensiz bilgiler denir. D\u00fczensiz bilgiler,<span class=\"excerpt-hellip\"> [\u2026]<\/span><\/p>\n","protected":false},"featured_media":0,"template":"","meta":{"_monsterinsights_skip_tracking":false,"_monsterinsights_sitenote_active":false,"_monsterinsights_sitenote_note":"","_monsterinsights_sitenote_category":0},"product_brand":[],"product_cat":[12388,13555],"product_tag":[],"class_list":{"0":"post-695419","1":"product","2":"type-product","3":"status-publish","5":"product_cat-felsefe","6":"product_cat-genel-felsefe","7":"pa_tur-kitap","8":"pa_yayinevi-dergah-yayinlari","9":"pa_yazar-nurettin-topcu","11":"first","12":"instock","13":"sale","14":"shipping-taxable","15":"purchasable","16":"product-type-simple"},"_links":{"self":[{"href":"https:\/\/roveyayinevi.com.tr\/index.php\/wp-json\/wp\/v2\/product\/695419","targetHints":{"allow":["GET"]}}],"collection":[{"href":"https:\/\/roveyayinevi.com.tr\/index.php\/wp-json\/wp\/v2\/product"}],"about":[{"href":"https:\/\/roveyayinevi.com.tr\/index.php\/wp-json\/wp\/v2\/types\/product"}],"wp:attachment":[{"href":"https:\/\/roveyayinevi.com.tr\/index.php\/wp-json\/wp\/v2\/media?parent=695419"}],"wp:term":[{"taxonomy":"product_brand","embeddable":true,"href":"https:\/\/roveyayinevi.com.tr\/index.php\/wp-json\/wp\/v2\/product_brand?post=695419"},{"taxonomy":"product_cat","embeddable":true,"href":"https:\/\/roveyayinevi.com.tr\/index.php\/wp-json\/wp\/v2\/product_cat?post=695419"},{"taxonomy":"product_tag","embeddable":true,"href":"https:\/\/roveyayinevi.com.tr\/index.php\/wp-json\/wp\/v2\/product_tag?post=695419"}],"curies":[{"name":"wp","href":"https:\/\/api.w.org\/{rel}","templated":true}]}}