{"id":695409,"date":"2025-08-27T14:28:18","date_gmt":"2025-08-27T11:28:18","guid":{"rendered":"https:\/\/roveyayinevi.com.tr\/index.php\/urun\/prenses-okulu-6-prenses-emily-ve-guzel-peri\/"},"modified":"2026-04-16T02:05:08","modified_gmt":"2026-04-15T23:05:08","slug":"prenses-okulu-6-prenses-emily-ve-guzel-peri","status":"publish","type":"product","link":"https:\/\/roveyayinevi.com.tr\/index.php\/urun\/prenses-okulu-6-prenses-emily-ve-guzel-peri\/","title":{"rendered":"Prenses Okulu 6- Prenses Emily ve G\u00fczel Peri"},"content":{"rendered":"<p>Prenses Emily, gen\u00e7 ve g\u00fczel bir Peri Anne aday\u0131 Prenses Okulu\u2019na gelince \u00e7ok sevinir. D\u00f6nem sonu toplant\u0131s\u0131na ise sadece g\u00fcnler kalm\u0131\u015ft\u0131r ve baz\u0131 dilekler \u00e7ok i\u015flerine yarayacakt\u0131r. Ancak Peri Angora sihir yapmakta pek de o kadar ba\u015far\u0131l\u0131 de\u011fildir!<\/p>\n","protected":false},"excerpt":{"rendered":"<p>Prenses Emily, gen\u00e7 ve g\u00fczel bir Peri Anne aday\u0131 Prenses Okulu\u2019na gelince \u00e7ok sevinir. D\u00f6nem sonu toplant\u0131s\u0131na ise sadece g\u00fcnler kalm\u0131\u015ft\u0131r ve baz\u0131 dilekler \u00e7ok i\u015flerine<span class=\"excerpt-hellip\"> [\u2026]<\/span><\/p>\n","protected":false},"featured_media":0,"template":"","meta":{"_monsterinsights_skip_tracking":false,"_monsterinsights_sitenote_active":false,"_monsterinsights_sitenote_note":"","_monsterinsights_sitenote_category":0},"product_brand":[],"product_cat":[12275,12274],"product_tag":[],"class_list":{"0":"post-695409","1":"product","2":"type-product","3":"status-publish","5":"product_cat-6-12-yas-kitaplari","6":"product_cat-cocuk-ve-genclik-kitaplari","7":"pa_cilt-ciltsiz","8":"pa_tur-kitap","9":"pa_yayinevi-dogan-egmont-yayincilik","10":"pa_yazar-vivian-french","12":"first","13":"instock","14":"sale","15":"shipping-taxable","16":"purchasable","17":"product-type-simple"},"_links":{"self":[{"href":"https:\/\/roveyayinevi.com.tr\/index.php\/wp-json\/wp\/v2\/product\/695409","targetHints":{"allow":["GET"]}}],"collection":[{"href":"https:\/\/roveyayinevi.com.tr\/index.php\/wp-json\/wp\/v2\/product"}],"about":[{"href":"https:\/\/roveyayinevi.com.tr\/index.php\/wp-json\/wp\/v2\/types\/product"}],"wp:attachment":[{"href":"https:\/\/roveyayinevi.com.tr\/index.php\/wp-json\/wp\/v2\/media?parent=695409"}],"wp:term":[{"taxonomy":"product_brand","embeddable":true,"href":"https:\/\/roveyayinevi.com.tr\/index.php\/wp-json\/wp\/v2\/product_brand?post=695409"},{"taxonomy":"product_cat","embeddable":true,"href":"https:\/\/roveyayinevi.com.tr\/index.php\/wp-json\/wp\/v2\/product_cat?post=695409"},{"taxonomy":"product_tag","embeddable":true,"href":"https:\/\/roveyayinevi.com.tr\/index.php\/wp-json\/wp\/v2\/product_tag?post=695409"}],"curies":[{"name":"wp","href":"https:\/\/api.w.org\/{rel}","templated":true}]}}