{"id":695400,"date":"2025-08-27T14:28:16","date_gmt":"2025-08-27T11:28:16","guid":{"rendered":"https:\/\/roveyayinevi.com.tr\/index.php\/urun\/ilkogretim-resimli-turkce-sozluk\/"},"modified":"2026-04-16T02:05:08","modified_gmt":"2026-04-15T23:05:08","slug":"ilkogretim-resimli-turkce-sozluk","status":"publish","type":"product","link":"https:\/\/roveyayinevi.com.tr\/index.php\/urun\/ilkogretim-resimli-turkce-sozluk\/","title":{"rendered":"\u0130lk\u00f6\u011fretim Resimli T\u00fcrk\u00e7e S\u00f6zl\u00fck"},"content":{"rendered":"<p>\u0130lk\u00f6\u011fretim Resimli T\u00fcrk\u00e7e S\u00f6zl\u00fckTDK Kurallar\u0131na UygunEvrensel \u0130leti\u015fim Yay\u0131nlar\u0131<\/p>\n","protected":false},"excerpt":{"rendered":"<p>\u0130lk\u00f6\u011fretim Resimli T\u00fcrk\u00e7e S\u00f6zl\u00fckTDK Kurallar\u0131na UygunEvrensel \u0130leti\u015fim Yay\u0131nlar\u0131<\/p>\n","protected":false},"featured_media":0,"template":"","meta":{"_monsterinsights_skip_tracking":false,"_monsterinsights_sitenote_active":false,"_monsterinsights_sitenote_note":"","_monsterinsights_sitenote_category":0},"product_brand":[],"product_cat":[12566,13611,19496],"product_tag":[],"class_list":{"0":"post-695400","1":"product","2":"type-product","3":"status-publish","5":"product_cat-egitim","6":"product_cat-sozlukler-ve-konusma-kilavuzlari","7":"product_cat-turkce-sozlukler","8":"pa_cilt-ciltsiz","9":"pa_tur-kitap","10":"pa_yayinevi-evrensel-iletisim-yayinlari","11":"pa_yazar-rustu-aydogan","13":"first","14":"instock","15":"sale","16":"shipping-taxable","17":"purchasable","18":"product-type-simple"},"_links":{"self":[{"href":"https:\/\/roveyayinevi.com.tr\/index.php\/wp-json\/wp\/v2\/product\/695400","targetHints":{"allow":["GET"]}}],"collection":[{"href":"https:\/\/roveyayinevi.com.tr\/index.php\/wp-json\/wp\/v2\/product"}],"about":[{"href":"https:\/\/roveyayinevi.com.tr\/index.php\/wp-json\/wp\/v2\/types\/product"}],"wp:attachment":[{"href":"https:\/\/roveyayinevi.com.tr\/index.php\/wp-json\/wp\/v2\/media?parent=695400"}],"wp:term":[{"taxonomy":"product_brand","embeddable":true,"href":"https:\/\/roveyayinevi.com.tr\/index.php\/wp-json\/wp\/v2\/product_brand?post=695400"},{"taxonomy":"product_cat","embeddable":true,"href":"https:\/\/roveyayinevi.com.tr\/index.php\/wp-json\/wp\/v2\/product_cat?post=695400"},{"taxonomy":"product_tag","embeddable":true,"href":"https:\/\/roveyayinevi.com.tr\/index.php\/wp-json\/wp\/v2\/product_tag?post=695400"}],"curies":[{"name":"wp","href":"https:\/\/api.w.org\/{rel}","templated":true}]}}