{"id":695381,"date":"2025-08-27T14:28:11","date_gmt":"2025-08-27T11:28:11","guid":{"rendered":"https:\/\/roveyayinevi.com.tr\/index.php\/urun\/bana-allah-yeter\/"},"modified":"2026-04-16T02:05:08","modified_gmt":"2026-04-15T23:05:08","slug":"bana-allah-yeter","status":"publish","type":"product","link":"https:\/\/roveyayinevi.com.tr\/index.php\/urun\/bana-allah-yeter\/","title":{"rendered":"Bana Allah Yeter"},"content":{"rendered":"<p>Seni terk eden insanlar olacakt\u0131r, b\u0131rak hepsi terk etsin.\u0130nsan d\u00fcnyadan uzakla\u015ft\u0131k\u00e7a Rabb&#8217;ine yak\u0131nla\u015f\u0131r.O&#8217;nun dostlu\u011fu ile yeniden do\u011far&#8230; <\/p>\n","protected":false},"excerpt":{"rendered":"<p>Seni terk eden insanlar olacakt\u0131r, b\u0131rak hepsi terk etsin.\u0130nsan d\u00fcnyadan uzakla\u015ft\u0131k\u00e7a Rabb&#8217;ine yak\u0131nla\u015f\u0131r.O&#8217;nun dostlu\u011fu ile yeniden do\u011far&#8230;<\/p>\n","protected":false},"featured_media":0,"template":"","meta":{"_monsterinsights_skip_tracking":false,"_monsterinsights_sitenote_active":false,"_monsterinsights_sitenote_note":"","_monsterinsights_sitenote_category":0},"product_brand":[],"product_cat":[13036,12718,12719],"product_tag":[],"class_list":{"0":"post-695381","1":"product","2":"type-product","3":"status-publish","5":"product_cat-arastirma-inceleme-islam","6":"product_cat-din","7":"product_cat-islam","8":"pa_cilt-ciltsiz","9":"pa_tur-kitap","10":"pa_yayinevi-destek-yayinlari","11":"pa_yazar-ugur-kosar","13":"first","14":"instock","15":"sale","16":"shipping-taxable","17":"purchasable","18":"product-type-simple"},"_links":{"self":[{"href":"https:\/\/roveyayinevi.com.tr\/index.php\/wp-json\/wp\/v2\/product\/695381","targetHints":{"allow":["GET"]}}],"collection":[{"href":"https:\/\/roveyayinevi.com.tr\/index.php\/wp-json\/wp\/v2\/product"}],"about":[{"href":"https:\/\/roveyayinevi.com.tr\/index.php\/wp-json\/wp\/v2\/types\/product"}],"wp:attachment":[{"href":"https:\/\/roveyayinevi.com.tr\/index.php\/wp-json\/wp\/v2\/media?parent=695381"}],"wp:term":[{"taxonomy":"product_brand","embeddable":true,"href":"https:\/\/roveyayinevi.com.tr\/index.php\/wp-json\/wp\/v2\/product_brand?post=695381"},{"taxonomy":"product_cat","embeddable":true,"href":"https:\/\/roveyayinevi.com.tr\/index.php\/wp-json\/wp\/v2\/product_cat?post=695381"},{"taxonomy":"product_tag","embeddable":true,"href":"https:\/\/roveyayinevi.com.tr\/index.php\/wp-json\/wp\/v2\/product_tag?post=695381"}],"curies":[{"name":"wp","href":"https:\/\/api.w.org\/{rel}","templated":true}]}}