{"id":695376,"date":"2025-08-27T14:28:10","date_gmt":"2025-08-27T11:28:10","guid":{"rendered":"https:\/\/roveyayinevi.com.tr\/index.php\/urun\/merhaba\/"},"modified":"2026-04-16T02:05:08","modified_gmt":"2026-04-15T23:05:08","slug":"merhaba","status":"publish","type":"product","link":"https:\/\/roveyayinevi.com.tr\/index.php\/urun\/merhaba\/","title":{"rendered":"Merhaba"},"content":{"rendered":"<p>Bu kitab\u0131 haz\u0131rlarken gazete f\u0131kras\u0131 konusunda vard\u0131\u011f\u0131m sonu\u00e7 \u015fudur; \u0130yi bir gazete f\u0131kras\u0131, kitapl\u0131k de\u011feri olmayan yaz\u0131d\u0131r; Kitapl\u0131k de\u011feri varsa, az\u00e7ok kal\u0131c\u0131ysa, o yaz\u0131 da bir gazete f\u0131kras\u0131 de\u011fildir. \u201cMerhaba\u201d ya i\u015fte b\u00f6yle bir \u00f6l\u00e7\u00fc i\u00e7inde kitapl\u0131k de\u011feri oldu\u011funu sand\u0131\u011f\u0131m f\u0131kralar\u0131m\u0131 se\u00e7erek toplad\u0131m. <\/p>\n","protected":false},"excerpt":{"rendered":"<p>Bu kitab\u0131 haz\u0131rlarken gazete f\u0131kras\u0131 konusunda vard\u0131\u011f\u0131m sonu\u00e7 \u015fudur; \u0130yi bir gazete f\u0131kras\u0131, kitapl\u0131k de\u011feri olmayan yaz\u0131d\u0131r; Kitapl\u0131k de\u011feri varsa, az\u00e7ok kal\u0131c\u0131ysa, o yaz\u0131 da bir<span class=\"excerpt-hellip\"> [\u2026]<\/span><\/p>\n","protected":false},"featured_media":0,"template":"","meta":{"_monsterinsights_skip_tracking":false,"_monsterinsights_sitenote_active":false,"_monsterinsights_sitenote_note":"","_monsterinsights_sitenote_category":0},"product_brand":[],"product_cat":[12364],"product_tag":[],"class_list":{"0":"post-695376","1":"product","2":"type-product","3":"status-publish","5":"product_cat-genel-konular","6":"pa_tur-kitap","7":"pa_yayinevi-nesin-yayinlari","8":"pa_yazar-aziz-nesin","10":"first","11":"instock","12":"sale","13":"shipping-taxable","14":"purchasable","15":"product-type-simple"},"_links":{"self":[{"href":"https:\/\/roveyayinevi.com.tr\/index.php\/wp-json\/wp\/v2\/product\/695376","targetHints":{"allow":["GET"]}}],"collection":[{"href":"https:\/\/roveyayinevi.com.tr\/index.php\/wp-json\/wp\/v2\/product"}],"about":[{"href":"https:\/\/roveyayinevi.com.tr\/index.php\/wp-json\/wp\/v2\/types\/product"}],"wp:attachment":[{"href":"https:\/\/roveyayinevi.com.tr\/index.php\/wp-json\/wp\/v2\/media?parent=695376"}],"wp:term":[{"taxonomy":"product_brand","embeddable":true,"href":"https:\/\/roveyayinevi.com.tr\/index.php\/wp-json\/wp\/v2\/product_brand?post=695376"},{"taxonomy":"product_cat","embeddable":true,"href":"https:\/\/roveyayinevi.com.tr\/index.php\/wp-json\/wp\/v2\/product_cat?post=695376"},{"taxonomy":"product_tag","embeddable":true,"href":"https:\/\/roveyayinevi.com.tr\/index.php\/wp-json\/wp\/v2\/product_tag?post=695376"}],"curies":[{"name":"wp","href":"https:\/\/api.w.org\/{rel}","templated":true}]}}