{"id":695373,"date":"2025-08-27T14:28:09","date_gmt":"2025-08-27T11:28:09","guid":{"rendered":"https:\/\/roveyayinevi.com.tr\/index.php\/urun\/atarli-romantik\/"},"modified":"2026-04-16T02:05:08","modified_gmt":"2026-04-15T23:05:08","slug":"atarli-romantik","status":"publish","type":"product","link":"https:\/\/roveyayinevi.com.tr\/index.php\/urun\/atarli-romantik\/","title":{"rendered":"Atarl\u0131 Romantik"},"content":{"rendered":"<p>\u0130ki &#8216;yaka&#8217;s\u0131 bir araya gelmeyen koskocaman \u0130stanbul&#8217;da k\u0131rm\u0131z\u0131l\u0131 pembeli hayaller kurarken, hayal kurmay\u0131 unutmayan biri B\u00fcd\u00fc. Her sabah o lanet olas\u0131 sevmedi\u011fi i\u015fine giderken &#8216;NE G\u0130YECE\u011e\u0130M LAN BEN&#8217; diyor, \u00e7\u00fcnk\u00fc giymek \u00fczere oldu\u011fu b\u00fct\u00fcn k\u0131yafetleri \u00fct\u00fcs\u00fcz. Zaten \u00fct\u00fcl\u00fc hayat m\u0131 olur? Hayat dedi\u011fin azc\u0131k k\u0131r\u0131\u015f\u0131k olur. \u0130nsan\u0131n elleri, ayaklar\u0131, dudaklar\u0131, g\u00f6zleri a\u015fktan tutulmu\u015fken k\u0131r\u0131\u015f\u0131r hayat; en g\u00fczel \u00fct\u00fcy\u00fc getirsen yine de d\u00fczeltemezsin. Ama B\u00fcd\u00fc d\u00fczeltir, \u00e7\u00fcnk\u00fc B\u00fcd\u00fc her \u015feyin \u00fcstesinden gelir. <\/p>\n","protected":false},"excerpt":{"rendered":"<p>\u0130ki &#8216;yaka&#8217;s\u0131 bir araya gelmeyen koskocaman \u0130stanbul&#8217;da k\u0131rm\u0131z\u0131l\u0131 pembeli hayaller kurarken, hayal kurmay\u0131 unutmayan biri B\u00fcd\u00fc. Her sabah o lanet olas\u0131 sevmedi\u011fi i\u015fine giderken &#8216;NE G\u0130YECE\u011e\u0130M<span class=\"excerpt-hellip\"> [\u2026]<\/span><\/p>\n","protected":false},"featured_media":0,"template":"","meta":{"_monsterinsights_skip_tracking":false,"_monsterinsights_sitenote_active":false,"_monsterinsights_sitenote_note":"","_monsterinsights_sitenote_category":0},"product_brand":[],"product_cat":[12365,12364],"product_tag":[],"class_list":{"0":"post-695373","1":"product","2":"type-product","3":"status-publish","5":"product_cat-diger-genel-konular","6":"product_cat-genel-konular","7":"pa_tur-kitap","8":"pa_yayinevi-okuyan-us-yayin","9":"pa_yazar-velveleyeverdim","11":"first","12":"instock","13":"sale","14":"shipping-taxable","15":"purchasable","16":"product-type-simple"},"_links":{"self":[{"href":"https:\/\/roveyayinevi.com.tr\/index.php\/wp-json\/wp\/v2\/product\/695373","targetHints":{"allow":["GET"]}}],"collection":[{"href":"https:\/\/roveyayinevi.com.tr\/index.php\/wp-json\/wp\/v2\/product"}],"about":[{"href":"https:\/\/roveyayinevi.com.tr\/index.php\/wp-json\/wp\/v2\/types\/product"}],"wp:attachment":[{"href":"https:\/\/roveyayinevi.com.tr\/index.php\/wp-json\/wp\/v2\/media?parent=695373"}],"wp:term":[{"taxonomy":"product_brand","embeddable":true,"href":"https:\/\/roveyayinevi.com.tr\/index.php\/wp-json\/wp\/v2\/product_brand?post=695373"},{"taxonomy":"product_cat","embeddable":true,"href":"https:\/\/roveyayinevi.com.tr\/index.php\/wp-json\/wp\/v2\/product_cat?post=695373"},{"taxonomy":"product_tag","embeddable":true,"href":"https:\/\/roveyayinevi.com.tr\/index.php\/wp-json\/wp\/v2\/product_tag?post=695373"}],"curies":[{"name":"wp","href":"https:\/\/api.w.org\/{rel}","templated":true}]}}