{"id":695371,"date":"2025-08-27T14:28:09","date_gmt":"2025-08-27T11:28:09","guid":{"rendered":"https:\/\/roveyayinevi.com.tr\/index.php\/urun\/ol-dediler-oldum-turkiyede-sehitlik-mitleri\/"},"modified":"2026-04-16T02:05:08","modified_gmt":"2026-04-15T23:05:08","slug":"ol-dediler-oldum-turkiyede-sehitlik-mitleri","status":"publish","type":"product","link":"https:\/\/roveyayinevi.com.tr\/index.php\/urun\/ol-dediler-oldum-turkiyede-sehitlik-mitleri\/","title":{"rendered":"\u00d6l Dediler \u00d6ld\u00fcm: T\u00fcrkiye&#8217;de \u015eehitlik Mitleri"},"content":{"rendered":"<p>\u201c\u015eehitler \u00f6lmez, vatan b\u00f6l\u00fcnmez\u201d&#8230; <\/p>\n","protected":false},"excerpt":{"rendered":"<p>\u201c\u015eehitler \u00f6lmez, vatan b\u00f6l\u00fcnmez\u201d&#8230;<\/p>\n","protected":false},"featured_media":0,"template":"","meta":{"_monsterinsights_skip_tracking":false,"_monsterinsights_sitenote_active":false,"_monsterinsights_sitenote_note":"","_monsterinsights_sitenote_category":0},"product_brand":[],"product_cat":[12351,12324],"product_tag":[],"class_list":{"0":"post-695371","1":"product","2":"type-product","3":"status-publish","5":"product_cat-siyaset-sosyolojisi","6":"product_cat-sosyoloji","7":"pa_cilt-ciltsiz","8":"pa_tur-kitap","9":"pa_yayinevi-iletisim-yayinlari","10":"pa_yazar-serdar-m-degirmencioglu-der","12":"first","13":"instock","14":"sale","15":"shipping-taxable","16":"purchasable","17":"product-type-simple"},"_links":{"self":[{"href":"https:\/\/roveyayinevi.com.tr\/index.php\/wp-json\/wp\/v2\/product\/695371","targetHints":{"allow":["GET"]}}],"collection":[{"href":"https:\/\/roveyayinevi.com.tr\/index.php\/wp-json\/wp\/v2\/product"}],"about":[{"href":"https:\/\/roveyayinevi.com.tr\/index.php\/wp-json\/wp\/v2\/types\/product"}],"wp:attachment":[{"href":"https:\/\/roveyayinevi.com.tr\/index.php\/wp-json\/wp\/v2\/media?parent=695371"}],"wp:term":[{"taxonomy":"product_brand","embeddable":true,"href":"https:\/\/roveyayinevi.com.tr\/index.php\/wp-json\/wp\/v2\/product_brand?post=695371"},{"taxonomy":"product_cat","embeddable":true,"href":"https:\/\/roveyayinevi.com.tr\/index.php\/wp-json\/wp\/v2\/product_cat?post=695371"},{"taxonomy":"product_tag","embeddable":true,"href":"https:\/\/roveyayinevi.com.tr\/index.php\/wp-json\/wp\/v2\/product_tag?post=695371"}],"curies":[{"name":"wp","href":"https:\/\/api.w.org\/{rel}","templated":true}]}}