{"id":695360,"date":"2025-08-27T14:28:06","date_gmt":"2025-08-27T11:28:06","guid":{"rendered":"https:\/\/roveyayinevi.com.tr\/index.php\/urun\/cavit-binbasioglunun-turk-egitim-ve-kultur-hayatina-hizmetleri\/"},"modified":"2026-04-16T02:05:07","modified_gmt":"2026-04-15T23:05:07","slug":"cavit-binbasioglunun-turk-egitim-ve-kultur-hayatina-hizmetleri","status":"publish","type":"product","link":"https:\/\/roveyayinevi.com.tr\/index.php\/urun\/cavit-binbasioglunun-turk-egitim-ve-kultur-hayatina-hizmetleri\/","title":{"rendered":"Cavit Binba\u015f\u0131o\u011flu\u2019nun T\u00fcrk E\u011fitim ve K\u00fclt\u00fcr Hayat\u0131na Hizmetleri"},"content":{"rendered":"<p>Yak\u0131n bir zamanda hayat\u0131n\u0131 kaybeden ve T\u00fcrk e\u011fitim tarihinde \u00f6nemli bir yere sahip olan e\u011fitimci Cavit Binba\u015f\u0131o\u011flu&#8217;nun alan\u0131na sa\u011flam\u0131\u015f oldu\u011fu katk\u0131lar\u0131n de\u011ferini hen\u00fcz kendisi hayattayken tespit etmi\u015f olan eser, ayn\u0131 zamanda Binba\u015f\u0131o\u011flu&#8217;nun onlarca y\u0131ll\u0131k birikimini anlama f\u0131rsat\u0131n\u0131 da sa\u011fl\u0131yor. \ufffcTan\u0131t\u0131m Metni<\/p>\n","protected":false},"excerpt":{"rendered":"<p>Yak\u0131n bir zamanda hayat\u0131n\u0131 kaybeden ve T\u00fcrk e\u011fitim tarihinde \u00f6nemli bir yere sahip olan e\u011fitimci Cavit Binba\u015f\u0131o\u011flu&#8217;nun alan\u0131na sa\u011flam\u0131\u015f oldu\u011fu katk\u0131lar\u0131n de\u011ferini hen\u00fcz kendisi hayattayken tespit<span class=\"excerpt-hellip\"> [\u2026]<\/span><\/p>\n","protected":false},"featured_media":0,"template":"","meta":{"_monsterinsights_skip_tracking":false,"_monsterinsights_sitenote_active":false,"_monsterinsights_sitenote_note":"","_monsterinsights_sitenote_category":0},"product_brand":[],"product_cat":[14009,12291],"product_tag":[],"class_list":{"0":"post-695360","1":"product","2":"type-product","3":"status-publish","5":"product_cat-biyografi-otobiyografi-edebiyat","6":"product_cat-edebiyat","7":"pa_cilt-ciltsiz","8":"pa_tur-kitap","9":"pa_yayinevi-ani-yayincilik","10":"pa_yazar-ozlem-goger","12":"first","13":"instock","14":"sale","15":"shipping-taxable","16":"purchasable","17":"product-type-simple"},"_links":{"self":[{"href":"https:\/\/roveyayinevi.com.tr\/index.php\/wp-json\/wp\/v2\/product\/695360","targetHints":{"allow":["GET"]}}],"collection":[{"href":"https:\/\/roveyayinevi.com.tr\/index.php\/wp-json\/wp\/v2\/product"}],"about":[{"href":"https:\/\/roveyayinevi.com.tr\/index.php\/wp-json\/wp\/v2\/types\/product"}],"wp:attachment":[{"href":"https:\/\/roveyayinevi.com.tr\/index.php\/wp-json\/wp\/v2\/media?parent=695360"}],"wp:term":[{"taxonomy":"product_brand","embeddable":true,"href":"https:\/\/roveyayinevi.com.tr\/index.php\/wp-json\/wp\/v2\/product_brand?post=695360"},{"taxonomy":"product_cat","embeddable":true,"href":"https:\/\/roveyayinevi.com.tr\/index.php\/wp-json\/wp\/v2\/product_cat?post=695360"},{"taxonomy":"product_tag","embeddable":true,"href":"https:\/\/roveyayinevi.com.tr\/index.php\/wp-json\/wp\/v2\/product_tag?post=695360"}],"curies":[{"name":"wp","href":"https:\/\/api.w.org\/{rel}","templated":true}]}}