{"id":695358,"date":"2025-08-27T14:28:05","date_gmt":"2025-08-27T11:28:05","guid":{"rendered":"https:\/\/roveyayinevi.com.tr\/index.php\/urun\/kara-delikte-bir-yolculuk-ve-tersine-ya-da-sapkin-ayetler\/"},"modified":"2026-04-16T02:05:07","modified_gmt":"2026-04-15T23:05:07","slug":"kara-delikte-bir-yolculuk-ve-tersine-ya-da-sapkin-ayetler","status":"publish","type":"product","link":"https:\/\/roveyayinevi.com.tr\/index.php\/urun\/kara-delikte-bir-yolculuk-ve-tersine-ya-da-sapkin-ayetler\/","title":{"rendered":"Kara Delikte Bir Yolculuk ve Tersine ya da Sapk\u0131n Ayetler"},"content":{"rendered":"<p>\u00d6zdemir \u0130nce&#8217;nin son kitab\u0131 yine al\u0131\u015f\u0131lm\u0131\u015f\u0131n d\u0131\u015f\u0131nda, \u00e7arp\u0131c\u0131, etkileyici, hayata ve insana dair\u2026Yazar, kitab\u0131nda T\u00fcrkiye&#8217;de ya\u015fayan insanlar\u0131n s\u00f6ylemek isteyip de s\u00f6yleyemedi\u011fi duygular\u0131 dile getiriyor. <\/p>\n","protected":false},"excerpt":{"rendered":"<p>\u00d6zdemir \u0130nce&#8217;nin son kitab\u0131 yine al\u0131\u015f\u0131lm\u0131\u015f\u0131n d\u0131\u015f\u0131nda, \u00e7arp\u0131c\u0131, etkileyici, hayata ve insana dair\u2026Yazar, kitab\u0131nda T\u00fcrkiye&#8217;de ya\u015fayan insanlar\u0131n s\u00f6ylemek isteyip de s\u00f6yleyemedi\u011fi duygular\u0131 dile getiriyor.<\/p>\n","protected":false},"featured_media":0,"template":"","meta":{"_monsterinsights_skip_tracking":false,"_monsterinsights_sitenote_active":false,"_monsterinsights_sitenote_note":"","_monsterinsights_sitenote_category":0},"product_brand":[],"product_cat":[12291,14825],"product_tag":[],"class_list":{"0":"post-695358","1":"product","2":"type-product","3":"status-publish","5":"product_cat-edebiyat","6":"product_cat-mizah","7":"pa_tur-kitap","8":"pa_yayinevi-kaynak-yayinlari","9":"pa_yazar-ozdemir-ince","11":"first","12":"instock","13":"sale","14":"shipping-taxable","15":"purchasable","16":"product-type-simple"},"_links":{"self":[{"href":"https:\/\/roveyayinevi.com.tr\/index.php\/wp-json\/wp\/v2\/product\/695358","targetHints":{"allow":["GET"]}}],"collection":[{"href":"https:\/\/roveyayinevi.com.tr\/index.php\/wp-json\/wp\/v2\/product"}],"about":[{"href":"https:\/\/roveyayinevi.com.tr\/index.php\/wp-json\/wp\/v2\/types\/product"}],"wp:attachment":[{"href":"https:\/\/roveyayinevi.com.tr\/index.php\/wp-json\/wp\/v2\/media?parent=695358"}],"wp:term":[{"taxonomy":"product_brand","embeddable":true,"href":"https:\/\/roveyayinevi.com.tr\/index.php\/wp-json\/wp\/v2\/product_brand?post=695358"},{"taxonomy":"product_cat","embeddable":true,"href":"https:\/\/roveyayinevi.com.tr\/index.php\/wp-json\/wp\/v2\/product_cat?post=695358"},{"taxonomy":"product_tag","embeddable":true,"href":"https:\/\/roveyayinevi.com.tr\/index.php\/wp-json\/wp\/v2\/product_tag?post=695358"}],"curies":[{"name":"wp","href":"https:\/\/api.w.org\/{rel}","templated":true}]}}