{"id":695356,"date":"2025-08-27T14:28:05","date_gmt":"2025-08-27T11:28:05","guid":{"rendered":"https:\/\/roveyayinevi.com.tr\/index.php\/urun\/golgede-kirk-derece\/"},"modified":"2026-04-16T02:05:07","modified_gmt":"2026-04-15T23:05:07","slug":"golgede-kirk-derece","status":"publish","type":"product","link":"https:\/\/roveyayinevi.com.tr\/index.php\/urun\/golgede-kirk-derece\/","title":{"rendered":"G\u00f6lgede K\u0131rk Derece"},"content":{"rendered":"<p>Fark\u0131nda olsak da olmasak da, g\u00f6lgede k\u0131rk derecede ge\u00e7er \u00e7o\u011fumuzun ya\u015fam\u0131, yak\u0131c\u0131, kavurucu ili\u015fkilerin g\u00f6lgesinde s\u00fcr\u00fcp gider. Ya\u015famlar\u0131m\u0131z\u0131n iklimini belirleyen yaz\u0131lmam\u0131\u015f kurallara, dayat\u0131lan rollere, giydirilen k\u0131yafetlere ba\u015fkald\u0131rabiliriz, ya da uyum sa\u011flayabiliriz. \u0130nci Aral her zamanki ustal\u0131\u011f\u0131yla sakl\u0131 i\u00e7 d\u00fcnyalar\u0131n haritas\u0131n\u0131 \u00e7\u0131kar\u0131rken bir kez daha sorguluyor ya\u015famlar\u0131m\u0131z\u0131n derinli\u011fini. \u201cG\u00f6lgede K\u0131rk Derece durgun kad\u0131nl\u0131k ya\u015fant\u0131lar\u0131ndaki y\u00fckl\u00fc yak\u0131c\u0131l\u0131\u011f\u0131 an\u0131lar\u0131m\u0131zda, duygular\u0131m\u0131zda, sezi\u015flerimizde var eden \u00e7ok g\u00fc\u00e7l\u00fc metinlerden olu\u015fmu\u015f bir \u00f6yk\u00fc kitab\u0131. \u0130nci Aral\u2019\u0131n \u00f6yk\u00fcleri hem derin hem geni\u015ftir. Ac\u0131t\u0131c\u0131 i\u00e7tenlikleri cinsel karma\u015fan\u0131n alt katmanlar\u0131na ne\u015fter gibi iner, bilin\u00e7alt\u0131ndan f\u0131\u015fk\u0131ran r\u00fcyalar\u0131n mant\u0131\u011fa belirsiz g\u00f6r\u00fcnen ipu\u00e7lar\u0131n\u0131 yakalar.\u201d Erendiz Atas\u00fc, Cumhuriyet Kitap \u201cG\u00f6lgede K\u0131rk Derece insan\u0131n i\u00e7 evreninde sakl\u0131 haritalar\u0131, g\u00f6m\u00fcl\u00fc olan\u0131 bulman\u0131n ve yeniden yola \u00e7\u0131kmalar\u0131n kitab\u0131. \u00d6yk\u00fcler d\u00fc\u015f ve ger\u00e7e\u011fin bulu\u015ftu\u011fu\/kesi\u015fti\u011fi yerlerde geziniyor. Bir tuvale \u00e7izilmi\u015f\u00e7esine renkli ve canl\u0131 betimlemelerle ikili ili\u015fkilerdeki \u00e7\u0131k\u0131\u015fs\u0131zl\u0131k ve farkl\u0131 ba\u015flang\u0131\u00e7lar vurgulan\u0131yor. \u0130nci Aral&#8230; a\u015fk\u0131n, tutkunun, \u00f6l\u00fcm\u00fcn, \u00e7o\u011ful sessizli\u011fin ve dirimin yeni izd\u00fc\u015f\u00fcmlerini yans\u0131t\u0131yor.\u201d Ufuk Acuner, Varl\u0131k <\/p>\n","protected":false},"excerpt":{"rendered":"<p>Fark\u0131nda olsak da olmasak da, g\u00f6lgede k\u0131rk derecede ge\u00e7er \u00e7o\u011fumuzun ya\u015fam\u0131, yak\u0131c\u0131, kavurucu ili\u015fkilerin g\u00f6lgesinde s\u00fcr\u00fcp gider. Ya\u015famlar\u0131m\u0131z\u0131n iklimini belirleyen yaz\u0131lmam\u0131\u015f kurallara, dayat\u0131lan rollere, giydirilen k\u0131yafetlere<span class=\"excerpt-hellip\"> [\u2026]<\/span><\/p>\n","protected":false},"featured_media":0,"template":"","meta":{"_monsterinsights_skip_tracking":false,"_monsterinsights_sitenote_active":false,"_monsterinsights_sitenote_note":"","_monsterinsights_sitenote_category":0},"product_brand":[],"product_cat":[12291,12711],"product_tag":[],"class_list":{"0":"post-695356","1":"product","2":"type-product","3":"status-publish","5":"product_cat-edebiyat","6":"product_cat-roman-oyku","7":"pa_cilt-ciltsiz","8":"pa_tur-kitap","9":"pa_yayinevi-kirmizi-kedi-yayinevi","10":"pa_yazar-inci-aral","12":"first","13":"instock","14":"sale","15":"shipping-taxable","16":"purchasable","17":"product-type-simple"},"_links":{"self":[{"href":"https:\/\/roveyayinevi.com.tr\/index.php\/wp-json\/wp\/v2\/product\/695356","targetHints":{"allow":["GET"]}}],"collection":[{"href":"https:\/\/roveyayinevi.com.tr\/index.php\/wp-json\/wp\/v2\/product"}],"about":[{"href":"https:\/\/roveyayinevi.com.tr\/index.php\/wp-json\/wp\/v2\/types\/product"}],"wp:attachment":[{"href":"https:\/\/roveyayinevi.com.tr\/index.php\/wp-json\/wp\/v2\/media?parent=695356"}],"wp:term":[{"taxonomy":"product_brand","embeddable":true,"href":"https:\/\/roveyayinevi.com.tr\/index.php\/wp-json\/wp\/v2\/product_brand?post=695356"},{"taxonomy":"product_cat","embeddable":true,"href":"https:\/\/roveyayinevi.com.tr\/index.php\/wp-json\/wp\/v2\/product_cat?post=695356"},{"taxonomy":"product_tag","embeddable":true,"href":"https:\/\/roveyayinevi.com.tr\/index.php\/wp-json\/wp\/v2\/product_tag?post=695356"}],"curies":[{"name":"wp","href":"https:\/\/api.w.org\/{rel}","templated":true}]}}