{"id":695355,"date":"2025-08-27T14:28:04","date_gmt":"2025-08-27T11:28:04","guid":{"rendered":"https:\/\/roveyayinevi.com.tr\/index.php\/urun\/erkekligin-100-kurali\/"},"modified":"2026-04-16T02:05:07","modified_gmt":"2026-04-15T23:05:07","slug":"erkekligin-100-kurali","status":"publish","type":"product","link":"https:\/\/roveyayinevi.com.tr\/index.php\/urun\/erkekligin-100-kurali\/","title":{"rendered":"Erkekli\u011fin 100 Kural\u0131"},"content":{"rendered":"<p>Eskiden erkek olmak kolayd\u0131. Sa\u00e7lar\u0131 k\u0131sac\u0131k ya da haval\u0131 \u015fekilde kestirmek, top oynamak, kas yapmak ve motordan anlamak yetiyordu. Bunlar\u0131 yapt\u0131n\u0131z m\u0131 k\u0131zlar sizindi! Ama devir de\u011fi\u015fti, erkekli\u011fin kurallar\u0131 \u00e7o\u011fald\u0131. Art\u0131k  ger\u00e7ek erkek  olmak i\u00e7in kad\u0131nlara kibar davranmak, biraz d\u00fc\u015f\u00fcnmek ve ne yaz\u0131k ki kitap okumak da gerekiyor&#8230; Jeff Wilser kendi deneyimlerine dayanarak erkekli\u011fin 100 kural\u0131n\u0131 sizin i\u00e7in bir araya getirdi. \u0130\u015fte bunlardan birka\u00e7\u0131: -Mangal adam\u0131 olun. -Mast\u00fcrbasyonla ilgili espri yapmay\u0131n. -Biray\u0131 kafaya dikmeyi bilin, ama dikmeyin. -Fazla konu\u015fmay\u0131n. -En az\u0131ndan bir tane \u00e7ok iyi gey arkada\u015f\u0131n\u0131z olsun. -Sutyeni yard\u0131m almadan \u00e7\u00f6z\u00fcn. -K\u00f6pe\u011finiz tost makinesinden b\u00fcy\u00fck olsun. Tabii siz yine de bu kurallara k\u00f6r\u00fc k\u00f6r\u00fcne uymay\u0131n! Ne de olsa kurallar \u00e7i\u011fnenmek i\u00e7indir&#8230; <\/p>\n","protected":false},"excerpt":{"rendered":"<p>Eskiden erkek olmak kolayd\u0131. Sa\u00e7lar\u0131 k\u0131sac\u0131k ya da haval\u0131 \u015fekilde kestirmek, top oynamak, kas yapmak ve motordan anlamak yetiyordu. Bunlar\u0131 yapt\u0131n\u0131z m\u0131 k\u0131zlar sizindi! Ama devir<span class=\"excerpt-hellip\"> [\u2026]<\/span><\/p>\n","protected":false},"featured_media":0,"template":"","meta":{"_monsterinsights_skip_tracking":false,"_monsterinsights_sitenote_active":false,"_monsterinsights_sitenote_note":"","_monsterinsights_sitenote_category":0},"product_brand":[],"product_cat":[13005,13006],"product_tag":[],"class_list":{"0":"post-695355","1":"product","2":"type-product","3":"status-publish","5":"product_cat-bilim-muhendislik","6":"product_cat-populer-bilim","7":"pa_cilt-ciltsiz","8":"pa_tur-kitap","9":"pa_yayinevi-omega","10":"pa_yazar-jeff-wilser","12":"first","13":"instock","14":"sale","15":"shipping-taxable","16":"purchasable","17":"product-type-simple"},"_links":{"self":[{"href":"https:\/\/roveyayinevi.com.tr\/index.php\/wp-json\/wp\/v2\/product\/695355","targetHints":{"allow":["GET"]}}],"collection":[{"href":"https:\/\/roveyayinevi.com.tr\/index.php\/wp-json\/wp\/v2\/product"}],"about":[{"href":"https:\/\/roveyayinevi.com.tr\/index.php\/wp-json\/wp\/v2\/types\/product"}],"wp:attachment":[{"href":"https:\/\/roveyayinevi.com.tr\/index.php\/wp-json\/wp\/v2\/media?parent=695355"}],"wp:term":[{"taxonomy":"product_brand","embeddable":true,"href":"https:\/\/roveyayinevi.com.tr\/index.php\/wp-json\/wp\/v2\/product_brand?post=695355"},{"taxonomy":"product_cat","embeddable":true,"href":"https:\/\/roveyayinevi.com.tr\/index.php\/wp-json\/wp\/v2\/product_cat?post=695355"},{"taxonomy":"product_tag","embeddable":true,"href":"https:\/\/roveyayinevi.com.tr\/index.php\/wp-json\/wp\/v2\/product_tag?post=695355"}],"curies":[{"name":"wp","href":"https:\/\/api.w.org\/{rel}","templated":true}]}}