{"id":695354,"date":"2025-08-27T14:28:04","date_gmt":"2025-08-27T11:28:04","guid":{"rendered":"https:\/\/roveyayinevi.com.tr\/index.php\/urun\/sehir-mektuplari\/"},"modified":"2025-09-13T13:36:25","modified_gmt":"2025-09-13T10:36:25","slug":"sehir-mektuplari","status":"publish","type":"product","link":"https:\/\/roveyayinevi.com.tr\/index.php\/urun\/sehir-mektuplari\/","title":{"rendered":"\u015eehir Mektuplar\u0131"},"content":{"rendered":"<p>Yaz geldi mi insan, \u015fehrimizi boydan boya ku\u015fatan ve her biri ayr\u0131 ayr\u0131 bir e\u015fsiz bahar \u00fclkesini and\u0131ran gezinti yerlerine gitmek hevesinden de kendini alam\u0131yor. Mesela Bo\u011faz&#8217;\u0131n Hisarlar&#8217;dan \u00f6tede ne kadar semti, mahallesi varsa oralarda hi\u00e7 olmazsa bir gece kalmak; Adalar&#8217;\u0131 s\u0131ras\u0131yla gezmek, Kad\u0131k\u00f6y&#8217;den ba\u015flayarak Kalam\u0131\u015f, Fener, K\u0131z\u0131ltoprak, G\u00f6ztepe, Erenk\u00f6y, Maltepe, Kartal taraf\u0131na do\u011fru uzanmak, benim gibi haval\u0131 kimselere hemen hemen ya\u015fam\u0131n\u0131n bir \u015fart\u0131ym\u0131\u015f gibi geliyor&#8230; <\/p>\n","protected":false},"excerpt":{"rendered":"<p>Yaz geldi mi insan, \u015fehrimizi boydan boya ku\u015fatan ve her biri ayr\u0131 ayr\u0131 bir e\u015fsiz bahar \u00fclkesini and\u0131ran gezinti yerlerine gitmek hevesinden de kendini alam\u0131yor. Mesela<span class=\"excerpt-hellip\"> [\u2026]<\/span><\/p>\n","protected":false},"featured_media":0,"template":"","meta":{"_monsterinsights_skip_tracking":false,"_monsterinsights_sitenote_active":false,"_monsterinsights_sitenote_note":"","_monsterinsights_sitenote_category":0},"product_brand":[],"product_cat":[12364],"product_tag":[],"class_list":{"0":"post-695354","1":"product","2":"type-product","3":"status-publish","5":"product_cat-genel-konular","6":"pa_tur-kitap","7":"pa_yayinevi-iskele-yayincilik","8":"pa_yazar-ahmet-rasim","10":"first","11":"instock","12":"sale","13":"shipping-taxable","14":"purchasable","15":"product-type-simple"},"_links":{"self":[{"href":"https:\/\/roveyayinevi.com.tr\/index.php\/wp-json\/wp\/v2\/product\/695354","targetHints":{"allow":["GET"]}}],"collection":[{"href":"https:\/\/roveyayinevi.com.tr\/index.php\/wp-json\/wp\/v2\/product"}],"about":[{"href":"https:\/\/roveyayinevi.com.tr\/index.php\/wp-json\/wp\/v2\/types\/product"}],"wp:attachment":[{"href":"https:\/\/roveyayinevi.com.tr\/index.php\/wp-json\/wp\/v2\/media?parent=695354"}],"wp:term":[{"taxonomy":"product_brand","embeddable":true,"href":"https:\/\/roveyayinevi.com.tr\/index.php\/wp-json\/wp\/v2\/product_brand?post=695354"},{"taxonomy":"product_cat","embeddable":true,"href":"https:\/\/roveyayinevi.com.tr\/index.php\/wp-json\/wp\/v2\/product_cat?post=695354"},{"taxonomy":"product_tag","embeddable":true,"href":"https:\/\/roveyayinevi.com.tr\/index.php\/wp-json\/wp\/v2\/product_tag?post=695354"}],"curies":[{"name":"wp","href":"https:\/\/api.w.org\/{rel}","templated":true}]}}